{"id":2737,"date":"2026-05-05T18:11:35","date_gmt":"2026-05-05T18:11:35","guid":{"rendered":"https:\/\/smagawonderland.com\/?post_type=product&#038;p=2737"},"modified":"2026-05-05T18:11:35","modified_gmt":"2026-05-05T18:11:35","slug":"rozowa-lampa-do-salonu","status":"publish","type":"product","link":"https:\/\/smagawonderland.com\/de\/produkt\/rozowa-lampa-do-salonu\/","title":{"rendered":"Nastrojowa Lampa do Salonu."},"content":{"rendered":"<h2>Lampa Hana \u2014 po japo\u0144sku kwiat.<\/h2>\n<p>Jej drewniany aba\u017cur buduj\u0105 powtarzalne elementy ze sklejki, ka\u017cdy szlifowany r\u0119cznie. Razem tworz\u0105 struktur\u0119, kt\u00f3ra w dzie\u0144 przyci\u0105ga wzrok jako geometryczna lampa wisz\u0105ca, a po zmierzchu rozpuszcza si\u0119 w ciep\u0142ym, nastrojowym blasku.<br \/>\nW\u0142\u0105czona rzuca mi\u0119kki, r\u00f3\u017cowy refleks na \u015bcian\u0119. Zmieni nastr\u00f3j pokoju, zanim jeszcze usi\u0105dziesz.<br \/>\nJako g\u0142\u00f3wna lampa do sypialni, nastrojowe o\u015bwietlenie do salonu lub wyrazisty akcent do pokoju dzieci\u0119cego \u2014 to projekt dla tych, kt\u00f3rzy w minimalizmie i stylu japandi szukaj\u0105 czego\u015b wi\u0119cej ni\u017c pustej \u015bciany.<br \/>\nZaprojektowana dla przestrzeni, kt\u00f3re nie chc\u0105 by\u0107 perfekcyjne, tylko wyraziste.<\/p>\n<hr data-start=\"1389\" data-end=\"1392\" \/>\n<h3 data-start=\"1394\" data-end=\"1417\">W\u00e4hle deinen perfekten Farbton<\/h3>\n<ul>\n<li>\n<p data-path-to-node=\"12\">Kolekcja Hana oferuje 5 unikalnych kolor\u00f3w, pozwalaj\u0105c na idealne dopasowanie do Twojego wn\u0119trza:<\/p>\n<ul data-path-to-node=\"13\">\n<li>\n<p data-path-to-node=\"13,0,0\" class=\"translation-block\"><b data-path-to-node=\"\u201e13,0,0\u201c\" data-index-in-node=\"\u201e0\u201c\">Baumwollpapier (50 % Baumwolle):<\/b> Ein \u00e4u\u00dferst strapazierf\u00e4higes, durchgef\u00e4rbtes Papier mit einer glatten, eleganten Struktur. Erh\u00e4ltlich in den Farbt\u00f6nen: zartes Rosa (<b data-path-to-node=\"\u201e13,0,0\u201c\" data-index-in-node=\"\u201a151\u2018\">Rose<\/b>), sattes Himbeerrot (<b data-path-to-node=\"\u201e13,0,0\u201c\" data-index-in-node=\"\u201e176\u201c\">Raspberry<\/b>), klassischem venezianischem Rosa (<b data-path-to-node=\"\u201e13,0,0\u201c\" data-index-in-node=\"\u201e217\u201c\">Venetian Pink<\/b>) sowie tiefem Violett (<b data-path-to-node=\"\u201e13,0,0\u201c\" data-index-in-node=\"\u201e257\u201c\">Violet<\/b>).<\/p>\n<\/li>\n<li>\n<p data-path-to-node=\"13,1,0\" class=\"translation-block\"><b data-path-to-node=\"\u201e13,1,0\u201c\" data-index-in-node=\"\u201e0\u201c\">Lokta-Papier (100 % aus Lorbeerrinde): <\/b> Traditionelles nepalesisches Papier mit einer ausgepr\u00e4gten, organischen und rauen Struktur, erh\u00e4ltlich in der Farbe <b data-path-to-node=\"\u201e13,1,0\u201c\" data-index-in-node=\"\u201e130\u201c\">Pink Lokta<\/b>.<\/p>\n<\/li>\n<\/ul>\n<\/li>\n<\/ul>\n<hr data-start=\"1566\" data-end=\"1569\" \/>\n<h3 data-start=\"1571\" data-end=\"1609\">Eine Langlebigkeit, die \u00fcberrascht (Leicht zu reinigen)<\/h3>\n<p data-path-to-node=\"10\">Vergessen Sie die Bedenken, die Sie mit Lampenschirmen aus Papier haben. Unsere Materialien wurden sorgf\u00e4ltig f\u00fcr den t\u00e4glichen Gebrauch ausgew\u00e4hlt:<\/p>\n<ul data-path-to-node=\"11\">\n<li>\n<p data-path-to-node=\"11,0,0\" class=\"translation-block\"><b data-path-to-node=\"\u201e11,0,0\u201c\" data-index-in-node=\"\u201e0\u201c\">UV-Best\u00e4ndigkeit:<\/b> Die Farbstoffe sind \u00e4u\u00dferst sonnenbest\u00e4ndig, sodass die Lampe mit der Zeit nicht ausbleicht.<\/p>\n<\/li>\n<li>\n<p data-path-to-node=\"11,1,0\" class=\"translation-block\"><b data-path-to-node=\"\u201e11,1,0\u201c\" data-index-in-node=\"\u201e0\u201c\">Einfache Pflege:<\/b> Im Gegensatz zu normalem Papier k\u00f6nnen die Hana-Lampenschirme sicher und schonend mit einem leicht feuchten Tuch abgewischt werden, um Staub zu entfernen.<\/p>\n<\/li>\n<\/ul>\n<hr data-start=\"1389\" data-end=\"1392\" \/>\n<h3 data-start=\"1394\" data-end=\"1417\">Abmessungen und technische Daten<\/h3>\n<ul>\n<li aria-level=\"1\"><b>Model:<\/b> Hana<\/li>\n<li aria-level=\"1\" class=\"translation-block\"><b>Ma\u00dfe:<\/b> \u00d8 50 cm x H 25 cm<\/li>\n<li aria-level=\"1\" class=\"translation-block\"><b>Material des Lampenschirms:<\/b> Lokta-Papier oder 50 % Baumwoll-Kunstdruckpapier + Pergament<\/li>\n<li aria-level=\"1\" class=\"translation-block\"><b>Konstruktion:<\/b> Finnisches Sperrholz (FSC), lasergeschnitten<\/li>\n<li aria-level=\"1\" class=\"translation-block\"><b>Gewindetyp:<\/b> E27 (Standard)<\/li>\n<li aria-level=\"1\" class=\"translation-block\"><b>Lichtquelle:<\/b> LED-Gl\u00fchbirne E27, nicht im Lieferumfang enthalten.<\/li>\n<li aria-level=\"1\" class=\"translation-block\"><b>Maximale Leistung:<\/b> 10 W LED<\/li>\n<li aria-level=\"1\" class=\"translation-block\"><b>Lichtfarbe:<\/b> Abh\u00e4ngig von der Gl\u00fchbirne (der rosafarbene Lampenschirm verleiht dem Licht eine nat\u00fcrliche W\u00e4rme und schafft im Raum eine unglaublich gem\u00fctliche Atmosph\u00e4re)<\/li>\n<li aria-level=\"1\" class=\"translation-block\"><b>Aufh\u00e4ngung:<\/b> Kabel mit Halterung separat erh\u00e4ltlich.<\/li>\n<li aria-level=\"1\" class=\"translation-block\"><b>Stil:<\/b> Japandi, Wabi-Sabi, Skandinavisch, Organic Modern<\/li>\n<li aria-level=\"1\" class=\"translation-block\"><b>Herstellung:<\/b> Zu 100 % handgefertigt in Polen<\/li>\n<\/ul>\n<hr data-start=\"2200\" data-end=\"2203\" \/>\n<h3 data-start=\"2205\" data-end=\"2223\">Personalisierung<\/h3>\n<p data-path-to-node=\"18\">Lampa dost\u0119pna w wielu wariantach, aby idealnie dopasowa\u0107 si\u0119 do Twojego domu:<\/p>\n<ul data-path-to-node=\"19\">\n<li>\n<p data-path-to-node=\"19,0,0\">5 odcieni r\u00f3\u017cowego i fioletowego papieru (od pudrowego r\u00f3\u017cu po g\u0142\u0119bok\u0105 malin\u0119 i fiolet).<\/p>\n<\/li>\n<li>\n<p data-path-to-node=\"19,1,0\">3 wybarwienia drewna (sklejki). Wybierz zestawienie, kt\u00f3re najlepiej oddaje nastr\u00f3j Twojego wn\u0119trza.<\/p>\n<\/li>\n<\/ul>\n<p>&nbsp;<\/p>","protected":false},"excerpt":{"rendered":"<p data-path-to-node=\"5,1\">Hana (po japo\u0144sku &#8222;kwiat&#8221;) to r\u0119cznie wykonana lampa, w kt\u00f3rej a\u017curowa konstrukcja z drewna otula trwa\u0142y, barwiony papier. W dzie\u0144 przyci\u0105ga wzrok wyrazist\u0105 form\u0105 w duchu Japandi, a po zmierzchu mi\u0119kko filtruje \u015bwiat\u0142o, zmieniaj\u0105c nastr\u00f3j pokoju ciep\u0142ym, r\u00f3\u017cowym refleksem.<\/p>\n<ul data-path-to-node=\"5,2\">\n<li>\n<p data-path-to-node=\"5,2,0,0\" class=\"translation-block\"><b data-path-to-node=\"\u201e5,2,0,0\u201c\" data-index-in-node=\"\u201e0\u201c\">Material:<\/b> Finnisches Birkensperrholz + Papier (100 % Lokta oder 50 % Baumwolle)<\/p>\n<\/li>\n<li class=\"translation-block\"><b data-path-to-node=\"\u201e3,2,1,0\u201c\" data-index-in-node=\"\u201e2\u201c\">Superkraft:<\/b> Best\u00e4ndig gegen Ausbleichen durch Sonneneinstrahlung. Kann vorsichtig mit einem feuchten Tuch abgewischt werden.<\/li>\n<li>\n<p data-path-to-node=\"5,2,1,0\"><b data-path-to-node=\"5,2,1,0\" data-index-in-node=\"0\">\u015arednica:<\/b> 50 cm<\/p>\n<\/li>\n<li class=\"translation-block\"><b data-path-to-node=\"\u201e7,2,3,0\u201c\" data-index-in-node=\"\u201e5\u201c\">Herkunft:<\/b> Polnische Manufaktur<\/li>\n<li>\n<p data-path-to-node=\"5,2,2,0\" class=\"translation-block\"><b data-path-to-node=\"\u201e5,2,2,0\u201c\" data-index-in-node=\"\u201e0\u201c\">Im Lieferumfang enthalten:<\/b> Lampenschirm f\u00fcr H\u00e4ngeleuchte. Kabel mit Fassung separat erh\u00e4ltlich.<\/p>\n<\/li>\n<\/ul>","protected":false},"featured_media":2096,"comment_status":"open","ping_status":"closed","template":"","meta":{"_kadence_starter_templates_imported_post":false,"_kad_post_transparent":"default","_kad_post_title":"","_kad_post_layout":"default","_kad_post_sidebar_id":"","_kad_post_content_style":"default","_kad_post_vertical_padding":"default","_kad_post_feature":"","_kad_post_feature_position":"","_kad_post_header":false,"_kad_post_footer":false,"_kad_post_classname":""},"product_brand":[],"product_cat":[25],"product_tag":[37,99,100,34,102,53,36,30,28,98,35,101,50,51,27,31],"class_list":{"0":"post-2737","1":"product","2":"type-product","3":"status-publish","4":"has-post-thumbnail","6":"product_cat-lampy-wiszace","7":"product_tag-abazur-do-lampy-wiszacej","8":"product_tag-drewniana-lampa-wiszaca","9":"product_tag-lampa-do-pokoju-dziecka","10":"product_tag-lampa-do-salonu","11":"product_tag-lampa-nad-wyspe","12":"product_tag-lampa-sufitowa","13":"product_tag-lampa-wiszaca","14":"product_tag-lampa-z-papieru","15":"product_tag-lampa-ze-sklejki","16":"product_tag-minimalistyczna-lampa","17":"product_tag-nowoczesne-oswietlenie","18":"product_tag-oswietlenie-do-jadalni","19":"product_tag-rozowa-lampa","20":"product_tag-rozowy-klosz","21":"product_tag-styl-japandi","22":"product_tag-styl-skandynawski","23":"product_shipping_class-tylko-kurier","25":"first","26":"instock","27":"taxable","28":"shipping-taxable","29":"purchasable","30":"product-type-variable","31":"entry","32":"content-bg","33":"loop-entry"},"yoast_head":"<!-- This site is optimized with the Yoast SEO plugin v27.5 - https:\/\/yoast.com\/product\/yoast-seo-wordpress\/ -->\n<title>Nastrojowa Lampa do Salonu. Styl Japandi i Mi\u0119kki Blask<\/title>\n<meta name=\"description\" content=\"Zmieni nastr\u00f3j, zanim jeszcze usi\u0105dziesz. Hana to nastrojowa lampa do salonu, kt\u00f3ra rzuca na \u015bcian\u0119 mi\u0119kki, r\u00f3\u017cowy refleks. Dla wyrazistych przestrzeni.\" \/>\n<meta name=\"robots\" content=\"index, follow, max-snippet:-1, max-image-preview:large, max-video-preview:-1\" \/>\n<link rel=\"canonical\" href=\"https:\/\/smagawonderland.com\/de\/produkt\/rozowa-lampa-do-salonu\/\" \/>\n<meta property=\"og:locale\" content=\"de_DE\" \/>\n<meta property=\"og:type\" content=\"article\" \/>\n<meta property=\"og:title\" content=\"Nastrojowa Lampa do Salonu. Styl Japandi i Mi\u0119kki Blask\" \/>\n<meta property=\"og:description\" content=\"Zmieni nastr\u00f3j, zanim jeszcze usi\u0105dziesz. Hana to nastrojowa lampa do salonu, kt\u00f3ra rzuca na \u015bcian\u0119 mi\u0119kki, r\u00f3\u017cowy refleks. Dla wyrazistych przestrzeni.\" \/>\n<meta property=\"og:url\" content=\"https:\/\/smagawonderland.com\/de\/produkt\/rozowa-lampa-do-salonu\/\" \/>\n<meta property=\"og:site_name\" content=\"\u015awiat\u0142o inspirowane natur\u0105\" \/>\n<meta property=\"og:image\" content=\"https:\/\/smagawonderland.com\/wp-content\/uploads\/2026\/02\/rozowa-lampa-wiszaca-hana-do-kawiarni-smaga-wonderland.jpg\" \/>\n\t<meta property=\"og:image:width\" content=\"1245\" \/>\n\t<meta property=\"og:image:height\" content=\"1556\" \/>\n\t<meta property=\"og:image:type\" content=\"image\/jpeg\" \/>\n<meta name=\"twitter:card\" content=\"summary_large_image\" \/>\n<meta name=\"twitter:label1\" content=\"Gesch\u00e4tzte Lesezeit\" \/>\n\t<meta name=\"twitter:data1\" content=\"3\u00a0Minuten\" \/>\n<script type=\"application\/ld+json\" class=\"yoast-schema-graph\">{\"@context\":\"https:\\\/\\\/schema.org\",\"@graph\":[{\"@type\":\"WebPage\",\"@id\":\"https:\\\/\\\/smagawonderland.com\\\/produkt\\\/rozowa-lampa-do-salonu\\\/\",\"url\":\"https:\\\/\\\/smagawonderland.com\\\/produkt\\\/rozowa-lampa-do-salonu\\\/\",\"name\":\"Nastrojowa Lampa do Salonu. Styl Japandi i Mi\u0119kki Blask\",\"isPartOf\":{\"@id\":\"https:\\\/\\\/smagawonderland.com\\\/#website\"},\"primaryImageOfPage\":{\"@id\":\"https:\\\/\\\/smagawonderland.com\\\/produkt\\\/rozowa-lampa-do-salonu\\\/#primaryimage\"},\"image\":{\"@id\":\"https:\\\/\\\/smagawonderland.com\\\/produkt\\\/rozowa-lampa-do-salonu\\\/#primaryimage\"},\"thumbnailUrl\":\"https:\\\/\\\/smagawonderland.com\\\/wp-content\\\/uploads\\\/2026\\\/02\\\/rozowa-lampa-wiszaca-hana-do-kawiarni-smaga-wonderland.jpg\",\"datePublished\":\"2026-05-05T18:11:35+00:00\",\"description\":\"Zmieni nastr\u00f3j, zanim jeszcze usi\u0105dziesz. Hana to nastrojowa lampa do salonu, kt\u00f3ra rzuca na \u015bcian\u0119 mi\u0119kki, r\u00f3\u017cowy refleks. Dla wyrazistych przestrzeni.\",\"breadcrumb\":{\"@id\":\"https:\\\/\\\/smagawonderland.com\\\/produkt\\\/rozowa-lampa-do-salonu\\\/#breadcrumb\"},\"inLanguage\":\"de\",\"potentialAction\":[{\"@type\":\"ReadAction\",\"target\":[\"https:\\\/\\\/smagawonderland.com\\\/produkt\\\/rozowa-lampa-do-salonu\\\/\"]}]},{\"@type\":\"ImageObject\",\"inLanguage\":\"de\",\"@id\":\"https:\\\/\\\/smagawonderland.com\\\/produkt\\\/rozowa-lampa-do-salonu\\\/#primaryimage\",\"url\":\"https:\\\/\\\/smagawonderland.com\\\/wp-content\\\/uploads\\\/2026\\\/02\\\/rozowa-lampa-wiszaca-hana-do-kawiarni-smaga-wonderland.jpg\",\"contentUrl\":\"https:\\\/\\\/smagawonderland.com\\\/wp-content\\\/uploads\\\/2026\\\/02\\\/rozowa-lampa-wiszaca-hana-do-kawiarni-smaga-wonderland.jpg\",\"width\":1245,\"height\":1556,\"caption\":\"lampa wisz\u0105ca r\u00f3\u017cowa z naturalnego drewna i trwa\u0142ego papieru, zawieszona nad sto\u0142em w jasnej kawiarni w styly skandynawskim\"},{\"@type\":\"BreadcrumbList\",\"@id\":\"https:\\\/\\\/smagawonderland.com\\\/produkt\\\/rozowa-lampa-do-salonu\\\/#breadcrumb\",\"itemListElement\":[{\"@type\":\"ListItem\",\"position\":1,\"name\":\"Strona g\u0142\u00f3wna\",\"item\":\"https:\\\/\\\/smagawonderland.com\\\/\"},{\"@type\":\"ListItem\",\"position\":2,\"name\":\"Sklep\",\"item\":\"https:\\\/\\\/smagawonderland.com\\\/sklep\\\/\"},{\"@type\":\"ListItem\",\"position\":3,\"name\":\"Nastrojowa Lampa do Salonu.\"}]},{\"@type\":\"WebSite\",\"@id\":\"https:\\\/\\\/smagawonderland.com\\\/#website\",\"url\":\"https:\\\/\\\/smagawonderland.com\\\/\",\"name\":\"\u015awiat\u0142o inspirowane natur\u0105\",\"description\":\"\",\"publisher\":{\"@id\":\"https:\\\/\\\/smagawonderland.com\\\/#organization\"},\"potentialAction\":[{\"@type\":\"SearchAction\",\"target\":{\"@type\":\"EntryPoint\",\"urlTemplate\":\"https:\\\/\\\/smagawonderland.com\\\/?s={search_term_string}\"},\"query-input\":{\"@type\":\"PropertyValueSpecification\",\"valueRequired\":true,\"valueName\":\"search_term_string\"}}],\"inLanguage\":\"de\"},{\"@type\":\"Organization\",\"@id\":\"https:\\\/\\\/smagawonderland.com\\\/#organization\",\"name\":\"\u015awiat\u0142o inspirowane natur\u0105\",\"url\":\"https:\\\/\\\/smagawonderland.com\\\/\",\"logo\":{\"@type\":\"ImageObject\",\"inLanguage\":\"de\",\"@id\":\"https:\\\/\\\/smagawonderland.com\\\/#\\\/schema\\\/logo\\\/image\\\/\",\"url\":\"https:\\\/\\\/smagawonderland.com\\\/wp-content\\\/uploads\\\/2026\\\/02\\\/smaga-white-logo.png\",\"contentUrl\":\"https:\\\/\\\/smagawonderland.com\\\/wp-content\\\/uploads\\\/2026\\\/02\\\/smaga-white-logo.png\",\"width\":1169,\"height\":324,\"caption\":\"\u015awiat\u0142o inspirowane natur\u0105\"},\"image\":{\"@id\":\"https:\\\/\\\/smagawonderland.com\\\/#\\\/schema\\\/logo\\\/image\\\/\"}}]}<\/script>\n<!-- \/ Yoast SEO plugin. -->","yoast_head_json":{"title":"Nastrojowa Lampa do Salonu. Styl Japandi i Mi\u0119kki Blask","description":"Zmieni nastr\u00f3j, zanim jeszcze usi\u0105dziesz. Hana to nastrojowa lampa do salonu, kt\u00f3ra rzuca na \u015bcian\u0119 mi\u0119kki, r\u00f3\u017cowy refleks. Dla wyrazistych przestrzeni.","robots":{"index":"index","follow":"follow","max-snippet":"max-snippet:-1","max-image-preview":"max-image-preview:large","max-video-preview":"max-video-preview:-1"},"canonical":"https:\/\/smagawonderland.com\/de\/produkt\/rozowa-lampa-do-salonu\/","og_locale":"de_DE","og_type":"article","og_title":"Nastrojowa Lampa do Salonu. Styl Japandi i Mi\u0119kki Blask","og_description":"Zmieni nastr\u00f3j, zanim jeszcze usi\u0105dziesz. Hana to nastrojowa lampa do salonu, kt\u00f3ra rzuca na \u015bcian\u0119 mi\u0119kki, r\u00f3\u017cowy refleks. Dla wyrazistych przestrzeni.","og_url":"https:\/\/smagawonderland.com\/de\/produkt\/rozowa-lampa-do-salonu\/","og_site_name":"\u015awiat\u0142o inspirowane natur\u0105","og_image":[{"width":1245,"height":1556,"url":"https:\/\/smagawonderland.com\/wp-content\/uploads\/2026\/02\/rozowa-lampa-wiszaca-hana-do-kawiarni-smaga-wonderland.jpg","type":"image\/jpeg"}],"twitter_card":"summary_large_image","twitter_misc":{"Gesch\u00e4tzte Lesezeit":"3\u00a0Minuten"},"schema":{"@context":"https:\/\/schema.org","@graph":[{"@type":"WebPage","@id":"https:\/\/smagawonderland.com\/produkt\/rozowa-lampa-do-salonu\/","url":"https:\/\/smagawonderland.com\/produkt\/rozowa-lampa-do-salonu\/","name":"Nastrojowa Lampa do Salonu. Styl Japandi i Mi\u0119kki Blask","isPartOf":{"@id":"https:\/\/smagawonderland.com\/#website"},"primaryImageOfPage":{"@id":"https:\/\/smagawonderland.com\/produkt\/rozowa-lampa-do-salonu\/#primaryimage"},"image":{"@id":"https:\/\/smagawonderland.com\/produkt\/rozowa-lampa-do-salonu\/#primaryimage"},"thumbnailUrl":"https:\/\/smagawonderland.com\/wp-content\/uploads\/2026\/02\/rozowa-lampa-wiszaca-hana-do-kawiarni-smaga-wonderland.jpg","datePublished":"2026-05-05T18:11:35+00:00","description":"Zmieni nastr\u00f3j, zanim jeszcze usi\u0105dziesz. Hana to nastrojowa lampa do salonu, kt\u00f3ra rzuca na \u015bcian\u0119 mi\u0119kki, r\u00f3\u017cowy refleks. Dla wyrazistych przestrzeni.","breadcrumb":{"@id":"https:\/\/smagawonderland.com\/produkt\/rozowa-lampa-do-salonu\/#breadcrumb"},"inLanguage":"de","potentialAction":[{"@type":"ReadAction","target":["https:\/\/smagawonderland.com\/produkt\/rozowa-lampa-do-salonu\/"]}]},{"@type":"ImageObject","inLanguage":"de","@id":"https:\/\/smagawonderland.com\/produkt\/rozowa-lampa-do-salonu\/#primaryimage","url":"https:\/\/smagawonderland.com\/wp-content\/uploads\/2026\/02\/rozowa-lampa-wiszaca-hana-do-kawiarni-smaga-wonderland.jpg","contentUrl":"https:\/\/smagawonderland.com\/wp-content\/uploads\/2026\/02\/rozowa-lampa-wiszaca-hana-do-kawiarni-smaga-wonderland.jpg","width":1245,"height":1556,"caption":"lampa wisz\u0105ca r\u00f3\u017cowa z naturalnego drewna i trwa\u0142ego papieru, zawieszona nad sto\u0142em w jasnej kawiarni w styly skandynawskim"},{"@type":"BreadcrumbList","@id":"https:\/\/smagawonderland.com\/produkt\/rozowa-lampa-do-salonu\/#breadcrumb","itemListElement":[{"@type":"ListItem","position":1,"name":"Strona g\u0142\u00f3wna","item":"https:\/\/smagawonderland.com\/"},{"@type":"ListItem","position":2,"name":"Sklep","item":"https:\/\/smagawonderland.com\/sklep\/"},{"@type":"ListItem","position":3,"name":"Nastrojowa Lampa do Salonu."}]},{"@type":"WebSite","@id":"https:\/\/smagawonderland.com\/#website","url":"https:\/\/smagawonderland.com\/","name":"Von der Natur inspiriertes Licht","description":"","publisher":{"@id":"https:\/\/smagawonderland.com\/#organization"},"potentialAction":[{"@type":"SearchAction","target":{"@type":"EntryPoint","urlTemplate":"https:\/\/smagawonderland.com\/?s={search_term_string}"},"query-input":{"@type":"PropertyValueSpecification","valueRequired":true,"valueName":"search_term_string"}}],"inLanguage":"de"},{"@type":"Organization","@id":"https:\/\/smagawonderland.com\/#organization","name":"Von der Natur inspiriertes Licht","url":"https:\/\/smagawonderland.com\/","logo":{"@type":"ImageObject","inLanguage":"de","@id":"https:\/\/smagawonderland.com\/#\/schema\/logo\/image\/","url":"https:\/\/smagawonderland.com\/wp-content\/uploads\/2026\/02\/smaga-white-logo.png","contentUrl":"https:\/\/smagawonderland.com\/wp-content\/uploads\/2026\/02\/smaga-white-logo.png","width":1169,"height":324,"caption":"\u015awiat\u0142o inspirowane natur\u0105"},"image":{"@id":"https:\/\/smagawonderland.com\/#\/schema\/logo\/image\/"}}]}},"jetpack_sharing_enabled":true,"_links":{"self":[{"href":"https:\/\/smagawonderland.com\/de\/wp-json\/wp\/v2\/product\/2737","targetHints":{"allow":["GET"]}}],"collection":[{"href":"https:\/\/smagawonderland.com\/de\/wp-json\/wp\/v2\/product"}],"about":[{"href":"https:\/\/smagawonderland.com\/de\/wp-json\/wp\/v2\/types\/product"}],"replies":[{"embeddable":true,"href":"https:\/\/smagawonderland.com\/de\/wp-json\/wp\/v2\/comments?post=2737"}],"wp:featuredmedia":[{"embeddable":true,"href":"https:\/\/smagawonderland.com\/de\/wp-json\/wp\/v2\/media\/2096"}],"wp:attachment":[{"href":"https:\/\/smagawonderland.com\/de\/wp-json\/wp\/v2\/media?parent=2737"}],"wp:term":[{"taxonomy":"product_brand","embeddable":true,"href":"https:\/\/smagawonderland.com\/de\/wp-json\/wp\/v2\/product_brand?post=2737"},{"taxonomy":"product_cat","embeddable":true,"href":"https:\/\/smagawonderland.com\/de\/wp-json\/wp\/v2\/product_cat?post=2737"},{"taxonomy":"product_tag","embeddable":true,"href":"https:\/\/smagawonderland.com\/de\/wp-json\/wp\/v2\/product_tag?post=2737"}],"curies":[{"name":"wp","href":"https:\/\/api.w.org\/{rel}","templated":true}]}}