{"id":2711,"date":"2026-05-04T16:38:18","date_gmt":"2026-05-04T16:38:18","guid":{"rendered":"https:\/\/smagawonderland.com\/?post_type=product&#038;p=2711"},"modified":"2026-05-08T16:14:05","modified_gmt":"2026-05-08T16:14:05","slug":"drewniany-kinkiet-japandi-koshi","status":"publish","type":"product","link":"https:\/\/smagawonderland.com\/de\/produkt\/drewniany-kinkiet-japandi-koshi\/","title":{"rendered":"Drewniany Kinkiet Japandi Koshi. Z kablem lub bez."},"content":{"rendered":"<h3 data-path-to-node=\"3\">Forma inspirowana japo\u0144sk\u0105 sztuk\u0105 minimalizmu<\/h3>\n<p data-path-to-node=\"4\">Kinkiet Koshi to \u015bwietlista opowie\u015b\u0107 o harmonii i r\u00f3wnowadze, zamkni\u0119ta w smuk\u0142ej, geometrycznej formie. Ta drewniana lampa \u015bcienna wprowadzi do wn\u0119trza ducha japo\u0144skiego minimalizmu i poczucie g\u0142\u0119bokiego spokoju. Jego prosta, lecz wyrazista sylwetka sprawia, \u017ce ten minimalistyczny kinkiet to wymarzone o\u015bwietlenie boczne do stworzenia nastrojowego azylu \u2013 niczym cicha lampka nocna na \u015bcian\u0119, otula przestrze\u0144 mi\u0119kkim, rozproszonym \u015bwiat\u0142em, tworz\u0105c idealne warunki do wyciszenia po d\u0142ugim dniu. Aby nasz kinkiet japandi harmonijnie wpisa\u0142 si\u0119 w Wasz dom, do jego stworzenia u\u017cywamy starannie wyselekcjonowanych, naturalnych materia\u0142\u00f3w.<\/p>\n<hr data-start=\"1389\" data-end=\"1392\" \/>\n<h3>Geometria, kt\u00f3ra buduje klimat<\/h3>\n<p data-path-to-node=\"6\">Zaprojektowali\u015bmy przestrzenn\u0105 struktur\u0119 lampy celowo, aby intryguj\u0105co filtrowa\u0142a \u015bwiat\u0142o, tworz\u0105c na \u015bcianach subteln\u0105 gr\u0119 \u015bwiat\u0142ocienia, niczym tradycyjna lampa shoji. Wysokiej jako\u015bci transparentny papier podklejony od spodu dodatkowo zmi\u0119kcza \u015bwietln\u0105 \u0142un\u0119, sprawiaj\u0105c, \u017ce ta japo\u0144ska lampa \u015bcienna zachwyca przytulnym blaskiem, kt\u00f3ry nie razi w oczy. Koshi stanowi doskona\u0142y a\u017curowy kinkiet nad \u0142\u00f3\u017cko do sypialni, a tak\u017ce ozdobny kinkiet \u015bcienny do salonu \u2013 wsz\u0119dzie tam, gdzie zale\u017cy Ci na \u0142agodnej atmosferze w duchu wabi sabi.<\/p>\n<hr data-start=\"1389\" data-end=\"1392\" \/>\n<h3 data-start=\"1394\" data-end=\"1417\">W\u00e4hle deinen perfekten Farbton<\/h3>\n<p data-path-to-node=\"10\">Nasz a\u017curowy kinkiet ze sklejki wycinamy laserowo z wysokiej jako\u015bci, fi\u0144skiej sklejki brzozowej. Dbamy o zr\u00f3wnowa\u017cony rozw\u00f3j, dlatego zar\u00f3wno drewno, jak i transparentny papier, kt\u00f3rych u\u017cywamy, posiadaj\u0105 certyfikaty FSC. Aby ten drewniany kinkiet idealnie wpisa\u0142 si\u0119 w palet\u0119 barw Twojego wn\u0119trza, przygotowali\u015bmy go w 4 wyselekcjonowanych, naturalnych odcieniach:<\/p>\n<ul data-path-to-node=\"11\">\n<li>\n<p data-path-to-node=\"11,0,0\"><b data-path-to-node=\"11,0,0\" data-index-in-node=\"0\">Brzoza<\/b> \u2013 jasny, surowy odcie\u0144 drewna, idealnie oddaj\u0105cy ducha skandynawskiego i japo\u0144skiego minimalizmu.<\/p>\n<\/li>\n<li>\n<p data-path-to-node=\"11,1,0\"><b data-path-to-node=\"11,1,0\" data-index-in-node=\"0\">Helles Nussbraun<\/b> \u2013 ciep\u0142y, przytulny odcie\u0144, dodaj\u0105cy wn\u0119trzu naturalnego blasku i subtelnej elegancji w duchu zen.<\/p>\n<\/li>\n<li>\n<p data-path-to-node=\"11,2,0\"><b data-path-to-node=\"11,2,0\" data-index-in-node=\"0\">Dunkles Nussholz<\/b> \u2013 g\u0142\u0119boki, szlachetny br\u0105z, tworz\u0105cy pi\u0119kny kontrast i podkre\u015blaj\u0105cy wyrazisty, geometryczny charakter ramy.<\/p>\n<\/li>\n<li>\n<p data-path-to-node=\"11,3,0\"><b data-path-to-node=\"11,3,0\" data-index-in-node=\"0\">Wenge<\/b> \u2013 bardzo ciemny, nasycony odcie\u0144 drewna, wprowadzaj\u0105cy do przestrzeni nut\u0119 wyrafinowania i zdecydowanego charakteru.<\/p>\n<\/li>\n<\/ul>\n<hr data-start=\"1566\" data-end=\"1569\" \/>\n<h3 data-start=\"1571\" data-end=\"1609\">Eine Langlebigkeit, die \u00fcberrascht (Leicht zu reinigen)<\/h3>\n<p data-path-to-node=\"13\">Mimo \u017ce ten japo\u0144ski kinkiet ma wizualnie lekk\u0105 form\u0119, to niezwykle solidny element wyposa\u017cenia. Sklejka brzozowa jest materia\u0142em sztywnym i odpornym na odkszta\u0142cenia. Naturalne drewno nie elektryzuje si\u0119 i nie przyci\u0105ga kurzu tak mocno jak sztuczne tworzywa. Aby utrzyma\u0107 Tw\u00f3j kinkiet zen w czysto\u015bci:<\/p>\n<ul data-path-to-node=\"14\">\n<li>\n<p data-path-to-node=\"14,0,0\">Do regularnego od\u015bwie\u017cania wystarczy wilgotna \u015bciereczka z mikrofibry lub zwyk\u0142a miote\u0142ka do kurzu.<\/p>\n<\/li>\n<li>\n<p data-path-to-node=\"14,1,0\">Unikaj chemicznych detergent\u00f3w \u2013 naturalne drewno ich nie potrzebuje.<\/p>\n<\/li>\n<\/ul>\n<p>&nbsp;<\/p>\n<hr data-start=\"1389\" data-end=\"1392\" \/>\n<h3 data-start=\"1394\" data-end=\"1417\">Abmessungen und technische Daten<\/h3>\n<ul>\n<li style=\"list-style-type: none;\">\n<ul data-path-to-node=\"8\">\n<li><b data-path-to-node=\"14,0,0\" data-index-in-node=\"0\">Model:<\/b> Koshi. Drewniany kinkiet \u015bcienny w stylu japandi<\/li>\n<li><b data-path-to-node=\"14,1,0\" data-index-in-node=\"0\">Wymiary:<\/b> wys. 42 cm (16.5&#8243;) | szer. 21 cm (8.3&#8243;) | g\u0142. 13 cm (5.1&#8243;)<\/li>\n<li><b data-path-to-node=\"14,2,0\" data-index-in-node=\"0\">Materia\u0142 klosza:<\/b> Certyfikowana sklejka brzozowa (FSC) \u2013 precyzyjnie wycinana laserowo + transparentny papier wysokiej jako\u015bci (certyfikat FSC) podklejony od spodu, kt\u00f3ry mi\u0119kko rozprasza \u015bwiat\u0142o.\n<p data-path-to-node=\"14,3,0\">\n<\/li>\n<li>\n<p data-path-to-node=\"14,3,0\"><b data-path-to-node=\"14,3,0\" data-index-in-node=\"0\">Zasilanie i monta\u017c (Dwie opcje do wyboru):<\/b><\/p>\n<p data-path-to-node=\"14,3,0\"><b data-path-to-node=\"14,3,1,0,0\" data-index-in-node=\"0\">Opcja bez kabla (Hard-wired):<\/b> Lampa wyposa\u017cona w kostk\u0119 przy\u0142\u0105czeniow\u0105, przeznaczona do bezpo\u015bredniego pod\u0142\u0105czenia do instalacji elektrycznej w \u015bcianie (ukryte przewody).<\/p>\n<p data-path-to-node=\"14,3,0\"><b data-path-to-node=\"14,3,1,1,0\" data-index-in-node=\"0\">Opcja z kablem (Plug-in):<\/b> To idealny kinkiet do sypialni z kablem i wtyczk\u0105 \u2013 wyposa\u017cony w przew\u00f3d zasilaj\u0105cy o d\u0142ugo\u015bci 200 cm (78.8&#8243;) z wygodnym w\u0142\u0105cznikiem. Wystarczy pod\u0142\u0105czy\u0107 do gniazdka!<\/p>\n<\/li>\n<li>\n<p data-path-to-node=\"8,0,0\"><b data-path-to-node=\"16,3,0\" data-index-in-node=\"0\">Typ oprawki:<\/b> E14 (tzw. ma\u0142y gwint)<\/p>\n<\/li>\n<li>\n<p data-path-to-node=\"8,0,0\"><b data-path-to-node=\"16,4,0\" data-index-in-node=\"0\"><b>Gewindetyp:<\/b> E14 (sogenanntes Kleingewinde)<\/b> \u017bar\u00f3wka LED (brak w zestawie)<\/p>\n<\/li>\n<li>\n<p data-path-to-node=\"8,0,0\"><b data-path-to-node=\"16,5,0\" data-index-in-node=\"0\">Maksymalna moc:<\/b> 10W (wy\u0142\u0105cznie \u017car\u00f3wki LED, kt\u00f3re si\u0119 nie nagrzewaj\u0105)<\/p>\n<\/li>\n<li>\n<p data-path-to-node=\"8,0,0\"><b data-path-to-node=\"16,6,0\" data-index-in-node=\"0\">Nasza rekomendacja \u017car\u00f3wki:<\/b> Aby uzyska\u0107 przytulny, relaksuj\u0105cy klimat (widoczny na naszych zdj\u0119ciach), polecamy \u017car\u00f3wki LED o ciep\u0142ej barwie \u015bwiat\u0142a (2700K &#8211; 3000K) oraz delikatnej jasno\u015bci ok. 250 &#8211; 400 lumen\u00f3w.<\/p>\n<\/li>\n<li>\n<p data-path-to-node=\"8,0,0\"><b data-path-to-node=\"16,7,0\" data-index-in-node=\"0\">Monta\u017c na \u015bcianie:<\/b> Lampa przystosowana do zawieszenia na 2 wkr\u0119tach. Do paczki do\u0142\u0105czamy wygodny papierowy szablon, dzi\u0119ki kt\u00f3remu bezb\u0142\u0119dnie wywiercisz otwory w \u015bcianie. <i data-path-to-node=\"16,7,0\" data-index-in-node=\"171\">(Uwaga: ze wzgl\u0119du na r\u00f3\u017cne rodzaje \u015bcian w domach naszych klient\u00f3w, wkr\u0119ty i ko\u0142ki rozporowe nie s\u0105 do\u0142\u0105czone do zestawu \u2013 dobierz je odpowiednio do swojej \u015bciany).<\/i><\/p>\n<\/li>\n<li>\n<p data-path-to-node=\"8,0,0\"><b data-path-to-node=\"16,8,0\" data-index-in-node=\"0\">Styl:<\/b> Japandi, Zen, Wabi Sabi, Minimalist, Scandi<\/p>\n<\/li>\n<li>\n<p data-path-to-node=\"8,0,0\"><b data-path-to-node=\"16,9,0\" data-index-in-node=\"0\">Produkcja:<\/b> Zaprojektowano i wykonano w 100% w polskiej pracowni Smaga Wonderland<\/p>\n<p data-path-to-node=\"8,0,0\">\n<\/li>\n<\/ul>\n<\/li>\n<\/ul>\n<hr data-start=\"2200\" data-end=\"2203\" \/>\n<p data-path-to-node=\"12\">","protected":false},"excerpt":{"rendered":"<p data-path-to-node=\"5\"><b data-path-to-node=\"1\" data-index-in-node=\"0\">Koshi<\/b> to smuk\u0142a, geometryczna forma inspirowana japo\u0144sk\u0105 sztuk\u0105 minimalizmu, kt\u00f3ra wprowadza do wn\u0119trza poczucie g\u0142\u0119bokiego spokoju i harmonii. Za dnia stanowi wyrazist\u0105, drewnian\u0105 dekoracj\u0119 \u015bcienn\u0105 w duchu japandi, a wieczorem \u2013 niczym tradycyjna lampa shoji \u2013 otula przestrze\u0144 mi\u0119kkim \u015bwiat\u0142em i subteln\u0105 gr\u0105 \u015bwiat\u0142ocieni. To idealny wyb\u00f3r do stworzenia nastrojowego azylu nad \u0142\u00f3\u017ckiem w sypialni lub jako o\u015bwietlenie boczne w salonie.<\/p>\n<ul>\n<li>\n<p data-path-to-node=\"2,0,0\"><b data-path-to-node=\"2,0,0\" data-index-in-node=\"0\">Wymiary:<\/b> wys. 42 cm (16.5&#8243;) | szer. 21 cm (8.3&#8243;) | g\u0142. 13 cm (5.1&#8243;)<\/p>\n<\/li>\n<li>\n<p data-path-to-node=\"2,1,0\"><b data-path-to-node=\"2,1,0\" data-index-in-node=\"0\">Materia\u0142:<\/b> Certyfikowana sklejka brzozowa premium (FSC) precyzyjnie wycinana laserowo (do wyboru 4 naturalne odcienie drewna) + wysokiej jako\u015bci transparentny papier (FSC).<\/p>\n<\/li>\n<li>\n<p data-path-to-node=\"2,2,0\"><b data-path-to-node=\"2,2,0\" data-index-in-node=\"0\">Atmosfera Zen:<\/b> Dzi\u0119ki a\u017curowej konstrukcji i filtrowaniu \u015bwiat\u0142a przez papier, lampa nie razi w oczy, gwarantuj\u0105c idealne warunki do wieczornego wyciszenia. Dost\u0119pna w wersji z kablem (do gniazdka) lub do monta\u017cu bezpo\u015brednio w \u015bcianie.<\/p>\n<\/li>\n<li>\n<p data-path-to-node=\"2,3,0\"><b data-path-to-node=\"2,3,0\" data-index-in-node=\"0\">Produkcja:<\/b> W 100% zaprojektowane i wykonane w polskiej pracowni Smaga Wonderland.<\/p>\n<\/li>\n<\/ul>\n<ul data-path-to-node=\"6\">\n<li style=\"list-style-type: none;\"><\/li>\n<\/ul>","protected":false},"featured_media":2714,"comment_status":"open","ping_status":"closed","template":"","meta":{"_kadence_starter_templates_imported_post":false,"_kad_post_transparent":"default","_kad_post_title":"","_kad_post_layout":"default","_kad_post_sidebar_id":"","_kad_post_content_style":"default","_kad_post_vertical_padding":"default","_kad_post_feature":"","_kad_post_feature_position":"","_kad_post_header":false,"_kad_post_footer":false,"_kad_post_classname":""},"product_brand":[63],"product_cat":[61],"product_tag":[93,67,33,73,92,71,32,65,34,66,90,84,28,91,74,35,70,64,31],"class_list":{"0":"post-2711","1":"product","2":"type-product","3":"status-publish","4":"has-post-thumbnail","6":"product_brand-smagawonderland","7":"product_cat-lampy-scienne","8":"product_tag-drewniana-lampa-scienna","9":"product_tag-drewniany-kinkiet-scienny","10":"product_tag-ekologiczny-design","11":"product_tag-kinkiet-scienny","12":"product_tag-kinkiet-z-kablem","13":"product_tag-lampa-azurowa","14":"product_tag-lampa-boho","15":"product_tag-lampa-do-pokoju-dzieciecego","16":"product_tag-lampa-do-salonu","17":"product_tag-lampa-scienna","18":"product_tag-lampa-wabi-sabi","19":"product_tag-lampa-wieloryb","20":"product_tag-lampa-ze-sklejki","21":"product_tag-lampa-zen","22":"product_tag-lampka-nocna","23":"product_tag-nowoczesne-oswietlenie","24":"product_tag-oswietlenie-do-sypialni","25":"product_tag-styl-rustykalny","26":"product_tag-styl-skandynawski","28":"first","29":"instock","30":"taxable","31":"shipping-taxable","32":"purchasable","33":"product-type-variable","34":"entry","35":"content-bg","36":"loop-entry"},"yoast_head":"<!-- This site is optimized with the Yoast SEO plugin v27.5 - https:\/\/yoast.com\/product\/yoast-seo-wordpress\/ -->\n<title>Drewniany Kinkiet Japandi Koshi | Smaga Wonderland<\/title>\n<meta name=\"description\" content=\"Wprowad\u017a harmoni\u0119 do wn\u0119trza! Drewniany kinkiet japandi Koshi to naturalna sklejka i ciep\u0142e, rozproszone \u015bwiat\u0142o zen. Z kablem lub bez.\" \/>\n<meta name=\"robots\" content=\"index, follow, max-snippet:-1, max-image-preview:large, max-video-preview:-1\" \/>\n<link rel=\"canonical\" href=\"https:\/\/smagawonderland.com\/de\/produkt\/drewniany-kinkiet-japandi-koshi\/\" \/>\n<meta property=\"og:locale\" content=\"de_DE\" \/>\n<meta property=\"og:type\" content=\"article\" \/>\n<meta property=\"og:title\" content=\"Drewniany Kinkiet Japandi Koshi | Smaga Wonderland\" \/>\n<meta property=\"og:description\" content=\"Wprowad\u017a harmoni\u0119 do wn\u0119trza! Drewniany kinkiet japandi Koshi to naturalna sklejka i ciep\u0142e, rozproszone \u015bwiat\u0142o zen. Z kablem lub bez.\" \/>\n<meta property=\"og:url\" content=\"https:\/\/smagawonderland.com\/de\/produkt\/drewniany-kinkiet-japandi-koshi\/\" \/>\n<meta property=\"og:site_name\" content=\"\u015awiat\u0142o inspirowane natur\u0105\" \/>\n<meta property=\"article:modified_time\" content=\"2026-05-08T16:14:05+00:00\" \/>\n<meta property=\"og:image\" content=\"https:\/\/smagawonderland.com\/wp-content\/uploads\/2026\/05\/drewniana-lampa-scienna-plug-in-jasny-orzech.jpg\" \/>\n\t<meta property=\"og:image:width\" content=\"1075\" \/>\n\t<meta property=\"og:image:height\" content=\"1434\" \/>\n\t<meta property=\"og:image:type\" content=\"image\/jpeg\" \/>\n<meta name=\"twitter:card\" content=\"summary_large_image\" \/>\n<meta name=\"twitter:label1\" content=\"Gesch\u00e4tzte Lesezeit\" \/>\n\t<meta name=\"twitter:data1\" content=\"4\u00a0Minuten\" \/>\n<script type=\"application\/ld+json\" class=\"yoast-schema-graph\">{\"@context\":\"https:\\\/\\\/schema.org\",\"@graph\":[{\"@type\":\"WebPage\",\"@id\":\"https:\\\/\\\/smagawonderland.com\\\/produkt\\\/drewniany-kinkiet-japandi-koshi\\\/\",\"url\":\"https:\\\/\\\/smagawonderland.com\\\/produkt\\\/drewniany-kinkiet-japandi-koshi\\\/\",\"name\":\"Drewniany Kinkiet Japandi Koshi | Smaga Wonderland\",\"isPartOf\":{\"@id\":\"https:\\\/\\\/smagawonderland.com\\\/#website\"},\"primaryImageOfPage\":{\"@id\":\"https:\\\/\\\/smagawonderland.com\\\/produkt\\\/drewniany-kinkiet-japandi-koshi\\\/#primaryimage\"},\"image\":{\"@id\":\"https:\\\/\\\/smagawonderland.com\\\/produkt\\\/drewniany-kinkiet-japandi-koshi\\\/#primaryimage\"},\"thumbnailUrl\":\"https:\\\/\\\/smagawonderland.com\\\/wp-content\\\/uploads\\\/2026\\\/05\\\/drewniana-lampa-scienna-plug-in-jasny-orzech.jpg\",\"datePublished\":\"2026-05-04T16:38:18+00:00\",\"dateModified\":\"2026-05-08T16:14:05+00:00\",\"description\":\"Wprowad\u017a harmoni\u0119 do wn\u0119trza! Drewniany kinkiet japandi Koshi to naturalna sklejka i ciep\u0142e, rozproszone \u015bwiat\u0142o zen. Z kablem lub bez.\",\"breadcrumb\":{\"@id\":\"https:\\\/\\\/smagawonderland.com\\\/produkt\\\/drewniany-kinkiet-japandi-koshi\\\/#breadcrumb\"},\"inLanguage\":\"de\",\"potentialAction\":[{\"@type\":\"ReadAction\",\"target\":[\"https:\\\/\\\/smagawonderland.com\\\/produkt\\\/drewniany-kinkiet-japandi-koshi\\\/\"]}]},{\"@type\":\"ImageObject\",\"inLanguage\":\"de\",\"@id\":\"https:\\\/\\\/smagawonderland.com\\\/produkt\\\/drewniany-kinkiet-japandi-koshi\\\/#primaryimage\",\"url\":\"https:\\\/\\\/smagawonderland.com\\\/wp-content\\\/uploads\\\/2026\\\/05\\\/drewniana-lampa-scienna-plug-in-jasny-orzech.jpg\",\"contentUrl\":\"https:\\\/\\\/smagawonderland.com\\\/wp-content\\\/uploads\\\/2026\\\/05\\\/drewniana-lampa-scienna-plug-in-jasny-orzech.jpg\",\"width\":1075,\"height\":1434,\"caption\":\"Drewniany kinkiet Koshi w stylu japandi, zamontowany na \u015bcianie\"},{\"@type\":\"BreadcrumbList\",\"@id\":\"https:\\\/\\\/smagawonderland.com\\\/produkt\\\/drewniany-kinkiet-japandi-koshi\\\/#breadcrumb\",\"itemListElement\":[{\"@type\":\"ListItem\",\"position\":1,\"name\":\"Strona g\u0142\u00f3wna\",\"item\":\"https:\\\/\\\/smagawonderland.com\\\/\"},{\"@type\":\"ListItem\",\"position\":2,\"name\":\"Sklep\",\"item\":\"https:\\\/\\\/smagawonderland.com\\\/sklep\\\/\"},{\"@type\":\"ListItem\",\"position\":3,\"name\":\"Drewniany Kinkiet Japandi Koshi. Z kablem lub bez.\"}]},{\"@type\":\"WebSite\",\"@id\":\"https:\\\/\\\/smagawonderland.com\\\/#website\",\"url\":\"https:\\\/\\\/smagawonderland.com\\\/\",\"name\":\"\u015awiat\u0142o inspirowane natur\u0105\",\"description\":\"\",\"publisher\":{\"@id\":\"https:\\\/\\\/smagawonderland.com\\\/#organization\"},\"potentialAction\":[{\"@type\":\"SearchAction\",\"target\":{\"@type\":\"EntryPoint\",\"urlTemplate\":\"https:\\\/\\\/smagawonderland.com\\\/?s={search_term_string}\"},\"query-input\":{\"@type\":\"PropertyValueSpecification\",\"valueRequired\":true,\"valueName\":\"search_term_string\"}}],\"inLanguage\":\"de\"},{\"@type\":\"Organization\",\"@id\":\"https:\\\/\\\/smagawonderland.com\\\/#organization\",\"name\":\"\u015awiat\u0142o inspirowane natur\u0105\",\"url\":\"https:\\\/\\\/smagawonderland.com\\\/\",\"logo\":{\"@type\":\"ImageObject\",\"inLanguage\":\"de\",\"@id\":\"https:\\\/\\\/smagawonderland.com\\\/#\\\/schema\\\/logo\\\/image\\\/\",\"url\":\"https:\\\/\\\/smagawonderland.com\\\/wp-content\\\/uploads\\\/2026\\\/02\\\/smaga-white-logo.png\",\"contentUrl\":\"https:\\\/\\\/smagawonderland.com\\\/wp-content\\\/uploads\\\/2026\\\/02\\\/smaga-white-logo.png\",\"width\":1169,\"height\":324,\"caption\":\"\u015awiat\u0142o inspirowane natur\u0105\"},\"image\":{\"@id\":\"https:\\\/\\\/smagawonderland.com\\\/#\\\/schema\\\/logo\\\/image\\\/\"}}]}<\/script>\n<!-- \/ Yoast SEO plugin. -->","yoast_head_json":{"title":"Drewniany Kinkiet Japandi Koshi | Smaga Wonderland","description":"Wprowad\u017a harmoni\u0119 do wn\u0119trza! Drewniany kinkiet japandi Koshi to naturalna sklejka i ciep\u0142e, rozproszone \u015bwiat\u0142o zen. Z kablem lub bez.","robots":{"index":"index","follow":"follow","max-snippet":"max-snippet:-1","max-image-preview":"max-image-preview:large","max-video-preview":"max-video-preview:-1"},"canonical":"https:\/\/smagawonderland.com\/de\/produkt\/drewniany-kinkiet-japandi-koshi\/","og_locale":"de_DE","og_type":"article","og_title":"Drewniany Kinkiet Japandi Koshi | Smaga Wonderland","og_description":"Wprowad\u017a harmoni\u0119 do wn\u0119trza! Drewniany kinkiet japandi Koshi to naturalna sklejka i ciep\u0142e, rozproszone \u015bwiat\u0142o zen. Z kablem lub bez.","og_url":"https:\/\/smagawonderland.com\/de\/produkt\/drewniany-kinkiet-japandi-koshi\/","og_site_name":"\u015awiat\u0142o inspirowane natur\u0105","article_modified_time":"2026-05-08T16:14:05+00:00","og_image":[{"width":1075,"height":1434,"url":"https:\/\/smagawonderland.com\/wp-content\/uploads\/2026\/05\/drewniana-lampa-scienna-plug-in-jasny-orzech.jpg","type":"image\/jpeg"}],"twitter_card":"summary_large_image","twitter_misc":{"Gesch\u00e4tzte Lesezeit":"4\u00a0Minuten"},"schema":{"@context":"https:\/\/schema.org","@graph":[{"@type":"WebPage","@id":"https:\/\/smagawonderland.com\/produkt\/drewniany-kinkiet-japandi-koshi\/","url":"https:\/\/smagawonderland.com\/produkt\/drewniany-kinkiet-japandi-koshi\/","name":"Drewniany Kinkiet Japandi Koshi | Smaga Wonderland","isPartOf":{"@id":"https:\/\/smagawonderland.com\/#website"},"primaryImageOfPage":{"@id":"https:\/\/smagawonderland.com\/produkt\/drewniany-kinkiet-japandi-koshi\/#primaryimage"},"image":{"@id":"https:\/\/smagawonderland.com\/produkt\/drewniany-kinkiet-japandi-koshi\/#primaryimage"},"thumbnailUrl":"https:\/\/smagawonderland.com\/wp-content\/uploads\/2026\/05\/drewniana-lampa-scienna-plug-in-jasny-orzech.jpg","datePublished":"2026-05-04T16:38:18+00:00","dateModified":"2026-05-08T16:14:05+00:00","description":"Wprowad\u017a harmoni\u0119 do wn\u0119trza! Drewniany kinkiet japandi Koshi to naturalna sklejka i ciep\u0142e, rozproszone \u015bwiat\u0142o zen. Z kablem lub bez.","breadcrumb":{"@id":"https:\/\/smagawonderland.com\/produkt\/drewniany-kinkiet-japandi-koshi\/#breadcrumb"},"inLanguage":"de","potentialAction":[{"@type":"ReadAction","target":["https:\/\/smagawonderland.com\/produkt\/drewniany-kinkiet-japandi-koshi\/"]}]},{"@type":"ImageObject","inLanguage":"de","@id":"https:\/\/smagawonderland.com\/produkt\/drewniany-kinkiet-japandi-koshi\/#primaryimage","url":"https:\/\/smagawonderland.com\/wp-content\/uploads\/2026\/05\/drewniana-lampa-scienna-plug-in-jasny-orzech.jpg","contentUrl":"https:\/\/smagawonderland.com\/wp-content\/uploads\/2026\/05\/drewniana-lampa-scienna-plug-in-jasny-orzech.jpg","width":1075,"height":1434,"caption":"Drewniany kinkiet Koshi w stylu japandi, zamontowany na \u015bcianie"},{"@type":"BreadcrumbList","@id":"https:\/\/smagawonderland.com\/produkt\/drewniany-kinkiet-japandi-koshi\/#breadcrumb","itemListElement":[{"@type":"ListItem","position":1,"name":"Strona g\u0142\u00f3wna","item":"https:\/\/smagawonderland.com\/"},{"@type":"ListItem","position":2,"name":"Sklep","item":"https:\/\/smagawonderland.com\/sklep\/"},{"@type":"ListItem","position":3,"name":"Drewniany Kinkiet Japandi Koshi. Z kablem lub bez."}]},{"@type":"WebSite","@id":"https:\/\/smagawonderland.com\/#website","url":"https:\/\/smagawonderland.com\/","name":"Von der Natur inspiriertes Licht","description":"","publisher":{"@id":"https:\/\/smagawonderland.com\/#organization"},"potentialAction":[{"@type":"SearchAction","target":{"@type":"EntryPoint","urlTemplate":"https:\/\/smagawonderland.com\/?s={search_term_string}"},"query-input":{"@type":"PropertyValueSpecification","valueRequired":true,"valueName":"search_term_string"}}],"inLanguage":"de"},{"@type":"Organization","@id":"https:\/\/smagawonderland.com\/#organization","name":"Von der Natur inspiriertes Licht","url":"https:\/\/smagawonderland.com\/","logo":{"@type":"ImageObject","inLanguage":"de","@id":"https:\/\/smagawonderland.com\/#\/schema\/logo\/image\/","url":"https:\/\/smagawonderland.com\/wp-content\/uploads\/2026\/02\/smaga-white-logo.png","contentUrl":"https:\/\/smagawonderland.com\/wp-content\/uploads\/2026\/02\/smaga-white-logo.png","width":1169,"height":324,"caption":"\u015awiat\u0142o inspirowane natur\u0105"},"image":{"@id":"https:\/\/smagawonderland.com\/#\/schema\/logo\/image\/"}}]}},"jetpack_sharing_enabled":true,"_links":{"self":[{"href":"https:\/\/smagawonderland.com\/de\/wp-json\/wp\/v2\/product\/2711","targetHints":{"allow":["GET"]}}],"collection":[{"href":"https:\/\/smagawonderland.com\/de\/wp-json\/wp\/v2\/product"}],"about":[{"href":"https:\/\/smagawonderland.com\/de\/wp-json\/wp\/v2\/types\/product"}],"replies":[{"embeddable":true,"href":"https:\/\/smagawonderland.com\/de\/wp-json\/wp\/v2\/comments?post=2711"}],"wp:featuredmedia":[{"embeddable":true,"href":"https:\/\/smagawonderland.com\/de\/wp-json\/wp\/v2\/media\/2714"}],"wp:attachment":[{"href":"https:\/\/smagawonderland.com\/de\/wp-json\/wp\/v2\/media?parent=2711"}],"wp:term":[{"taxonomy":"product_brand","embeddable":true,"href":"https:\/\/smagawonderland.com\/de\/wp-json\/wp\/v2\/product_brand?post=2711"},{"taxonomy":"product_cat","embeddable":true,"href":"https:\/\/smagawonderland.com\/de\/wp-json\/wp\/v2\/product_cat?post=2711"},{"taxonomy":"product_tag","embeddable":true,"href":"https:\/\/smagawonderland.com\/de\/wp-json\/wp\/v2\/product_tag?post=2711"}],"curies":[{"name":"wp","href":"https:\/\/api.w.org\/{rel}","templated":true}]}}