{"id":2634,"date":"2026-04-14T19:07:04","date_gmt":"2026-04-14T19:07:04","guid":{"rendered":"https:\/\/smagawonderland.com\/?post_type=product&#038;p=2634"},"modified":"2026-04-14T19:11:09","modified_gmt":"2026-04-14T19:11:09","slug":"drewniana-lampka-stolowa-pomaranczowe-kwiaty","status":"publish","type":"product","link":"https:\/\/smagawonderland.com\/de\/produkt\/drewniana-lampka-stolowa-pomaranczowe-kwiaty\/","title":{"rendered":"Holztischlampe: Orangefarbene Blumen"},"content":{"rendered":"<h3>W\u00e4rme, die auf deinem Tisch erbl\u00fcht<\/h3>\n<p>Tsubomi ist eine dezente, aber \u00e4u\u00dferst ausdrucksstarke Tischlampe, deren Name auf Japanisch \u201eBl\u00fctenknospe\u201c bedeutet. Ihre bauchige Form aus Sperrholz erinnert an eine Knospe, die das Licht sanft umh\u00fcllt und darauf wartet, zu erbl\u00fchen. Sie ist die perfekte Erg\u00e4nzung f\u00fcr Innenr\u00e4ume im Japandi- und nat\u00fcrlichen Boho-Stil. Tags\u00fcber zieht sie die Blicke auf sich mit einem fr\u00f6hlichen Pflanzenmuster, das auf handgesch\u00f6pftem nepalesischem Lokta-Papier verborgen ist. Abends \u2013 wenn sie eingeschaltet wird \u2013 erwacht sie zum Leben, erf\u00fcllt den Raum mit einem tiefen, orangefarbenen Schein und wirft um den Sockel herum traumhafte, sternf\u00f6rmige Schatten.<\/p>\n<hr data-start=\"1389\" data-end=\"1392\" \/>\n<h3 data-path-to-node=\"4\">Einzigartiges Papier mit einem fr\u00f6hlichen Blumenmotiv<\/h3>\n<p data-path-to-node=\"5\">Das Herzst\u00fcck dieses Modells ist ein sorgf\u00e4ltig ausgew\u00e4hltes Papier, das mit einem filigranen Muster aus kleinen Bl\u00fcten verziert ist. Die warme, sonnige Farbgebung gewinnt bei Beleuchtung eine unglaubliche Tiefe und erf\u00fcllt den Raum mit einem sanften, entspannenden Glanz. Jedes Blatt hat seine eigene, einzigartige Faserstruktur, was in Kombination mit dem nat\u00fcrlichen Holz daf\u00fcr sorgt, dass Sie ein absolut einzigartiges Exemplar in Ihren H\u00e4nden halten.<\/p>\n<hr data-start=\"1389\" data-end=\"1392\" \/>\n<h3 data-start=\"1394\" data-end=\"1417\">Nat\u00fcrliche Materialien<\/h3>\n<ul>\n<li>\n<p data-path-to-node=\"19,0,0\">Zertifiziertes finnisches Birkensperrholz (FSC).<\/p>\n<\/li>\n<li>\n<p data-path-to-node=\"19,1,0\">Handgesch\u00f6pftes Lokta-Papier aus Nepal.<\/p>\n<\/li>\n<li>\n<p data-path-to-node=\"19,2,0\">Das Papier ist zus\u00e4tzlich mit italienischem Pergament verst\u00e4rkt, um maximale Haltbarkeit zu gew\u00e4hrleisten.<\/p>\n<\/li>\n<\/ul>\n<hr data-start=\"1566\" data-end=\"1569\" \/>\n<h3 data-start=\"1571\" data-end=\"1609\">Eine Langlebigkeit, die \u00fcberrascht (Leicht zu reinigen)<\/h3>\n<p data-path-to-node=\"10\">Vergessen Sie die Bedenken, die Sie mit Lampenschirmen aus Papier haben. Unsere Materialien wurden sorgf\u00e4ltig f\u00fcr den t\u00e4glichen Gebrauch ausgew\u00e4hlt:<\/p>\n<ul data-path-to-node=\"11\">\n<li>\n<p data-path-to-node=\"11,0,0\" class=\"translation-block\"><b data-path-to-node=\"\u201e11,0,0\u201c\" data-index-in-node=\"\u201e0\u201c\">UV-Best\u00e4ndigkeit:<\/b> Die Farbstoffe sind \u00e4u\u00dferst sonnenbest\u00e4ndig, sodass die Lampe mit der Zeit nicht ausbleicht.<\/p>\n<\/li>\n<li>\n<p data-path-to-node=\"11,1,0\" class=\"translation-block\">Einfache Pflege: Im Gegensatz zu normalem Papier k\u00f6nnen unsere Lampen und Lampenschirme sicher und schonend mit einem leicht feuchten Tuch abgewischt werden, um Staub zu entfernen.<\/p>\n<\/li>\n<\/ul>\n<hr data-start=\"1389\" data-end=\"1392\" \/>\n<h3 data-start=\"1394\" data-end=\"1417\">Abmessungen und technische Daten<\/h3>\n<ul>\n<li style=\"list-style-type: none;\">\n<ul>\n<li aria-level=\"1\" class=\"translation-block\"><b>Modell:<\/b> Tsubomi-Tischlampe<\/li>\n<li aria-level=\"1\" class=\"translation-block\"><b>Ma\u00dfe:<\/b> \u00d8 16 cm x H 22 cm<\/li>\n<li aria-level=\"1\" class=\"translation-block\"><b>Material der Lampenschirm:<\/b> Nepalesisches Lokta-Papier + Pergament<\/li>\n<li aria-level=\"1\" class=\"translation-block\"><b>Konstruktion:<\/b> Finnisches Sperrholz (FSC), lasergeschnitten<\/li>\n<li aria-level=\"1\" class=\"translation-block\"><b data-path-to-node=\"\u201e15,3,0\u201c\" data-index-in-node=\"\u201e0\u201c\">Stromversorgung:<\/b> Im Lieferumfang ist ein passendes Netzkabel mit einem praktischen Schalter enthalten.<\/li>\n<li aria-level=\"1\" class=\"translation-block\"><b>Thread type:<\/b> E14 (so-called small thread)<\/li>\n<li aria-level=\"1\" class=\"translation-block\"><b>Lichtquelle:<\/b> LED-Gl\u00fchbirne E14, nicht im Lieferumfang enthalten.<\/li>\n<li aria-level=\"1\" class=\"translation-block\"><b>Maximale Leistung:<\/b> 10 W LED<\/li>\n<li aria-level=\"1\" class=\"translation-block\"><b>Lichtfarbe:<\/b> Abh\u00e4ngig von der Gl\u00fchbirne (ausschlie\u00dflich LED-Gl\u00fchbirnen, die sich nicht erw\u00e4rmen).<\/li>\n<li aria-level=\"1\" class=\"translation-block\"><b data-path-to-node=\"\u201e15,7,0\u201c\" data-index-in-node=\"\u201e0\u201c\">Unsere Gl\u00fchbirnenempfehlung:<\/b> Um das Muster auf dem Lokta-Papier sch\u00f6n zur Geltung zu bringen und eine entspannte Atmosph\u00e4re zu schaffen, empfehlen wir LED-Gl\u00fchbirnen mit warmer Lichtfarbe (2700 K)<\/li>\n<li aria-level=\"1\" class=\"translation-block\"><b data-path-to-node=\"\u201e15,8,0\u201c\" data-index-in-node=\"\u201e0\u201c\">Herstellung: <\/b>Zu 100 % von Hand entworfen und gefertigt im polnischen Atelier Smaga Wonderland.<\/li>\n<\/ul>\n<\/li>\n<\/ul>","protected":false},"excerpt":{"rendered":"<p data-path-to-node=\"5,1\">Eine kleine Tischlampe in Form einer Bl\u00fctenknospe. Hergestellt aus Sperrholz und einzigartigem nepalesischem Lokta-Papier mit einem fr\u00f6hlichen Pflanzenmotiv in warmen Orange- und Gelbt\u00f6nen. Ideal f\u00fcr den Nachttisch im Schlafzimmer oder die Kommode im Wohnzimmer, wo sie eine unglaublich gem\u00fctliche Atmosph\u00e4re schafft. Im Lieferumfang ist ein Kabel mit Schalter enthalten \u2013 die Lampe ist sofort aufstell- und anschlusfertig! Handgefertigt in Polen.<\/p>\n<ul data-path-to-node=\"5,2\">\n<li>\n<p data-path-to-node=\"5,2,0,0\" class=\"translation-block\"><b data-path-to-node=\"\u201e5,2,0,0\u201c\" data-index-in-node=\"\u201e0\u201c\">Material:<\/b> Finnisches Birkensperrholz + Papier (100 % Lokta)<\/p>\n<\/li>\n<li class=\"translation-block\"><b data-path-to-node=\"\u201e3,2,1,0\u201c\" data-index-in-node=\"\u201e2\u201c\">Superkraft:<\/b> Best\u00e4ndig gegen Ausbleichen durch Sonneneinstrahlung. Kann vorsichtig mit einem feuchten Tuch abgewischt werden.<\/li>\n<li class=\"translation-block\"><b>Ma\u00dfe:<\/b> \u00d8 16 cm x H 22 cm<\/li>\n<\/ul>","protected":false},"featured_media":2643,"comment_status":"open","ping_status":"closed","template":"","meta":{"_kadence_starter_templates_imported_post":false,"_kad_post_transparent":"default","_kad_post_title":"","_kad_post_layout":"default","_kad_post_sidebar_id":"","_kad_post_content_style":"default","_kad_post_vertical_padding":"default","_kad_post_feature":"","_kad_post_feature_position":"","_kad_post_header":false,"_kad_post_footer":false,"_kad_post_classname":""},"product_brand":[63],"product_cat":[76],"product_tag":[89,33,32,34,78,80,79,30,28,77,35,29,88,27,31,81],"class_list":{"0":"post-2634","1":"product","2":"type-product","3":"status-publish","4":"has-post-thumbnail","6":"product_brand-smagawonderland","7":"product_cat-lampki-nocne","8":"product_tag-ciepla-lampa-nocna","9":"product_tag-ekologiczny-design","10":"product_tag-lampa-boho","11":"product_tag-lampa-do-salonu","12":"product_tag-lampa-nocna","13":"product_tag-lampa-smok","14":"product_tag-lampa-stolowa","15":"product_tag-lampa-z-papieru","16":"product_tag-lampa-ze-sklejki","17":"product_tag-lampka-w-stylu-japonskim","18":"product_tag-nowoczesne-oswietlenie","19":"product_tag-oswietlenie-drewniane","20":"product_tag-pomaranczowa-lampa-nocna","21":"product_tag-styl-japandi","22":"product_tag-styl-skandynawski","23":"product_tag-styl-wabi-sabi","25":"first","26":"instock","27":"taxable","28":"shipping-taxable","29":"purchasable","30":"product-type-simple","31":"entry","32":"content-bg","33":"loop-entry"},"yoast_head":"<!-- This site is optimized with the Yoast SEO plugin v27.5 - https:\/\/yoast.com\/product\/yoast-seo-wordpress\/ -->\n<title>Drewniana lampka sto\u0142owa: Pomara\u0144czowe kwiaty<\/title>\n<meta name=\"description\" content=\"Drewniana lampka sto\u0142owa Tsubomi z nepalskim papierem Lokta i smokami wprowadzi do wn\u0119trza ciep\u0142e \u015bwiat\u0142o i orientalny klimat.\" \/>\n<meta name=\"robots\" content=\"index, follow, max-snippet:-1, max-image-preview:large, max-video-preview:-1\" \/>\n<link rel=\"canonical\" href=\"https:\/\/smagawonderland.com\/de\/produkt\/drewniana-lampka-stolowa-pomaranczowe-kwiaty\/\" \/>\n<meta property=\"og:locale\" content=\"de_DE\" \/>\n<meta property=\"og:type\" content=\"article\" \/>\n<meta property=\"og:title\" content=\"Drewniana lampka sto\u0142owa: Pomara\u0144czowe kwiaty\" \/>\n<meta property=\"og:description\" content=\"Drewniana lampka sto\u0142owa Tsubomi z nepalskim papierem Lokta i smokami wprowadzi do wn\u0119trza ciep\u0142e \u015bwiat\u0142o i orientalny klimat.\" \/>\n<meta property=\"og:url\" content=\"https:\/\/smagawonderland.com\/de\/produkt\/drewniana-lampka-stolowa-pomaranczowe-kwiaty\/\" \/>\n<meta property=\"og:site_name\" content=\"\u015awiat\u0142o inspirowane natur\u0105\" \/>\n<meta property=\"article:modified_time\" content=\"2026-04-14T19:11:09+00:00\" \/>\n<meta property=\"og:image\" content=\"https:\/\/smagawonderland.com\/wp-content\/uploads\/2026\/04\/small-decorative-desk-lamp-orange-glow-smaga-wonderland.jpg\" \/>\n\t<meta property=\"og:image:width\" content=\"540\" \/>\n\t<meta property=\"og:image:height\" content=\"675\" \/>\n\t<meta property=\"og:image:type\" content=\"image\/jpeg\" \/>\n<meta name=\"twitter:card\" content=\"summary_large_image\" \/>\n<meta name=\"twitter:label1\" content=\"Gesch\u00e4tzte Lesezeit\" \/>\n\t<meta name=\"twitter:data1\" content=\"3\u00a0Minuten\" \/>\n<script type=\"application\/ld+json\" class=\"yoast-schema-graph\">{\"@context\":\"https:\\\/\\\/schema.org\",\"@graph\":[{\"@type\":\"WebPage\",\"@id\":\"https:\\\/\\\/smagawonderland.com\\\/produkt\\\/drewniana-lampka-stolowa-pomaranczowe-kwiaty\\\/\",\"url\":\"https:\\\/\\\/smagawonderland.com\\\/produkt\\\/drewniana-lampka-stolowa-pomaranczowe-kwiaty\\\/\",\"name\":\"Drewniana lampka sto\u0142owa: Pomara\u0144czowe kwiaty\",\"isPartOf\":{\"@id\":\"https:\\\/\\\/smagawonderland.com\\\/#website\"},\"primaryImageOfPage\":{\"@id\":\"https:\\\/\\\/smagawonderland.com\\\/produkt\\\/drewniana-lampka-stolowa-pomaranczowe-kwiaty\\\/#primaryimage\"},\"image\":{\"@id\":\"https:\\\/\\\/smagawonderland.com\\\/produkt\\\/drewniana-lampka-stolowa-pomaranczowe-kwiaty\\\/#primaryimage\"},\"thumbnailUrl\":\"https:\\\/\\\/smagawonderland.com\\\/wp-content\\\/uploads\\\/2026\\\/04\\\/small-decorative-desk-lamp-orange-glow-smaga-wonderland.jpg\",\"datePublished\":\"2026-04-14T19:07:04+00:00\",\"dateModified\":\"2026-04-14T19:11:09+00:00\",\"description\":\"Drewniana lampka sto\u0142owa Tsubomi z nepalskim papierem Lokta i smokami wprowadzi do wn\u0119trza ciep\u0142e \u015bwiat\u0142o i orientalny klimat.\",\"breadcrumb\":{\"@id\":\"https:\\\/\\\/smagawonderland.com\\\/produkt\\\/drewniana-lampka-stolowa-pomaranczowe-kwiaty\\\/#breadcrumb\"},\"inLanguage\":\"de\",\"potentialAction\":[{\"@type\":\"ReadAction\",\"target\":[\"https:\\\/\\\/smagawonderland.com\\\/produkt\\\/drewniana-lampka-stolowa-pomaranczowe-kwiaty\\\/\"]}]},{\"@type\":\"ImageObject\",\"inLanguage\":\"de\",\"@id\":\"https:\\\/\\\/smagawonderland.com\\\/produkt\\\/drewniana-lampka-stolowa-pomaranczowe-kwiaty\\\/#primaryimage\",\"url\":\"https:\\\/\\\/smagawonderland.com\\\/wp-content\\\/uploads\\\/2026\\\/04\\\/small-decorative-desk-lamp-orange-glow-smaga-wonderland.jpg\",\"contentUrl\":\"https:\\\/\\\/smagawonderland.com\\\/wp-content\\\/uploads\\\/2026\\\/04\\\/small-decorative-desk-lamp-orange-glow-smaga-wonderland.jpg\",\"width\":540,\"height\":675,\"caption\":\"R\u0119cznie robiona drewniana lampa sto\u0142owa ze \u015bwiec\u0105cym pomara\u0144czowym kloszem z papieru Lokta w kwiaty, stoj\u0105ca na bia\u0142ej powierzchni\"},{\"@type\":\"BreadcrumbList\",\"@id\":\"https:\\\/\\\/smagawonderland.com\\\/produkt\\\/drewniana-lampka-stolowa-pomaranczowe-kwiaty\\\/#breadcrumb\",\"itemListElement\":[{\"@type\":\"ListItem\",\"position\":1,\"name\":\"Strona g\u0142\u00f3wna\",\"item\":\"https:\\\/\\\/smagawonderland.com\\\/\"},{\"@type\":\"ListItem\",\"position\":2,\"name\":\"Sklep\",\"item\":\"https:\\\/\\\/smagawonderland.com\\\/sklep\\\/\"},{\"@type\":\"ListItem\",\"position\":3,\"name\":\"Drewniana lampka sto\u0142owa: Pomara\u0144czowe kwiaty\"}]},{\"@type\":\"WebSite\",\"@id\":\"https:\\\/\\\/smagawonderland.com\\\/#website\",\"url\":\"https:\\\/\\\/smagawonderland.com\\\/\",\"name\":\"\u015awiat\u0142o inspirowane natur\u0105\",\"description\":\"\",\"publisher\":{\"@id\":\"https:\\\/\\\/smagawonderland.com\\\/#organization\"},\"potentialAction\":[{\"@type\":\"SearchAction\",\"target\":{\"@type\":\"EntryPoint\",\"urlTemplate\":\"https:\\\/\\\/smagawonderland.com\\\/?s={search_term_string}\"},\"query-input\":{\"@type\":\"PropertyValueSpecification\",\"valueRequired\":true,\"valueName\":\"search_term_string\"}}],\"inLanguage\":\"de\"},{\"@type\":\"Organization\",\"@id\":\"https:\\\/\\\/smagawonderland.com\\\/#organization\",\"name\":\"\u015awiat\u0142o inspirowane natur\u0105\",\"url\":\"https:\\\/\\\/smagawonderland.com\\\/\",\"logo\":{\"@type\":\"ImageObject\",\"inLanguage\":\"de\",\"@id\":\"https:\\\/\\\/smagawonderland.com\\\/#\\\/schema\\\/logo\\\/image\\\/\",\"url\":\"https:\\\/\\\/smagawonderland.com\\\/wp-content\\\/uploads\\\/2026\\\/02\\\/smaga-white-logo.png\",\"contentUrl\":\"https:\\\/\\\/smagawonderland.com\\\/wp-content\\\/uploads\\\/2026\\\/02\\\/smaga-white-logo.png\",\"width\":1169,\"height\":324,\"caption\":\"\u015awiat\u0142o inspirowane natur\u0105\"},\"image\":{\"@id\":\"https:\\\/\\\/smagawonderland.com\\\/#\\\/schema\\\/logo\\\/image\\\/\"}}]}<\/script>\n<!-- \/ Yoast SEO plugin. -->","yoast_head_json":{"title":"Holztischlampe: Orangefarbene Blumen","description":"Drewniana lampka sto\u0142owa Tsubomi z nepalskim papierem Lokta i smokami wprowadzi do wn\u0119trza ciep\u0142e \u015bwiat\u0142o i orientalny klimat.","robots":{"index":"index","follow":"follow","max-snippet":"max-snippet:-1","max-image-preview":"max-image-preview:large","max-video-preview":"max-video-preview:-1"},"canonical":"https:\/\/smagawonderland.com\/de\/produkt\/drewniana-lampka-stolowa-pomaranczowe-kwiaty\/","og_locale":"de_DE","og_type":"article","og_title":"Drewniana lampka sto\u0142owa: Pomara\u0144czowe kwiaty","og_description":"Drewniana lampka sto\u0142owa Tsubomi z nepalskim papierem Lokta i smokami wprowadzi do wn\u0119trza ciep\u0142e \u015bwiat\u0142o i orientalny klimat.","og_url":"https:\/\/smagawonderland.com\/de\/produkt\/drewniana-lampka-stolowa-pomaranczowe-kwiaty\/","og_site_name":"\u015awiat\u0142o inspirowane natur\u0105","article_modified_time":"2026-04-14T19:11:09+00:00","og_image":[{"width":540,"height":675,"url":"https:\/\/smagawonderland.com\/wp-content\/uploads\/2026\/04\/small-decorative-desk-lamp-orange-glow-smaga-wonderland.jpg","type":"image\/jpeg"}],"twitter_card":"summary_large_image","twitter_misc":{"Gesch\u00e4tzte Lesezeit":"3\u00a0Minuten"},"schema":{"@context":"https:\/\/schema.org","@graph":[{"@type":"WebPage","@id":"https:\/\/smagawonderland.com\/produkt\/drewniana-lampka-stolowa-pomaranczowe-kwiaty\/","url":"https:\/\/smagawonderland.com\/produkt\/drewniana-lampka-stolowa-pomaranczowe-kwiaty\/","name":"Holztischlampe: Orangefarbene Blumen","isPartOf":{"@id":"https:\/\/smagawonderland.com\/#website"},"primaryImageOfPage":{"@id":"https:\/\/smagawonderland.com\/produkt\/drewniana-lampka-stolowa-pomaranczowe-kwiaty\/#primaryimage"},"image":{"@id":"https:\/\/smagawonderland.com\/produkt\/drewniana-lampka-stolowa-pomaranczowe-kwiaty\/#primaryimage"},"thumbnailUrl":"https:\/\/smagawonderland.com\/wp-content\/uploads\/2026\/04\/small-decorative-desk-lamp-orange-glow-smaga-wonderland.jpg","datePublished":"2026-04-14T19:07:04+00:00","dateModified":"2026-04-14T19:11:09+00:00","description":"Drewniana lampka sto\u0142owa Tsubomi z nepalskim papierem Lokta i smokami wprowadzi do wn\u0119trza ciep\u0142e \u015bwiat\u0142o i orientalny klimat.","breadcrumb":{"@id":"https:\/\/smagawonderland.com\/produkt\/drewniana-lampka-stolowa-pomaranczowe-kwiaty\/#breadcrumb"},"inLanguage":"de","potentialAction":[{"@type":"ReadAction","target":["https:\/\/smagawonderland.com\/produkt\/drewniana-lampka-stolowa-pomaranczowe-kwiaty\/"]}]},{"@type":"ImageObject","inLanguage":"de","@id":"https:\/\/smagawonderland.com\/produkt\/drewniana-lampka-stolowa-pomaranczowe-kwiaty\/#primaryimage","url":"https:\/\/smagawonderland.com\/wp-content\/uploads\/2026\/04\/small-decorative-desk-lamp-orange-glow-smaga-wonderland.jpg","contentUrl":"https:\/\/smagawonderland.com\/wp-content\/uploads\/2026\/04\/small-decorative-desk-lamp-orange-glow-smaga-wonderland.jpg","width":540,"height":675,"caption":"R\u0119cznie robiona drewniana lampa sto\u0142owa ze \u015bwiec\u0105cym pomara\u0144czowym kloszem z papieru Lokta w kwiaty, stoj\u0105ca na bia\u0142ej powierzchni"},{"@type":"BreadcrumbList","@id":"https:\/\/smagawonderland.com\/produkt\/drewniana-lampka-stolowa-pomaranczowe-kwiaty\/#breadcrumb","itemListElement":[{"@type":"ListItem","position":1,"name":"Strona g\u0142\u00f3wna","item":"https:\/\/smagawonderland.com\/"},{"@type":"ListItem","position":2,"name":"Sklep","item":"https:\/\/smagawonderland.com\/sklep\/"},{"@type":"ListItem","position":3,"name":"Drewniana lampka sto\u0142owa: Pomara\u0144czowe kwiaty"}]},{"@type":"WebSite","@id":"https:\/\/smagawonderland.com\/#website","url":"https:\/\/smagawonderland.com\/","name":"Von der Natur inspiriertes Licht","description":"","publisher":{"@id":"https:\/\/smagawonderland.com\/#organization"},"potentialAction":[{"@type":"SearchAction","target":{"@type":"EntryPoint","urlTemplate":"https:\/\/smagawonderland.com\/?s={search_term_string}"},"query-input":{"@type":"PropertyValueSpecification","valueRequired":true,"valueName":"search_term_string"}}],"inLanguage":"de"},{"@type":"Organization","@id":"https:\/\/smagawonderland.com\/#organization","name":"Von der Natur inspiriertes Licht","url":"https:\/\/smagawonderland.com\/","logo":{"@type":"ImageObject","inLanguage":"de","@id":"https:\/\/smagawonderland.com\/#\/schema\/logo\/image\/","url":"https:\/\/smagawonderland.com\/wp-content\/uploads\/2026\/02\/smaga-white-logo.png","contentUrl":"https:\/\/smagawonderland.com\/wp-content\/uploads\/2026\/02\/smaga-white-logo.png","width":1169,"height":324,"caption":"\u015awiat\u0142o inspirowane natur\u0105"},"image":{"@id":"https:\/\/smagawonderland.com\/#\/schema\/logo\/image\/"}}]}},"jetpack_sharing_enabled":true,"_links":{"self":[{"href":"https:\/\/smagawonderland.com\/de\/wp-json\/wp\/v2\/product\/2634","targetHints":{"allow":["GET"]}}],"collection":[{"href":"https:\/\/smagawonderland.com\/de\/wp-json\/wp\/v2\/product"}],"about":[{"href":"https:\/\/smagawonderland.com\/de\/wp-json\/wp\/v2\/types\/product"}],"replies":[{"embeddable":true,"href":"https:\/\/smagawonderland.com\/de\/wp-json\/wp\/v2\/comments?post=2634"}],"wp:featuredmedia":[{"embeddable":true,"href":"https:\/\/smagawonderland.com\/de\/wp-json\/wp\/v2\/media\/2643"}],"wp:attachment":[{"href":"https:\/\/smagawonderland.com\/de\/wp-json\/wp\/v2\/media?parent=2634"}],"wp:term":[{"taxonomy":"product_brand","embeddable":true,"href":"https:\/\/smagawonderland.com\/de\/wp-json\/wp\/v2\/product_brand?post=2634"},{"taxonomy":"product_cat","embeddable":true,"href":"https:\/\/smagawonderland.com\/de\/wp-json\/wp\/v2\/product_cat?post=2634"},{"taxonomy":"product_tag","embeddable":true,"href":"https:\/\/smagawonderland.com\/de\/wp-json\/wp\/v2\/product_tag?post=2634"}],"curies":[{"name":"wp","href":"https:\/\/api.w.org\/{rel}","templated":true}]}}