{"id":2590,"date":"2026-03-31T18:52:49","date_gmt":"2026-03-31T18:52:49","guid":{"rendered":"https:\/\/smagawonderland.com\/?post_type=product&#038;p=2590"},"modified":"2026-03-31T19:27:47","modified_gmt":"2026-03-31T19:27:47","slug":"lampa-scienna-hiro-surowe-drewno","status":"publish","type":"product","link":"https:\/\/smagawonderland.com\/de\/produkt\/lampa-scienna-hiro-surowe-drewno\/","title":{"rendered":"Kinkiet \u015acienny Hiro Natural \u2013 Lampa Wieloryb ze Sklejki Brzozowej"},"content":{"rendered":"<h3>Majestatyczny w\u0119drowiec w harmonii z natur\u0105<\/h3>\n<p><b data-path-to-node=\"14\" data-index-in-node=\"0\">Kinkiet<\/b> Hiro w wersji \u201eNatural\u201d to \u015bwietlista opowie\u015b\u0107 o bezkresnym oceanie, zamkni\u0119ta w \u0142agodnej, surowej formie. Ten majestatyczny w\u0119drowiec g\u0142\u0119bin bezszelestnie przep\u0142ywa przez wn\u0119trze, nios\u0105c ze sob\u0105 koj\u0105c\u0105 pie\u015b\u0144 morskich fal i poczucie absolutnej harmonii z natur\u0105. W tej edycji zrezygnowali\u015bmy z farb \u2013 oddajemy w Wasze r\u0119ce czyste pi\u0119kno brzozowej sklejki. Jej naturalne us\u0142ojenie, ciep\u0142y odcie\u0144 i minimalistyczny charakter sprawiaj\u0105, \u017ce to wymarzona <b data-path-to-node=\"14\" data-index-in-node=\"458\">lampa do pokoju dzieci\u0119cego<\/b> urz\u0105dzonego w duchu Montessori, boho lub scandi. Niczym cichy stra\u017cnik snu, otula przestrze\u0144 mi\u0119kkim, rozproszonym \u015bwiat\u0142em, tworz\u0105c bezpieczn\u0105 przysta\u0144 do odpoczynku.<\/p>\n<hr data-start=\"1389\" data-end=\"1392\" \/>\n<h3>A\u017cur, kt\u00f3ry buduje klimat<\/h3>\n<p>Misternie wyci\u0119te detale \u2013 fale, kropki i linie zdobi\u0105ce front wieloryba \u2013 tworz\u0105 pi\u0119kny kontrast z jasnym, surowym drewnem. Zaprojektowali\u015bmy je celowo, aby t\u0142umi\u0142y ostre \u015bwiat\u0142o i rozprasza\u0142y je w postaci mi\u0119kkich refleks\u00f3w. W\u0142oski pergamin podklejony od spodu dodatkowo ociepla blask \u017car\u00f3wki. Dzi\u0119ki temu lampa nie razi w oczy, a stanowi idealne o\u015bwietlenie boczne tam, gdzie zale\u017cy Ci na wyciszeniu.<\/p>\n<hr data-start=\"1389\" data-end=\"1392\" \/>\n<h3 data-path-to-node=\"17\">Czyste, ekologiczne pi\u0119kno drewna<\/h3>\n<p data-path-to-node=\"18\">Klosz wycinamy w Polsce z wysokiej jako\u015bci, wytrzyma\u0142ej sklejki brzozowej o grubo\u015bci 4 mm. Bardzo dbamy o zr\u00f3wnowa\u017cony rozw\u00f3j, dlatego drewno, kt\u00f3rego u\u017cywamy, posiada certyfikaty FSC i PEFC. Model Hiro Natural nie jest pokryty \u017cadn\u0105 farb\u0105 ani lakierem \u2013 mo\u017cesz cieszy\u0107 si\u0119 w pe\u0142ni surowym, matowym wyko\u0144czeniem, kt\u00f3re wnosi do wn\u0119trza autentyczny, le\u015bny spok\u00f3j.<\/p>\n<hr data-start=\"1566\" data-end=\"1569\" \/>\n<h3 data-path-to-node=\"19\">Eine Langlebigkeit, die \u00fcberrascht (Leicht zu reinigen)<\/h3>\n<p data-path-to-node=\"20\">Mimo a\u017curowej, wizualnie lekkiej formy, lampa to niezwykle solidny element wyposa\u017cenia. Sklejka brzozowa o grubo\u015bci 4 mm jest materia\u0142em sztywnym i odpornym na odkszta\u0142cenia. Surowe, nielakierowane drewno nie elektryzuje si\u0119 i nie przyci\u0105ga kurzu tak mocno jak sztuczne tworzywa. Aby utrzyma\u0107 klosz w czysto\u015bci, do regularnego od\u015bwie\u017cania wystarczy sucha miote\u0142ka do kurzu lub delikatnie wilgotna, dobrze wyci\u015bni\u0119ta \u015bciereczka. (Unikaj silnego moczenia i chemicznych detergent\u00f3w).<\/p>\n<hr data-start=\"1389\" data-end=\"1392\" \/>\n<h3 data-start=\"1394\" data-end=\"1417\">Abmessungen und technische Daten<\/h3>\n<ul>\n<li style=\"list-style-type: none;\">\n<ul data-path-to-node=\"8\">\n<li>\n<p data-path-to-node=\"8,0,0\"><b data-path-to-node=\"16,0,0\" data-index-in-node=\"0\">Model:<\/b> Kinkiet \u015bcienny Hiro (Wieloryb)<\/p>\n<\/li>\n<li>\n<p data-path-to-node=\"8,0,0\"><b data-path-to-node=\"16,1,0\" data-index-in-node=\"0\">Wymiary:<\/b> wys. 22 cm (8.7&#8243;) | szer. 56 cm (22&#8243;) | g\u0142. 6 cm (2.4&#8243;)<\/p>\n<\/li>\n<li>\n<p data-path-to-node=\"8,0,0\"><b data-path-to-node=\"16,2,0\" data-index-in-node=\"0\">Materia\u0142 klosza:<\/b> Certyfikowana sklejka brzozowa 4 mm (FSC i PEFC) \u2013 surowa, nielakierowana, precyzyjnie wycinana, wyka\u0144czana r\u0119cznie + w\u0142oski pergamin podklejony od spodu, kt\u00f3ry mi\u0119kko rozprasza \u015bwiat\u0142o.<\/p>\n<\/li>\n<li>\n<p data-path-to-node=\"8,0,0\"><b data-path-to-node=\"16,3,0\" data-index-in-node=\"0\">Typ oprawki:<\/b> E14 (tzw. ma\u0142y gwint)<\/p>\n<\/li>\n<li>\n<p data-path-to-node=\"8,0,0\"><b data-path-to-node=\"16,4,0\" data-index-in-node=\"0\"><b>Gewindetyp:<\/b> E14 (sogenanntes Kleingewinde)<\/b> \u017bar\u00f3wka LED (brak w zestawie)<\/p>\n<\/li>\n<li>\n<p data-path-to-node=\"8,0,0\"><b data-path-to-node=\"16,5,0\" data-index-in-node=\"0\">Maksymalna moc:<\/b> 10W (wy\u0142\u0105cznie \u017car\u00f3wki LED, kt\u00f3re si\u0119 nie nagrzewaj\u0105)<\/p>\n<\/li>\n<li>\n<p data-path-to-node=\"8,0,0\"><b data-path-to-node=\"16,6,0\" data-index-in-node=\"0\">Nasza rekomendacja \u017car\u00f3wki:<\/b> Aby uzyska\u0107 przytulny, relaksuj\u0105cy klimat (widoczny na naszych zdj\u0119ciach), polecamy \u017car\u00f3wki LED o ciep\u0142ej barwie \u015bwiat\u0142a (2700K &#8211; 3000K) oraz delikatnej jasno\u015bci ok. 250 &#8211; 400 lumen\u00f3w.<\/p>\n<\/li>\n<li>\n<p data-path-to-node=\"8,0,0\"><b data-path-to-node=\"16,7,0\" data-index-in-node=\"0\">Monta\u017c na \u015bcianie:<\/b> Lampa przystosowana do zawieszenia na 2 wkr\u0119tach. Do paczki do\u0142\u0105czamy wygodny papierowy szablon, dzi\u0119ki kt\u00f3remu bezb\u0142\u0119dnie wywiercisz otwory w \u015bcianie. <i data-path-to-node=\"16,7,0\" data-index-in-node=\"171\">(Uwaga: ze wzgl\u0119du na r\u00f3\u017cne rodzaje \u015bcian w domach naszych klient\u00f3w, wkr\u0119ty i ko\u0142ki rozporowe nie s\u0105 do\u0142\u0105czone do zestawu \u2013 dobierz je odpowiednio do swojej \u015bciany).<\/i><\/p>\n<\/li>\n<li>\n<p data-path-to-node=\"8,0,0\"><b data-path-to-node=\"22,8,0\" data-index-in-node=\"0\">Styl:<\/b> Japandi, Scandi, Boho, Eco, Montessori<\/p>\n<\/li>\n<li>\n<p data-path-to-node=\"8,0,0\"><b data-path-to-node=\"16,9,0\" data-index-in-node=\"0\">Produkcja:<\/b> Zaprojektowano i wykonano w 100% w polskiej pracowni Smaga Wonderland<\/p>\n<\/li>\n<\/ul>\n<\/li>\n<\/ul>\n<hr data-start=\"2200\" data-end=\"2203\" \/>\n<p data-path-to-node=\"12\">","protected":false},"excerpt":{"rendered":"<p data-path-to-node=\"5\"><b data-path-to-node=\"1\" data-index-in-node=\"0\">Hiro<\/b> (z jap. rozleg\u0142y, ogromny) to \u0142agodna forma wieloryba, kt\u00f3ra przywodzi na my\u015bl spok\u00f3j oceanicznych g\u0142\u0119bin. Za dnia stanowi przepi\u0119kn\u0105, drewnian\u0105 dekoracj\u0119 \u015bciany, a wieczorem otula wn\u0119trze mi\u0119kkim, rozproszonym \u015bwiat\u0142em. To idealny wyb\u00f3r do pokoju malucha, sypialni lub salonu.<\/p>\n<ul data-path-to-node=\"6\">\n<li>\n<p data-path-to-node=\"6,0,0\"><b data-path-to-node=\"6,0,0\" data-index-in-node=\"0\">Wymiary:<\/b> wys. 22 cm (8.7&#8243;) | szer. 56 cm (22&#8243;) | g\u0142. 6 cm (2.4&#8243;)<\/p>\n<\/li>\n<li>\n<p data-path-to-node=\"6,0,0\"><b data-path-to-node=\"6,1,0\" data-index-in-node=\"0\">Materia\u0142:<\/b> Certyfikowana sklejka brzozowa 4 mm (FSC i PEFC) \u2013 surowa, nielakierowana, precyzyjnie wycinana, wyka\u0144czana r\u0119cznie + w\u0142oski pergamin podklejony od spodu, kt\u00f3ry mi\u0119kko rozprasza \u015bwiat\u0142o.<\/p>\n<\/li>\n<li>\n<p data-path-to-node=\"6,0,0\"><b data-path-to-node=\"6,3,0\" data-index-in-node=\"0\">Produkcja:<\/b> W 100% wycinane i wyka\u0144czane r\u0119cznie w Polsce.<\/p>\n<\/li>\n<\/ul>","protected":false},"featured_media":2562,"comment_status":"open","ping_status":"closed","template":"","meta":{"_kadence_starter_templates_imported_post":false,"_kad_post_transparent":"default","_kad_post_title":"","_kad_post_layout":"default","_kad_post_sidebar_id":"","_kad_post_content_style":"default","_kad_post_vertical_padding":"default","_kad_post_feature":"","_kad_post_feature_position":"","_kad_post_header":false,"_kad_post_footer":false,"_kad_post_classname":""},"product_brand":[63],"product_cat":[62,61],"product_tag":[86,67,33,73,71,32,65,34,66,84,28,87,74,83,75,35,64,31],"class_list":{"0":"post-2590","1":"product","2":"type-product","3":"status-publish","4":"has-post-thumbnail","6":"product_brand-smagawonderland","7":"product_cat-lampy-dzieciece","8":"product_cat-lampy-scienne","9":"product_tag-dekoracja-scienna-wieloryb","10":"product_tag-drewniany-kinkiet-scienny","11":"product_tag-ekologiczny-design","12":"product_tag-kinkiet-scienny","13":"product_tag-lampa-azurowa","14":"product_tag-lampa-boho","15":"product_tag-lampa-do-pokoju-dzieciecego","16":"product_tag-lampa-do-salonu","17":"product_tag-lampa-scienna","18":"product_tag-lampa-wieloryb","19":"product_tag-lampa-ze-sklejki","20":"product_tag-lampka-montessori","21":"product_tag-lampka-nocna","22":"product_tag-lampka-nocna-dla-dzieci","23":"product_tag-lampka-oceaniczna","24":"product_tag-nowoczesne-oswietlenie","25":"product_tag-styl-rustykalny","26":"product_tag-styl-skandynawski","28":"first","29":"instock","30":"taxable","31":"shipping-taxable","32":"purchasable","33":"product-type-variable","34":"entry","35":"content-bg","36":"loop-entry"},"yoast_head":"<!-- This site is optimized with the Yoast SEO plugin v27.5 - https:\/\/yoast.com\/product\/yoast-seo-wordpress\/ -->\n<title>Kinkiet Wieloryb Hiro Surowe Drewno - Smaga Wonderland<\/title>\n<meta name=\"description\" content=\"Kinkiet wieloryb z nielakierowanej sklejki. Bezpieczna, naturalna lampa do pokoju dzieci\u0119cego, kt\u00f3ra otula przestrze\u0144 relaksuj\u0105cym, mi\u0119kkim blaskiem.\" \/>\n<meta name=\"robots\" content=\"index, follow, max-snippet:-1, max-image-preview:large, max-video-preview:-1\" \/>\n<link rel=\"canonical\" href=\"https:\/\/smagawonderland.com\/de\/produkt\/lampa-scienna-hiro-surowe-drewno\/\" \/>\n<meta property=\"og:locale\" content=\"de_DE\" \/>\n<meta property=\"og:type\" content=\"article\" \/>\n<meta property=\"og:title\" content=\"Kinkiet Wieloryb Hiro Surowe Drewno - Smaga Wonderland\" \/>\n<meta property=\"og:description\" content=\"Kinkiet wieloryb z nielakierowanej sklejki. Bezpieczna, naturalna lampa do pokoju dzieci\u0119cego, kt\u00f3ra otula przestrze\u0144 relaksuj\u0105cym, mi\u0119kkim blaskiem.\" \/>\n<meta property=\"og:url\" content=\"https:\/\/smagawonderland.com\/de\/produkt\/lampa-scienna-hiro-surowe-drewno\/\" \/>\n<meta property=\"og:site_name\" content=\"\u015awiat\u0142o inspirowane natur\u0105\" \/>\n<meta property=\"article:modified_time\" content=\"2026-03-31T19:27:47+00:00\" \/>\n<meta property=\"og:image\" content=\"https:\/\/smagawonderland.com\/wp-content\/uploads\/2026\/03\/drewniana-azurowa-lampa-wieloryb-na-sciane-smaga-wonderland.jpg\" \/>\n\t<meta property=\"og:image:width\" content=\"1229\" \/>\n\t<meta property=\"og:image:height\" content=\"1638\" \/>\n\t<meta property=\"og:image:type\" content=\"image\/jpeg\" \/>\n<meta name=\"twitter:card\" content=\"summary_large_image\" \/>\n<meta name=\"twitter:label1\" content=\"Gesch\u00e4tzte Lesezeit\" \/>\n\t<meta name=\"twitter:data1\" content=\"3\u00a0Minuten\" \/>\n<script type=\"application\/ld+json\" class=\"yoast-schema-graph\">{\"@context\":\"https:\\\/\\\/schema.org\",\"@graph\":[{\"@type\":\"WebPage\",\"@id\":\"https:\\\/\\\/smagawonderland.com\\\/produkt\\\/lampa-scienna-hiro-surowe-drewno\\\/\",\"url\":\"https:\\\/\\\/smagawonderland.com\\\/produkt\\\/lampa-scienna-hiro-surowe-drewno\\\/\",\"name\":\"Kinkiet Wieloryb Hiro Surowe Drewno - Smaga Wonderland\",\"isPartOf\":{\"@id\":\"https:\\\/\\\/smagawonderland.com\\\/#website\"},\"primaryImageOfPage\":{\"@id\":\"https:\\\/\\\/smagawonderland.com\\\/produkt\\\/lampa-scienna-hiro-surowe-drewno\\\/#primaryimage\"},\"image\":{\"@id\":\"https:\\\/\\\/smagawonderland.com\\\/produkt\\\/lampa-scienna-hiro-surowe-drewno\\\/#primaryimage\"},\"thumbnailUrl\":\"https:\\\/\\\/smagawonderland.com\\\/wp-content\\\/uploads\\\/2026\\\/03\\\/drewniana-azurowa-lampa-wieloryb-na-sciane-smaga-wonderland.jpg\",\"datePublished\":\"2026-03-31T18:52:49+00:00\",\"dateModified\":\"2026-03-31T19:27:47+00:00\",\"description\":\"Kinkiet wieloryb z nielakierowanej sklejki. Bezpieczna, naturalna lampa do pokoju dzieci\u0119cego, kt\u00f3ra otula przestrze\u0144 relaksuj\u0105cym, mi\u0119kkim blaskiem.\",\"breadcrumb\":{\"@id\":\"https:\\\/\\\/smagawonderland.com\\\/produkt\\\/lampa-scienna-hiro-surowe-drewno\\\/#breadcrumb\"},\"inLanguage\":\"de\",\"potentialAction\":[{\"@type\":\"ReadAction\",\"target\":[\"https:\\\/\\\/smagawonderland.com\\\/produkt\\\/lampa-scienna-hiro-surowe-drewno\\\/\"]}]},{\"@type\":\"ImageObject\",\"inLanguage\":\"de\",\"@id\":\"https:\\\/\\\/smagawonderland.com\\\/produkt\\\/lampa-scienna-hiro-surowe-drewno\\\/#primaryimage\",\"url\":\"https:\\\/\\\/smagawonderland.com\\\/wp-content\\\/uploads\\\/2026\\\/03\\\/drewniana-azurowa-lampa-wieloryb-na-sciane-smaga-wonderland.jpg\",\"contentUrl\":\"https:\\\/\\\/smagawonderland.com\\\/wp-content\\\/uploads\\\/2026\\\/03\\\/drewniana-azurowa-lampa-wieloryb-na-sciane-smaga-wonderland.jpg\",\"width\":1229,\"height\":1638,\"caption\":\"Lampa \u015bcienna wieloryb drewniana sklejka z wyra\u017anymi detalami i przewodem.\"},{\"@type\":\"BreadcrumbList\",\"@id\":\"https:\\\/\\\/smagawonderland.com\\\/produkt\\\/lampa-scienna-hiro-surowe-drewno\\\/#breadcrumb\",\"itemListElement\":[{\"@type\":\"ListItem\",\"position\":1,\"name\":\"Strona g\u0142\u00f3wna\",\"item\":\"https:\\\/\\\/smagawonderland.com\\\/\"},{\"@type\":\"ListItem\",\"position\":2,\"name\":\"Sklep\",\"item\":\"https:\\\/\\\/smagawonderland.com\\\/sklep\\\/\"},{\"@type\":\"ListItem\",\"position\":3,\"name\":\"Kinkiet \u015acienny Hiro Natural \u2013 Lampa Wieloryb ze Sklejki Brzozowej\"}]},{\"@type\":\"WebSite\",\"@id\":\"https:\\\/\\\/smagawonderland.com\\\/#website\",\"url\":\"https:\\\/\\\/smagawonderland.com\\\/\",\"name\":\"\u015awiat\u0142o inspirowane natur\u0105\",\"description\":\"\",\"publisher\":{\"@id\":\"https:\\\/\\\/smagawonderland.com\\\/#organization\"},\"potentialAction\":[{\"@type\":\"SearchAction\",\"target\":{\"@type\":\"EntryPoint\",\"urlTemplate\":\"https:\\\/\\\/smagawonderland.com\\\/?s={search_term_string}\"},\"query-input\":{\"@type\":\"PropertyValueSpecification\",\"valueRequired\":true,\"valueName\":\"search_term_string\"}}],\"inLanguage\":\"de\"},{\"@type\":\"Organization\",\"@id\":\"https:\\\/\\\/smagawonderland.com\\\/#organization\",\"name\":\"\u015awiat\u0142o inspirowane natur\u0105\",\"url\":\"https:\\\/\\\/smagawonderland.com\\\/\",\"logo\":{\"@type\":\"ImageObject\",\"inLanguage\":\"de\",\"@id\":\"https:\\\/\\\/smagawonderland.com\\\/#\\\/schema\\\/logo\\\/image\\\/\",\"url\":\"https:\\\/\\\/smagawonderland.com\\\/wp-content\\\/uploads\\\/2026\\\/02\\\/smaga-white-logo.png\",\"contentUrl\":\"https:\\\/\\\/smagawonderland.com\\\/wp-content\\\/uploads\\\/2026\\\/02\\\/smaga-white-logo.png\",\"width\":1169,\"height\":324,\"caption\":\"\u015awiat\u0142o inspirowane natur\u0105\"},\"image\":{\"@id\":\"https:\\\/\\\/smagawonderland.com\\\/#\\\/schema\\\/logo\\\/image\\\/\"}}]}<\/script>\n<!-- \/ Yoast SEO plugin. -->","yoast_head_json":{"title":"Kinkiet Wieloryb Hiro Surowe Drewno - Smaga Wonderland","description":"Kinkiet wieloryb z nielakierowanej sklejki. Bezpieczna, naturalna lampa do pokoju dzieci\u0119cego, kt\u00f3ra otula przestrze\u0144 relaksuj\u0105cym, mi\u0119kkim blaskiem.","robots":{"index":"index","follow":"follow","max-snippet":"max-snippet:-1","max-image-preview":"max-image-preview:large","max-video-preview":"max-video-preview:-1"},"canonical":"https:\/\/smagawonderland.com\/de\/produkt\/lampa-scienna-hiro-surowe-drewno\/","og_locale":"de_DE","og_type":"article","og_title":"Kinkiet Wieloryb Hiro Surowe Drewno - Smaga Wonderland","og_description":"Kinkiet wieloryb z nielakierowanej sklejki. Bezpieczna, naturalna lampa do pokoju dzieci\u0119cego, kt\u00f3ra otula przestrze\u0144 relaksuj\u0105cym, mi\u0119kkim blaskiem.","og_url":"https:\/\/smagawonderland.com\/de\/produkt\/lampa-scienna-hiro-surowe-drewno\/","og_site_name":"\u015awiat\u0142o inspirowane natur\u0105","article_modified_time":"2026-03-31T19:27:47+00:00","og_image":[{"width":1229,"height":1638,"url":"https:\/\/smagawonderland.com\/wp-content\/uploads\/2026\/03\/drewniana-azurowa-lampa-wieloryb-na-sciane-smaga-wonderland.jpg","type":"image\/jpeg"}],"twitter_card":"summary_large_image","twitter_misc":{"Gesch\u00e4tzte Lesezeit":"3\u00a0Minuten"},"schema":{"@context":"https:\/\/schema.org","@graph":[{"@type":"WebPage","@id":"https:\/\/smagawonderland.com\/produkt\/lampa-scienna-hiro-surowe-drewno\/","url":"https:\/\/smagawonderland.com\/produkt\/lampa-scienna-hiro-surowe-drewno\/","name":"Kinkiet Wieloryb Hiro Surowe Drewno - Smaga Wonderland","isPartOf":{"@id":"https:\/\/smagawonderland.com\/#website"},"primaryImageOfPage":{"@id":"https:\/\/smagawonderland.com\/produkt\/lampa-scienna-hiro-surowe-drewno\/#primaryimage"},"image":{"@id":"https:\/\/smagawonderland.com\/produkt\/lampa-scienna-hiro-surowe-drewno\/#primaryimage"},"thumbnailUrl":"https:\/\/smagawonderland.com\/wp-content\/uploads\/2026\/03\/drewniana-azurowa-lampa-wieloryb-na-sciane-smaga-wonderland.jpg","datePublished":"2026-03-31T18:52:49+00:00","dateModified":"2026-03-31T19:27:47+00:00","description":"Kinkiet wieloryb z nielakierowanej sklejki. Bezpieczna, naturalna lampa do pokoju dzieci\u0119cego, kt\u00f3ra otula przestrze\u0144 relaksuj\u0105cym, mi\u0119kkim blaskiem.","breadcrumb":{"@id":"https:\/\/smagawonderland.com\/produkt\/lampa-scienna-hiro-surowe-drewno\/#breadcrumb"},"inLanguage":"de","potentialAction":[{"@type":"ReadAction","target":["https:\/\/smagawonderland.com\/produkt\/lampa-scienna-hiro-surowe-drewno\/"]}]},{"@type":"ImageObject","inLanguage":"de","@id":"https:\/\/smagawonderland.com\/produkt\/lampa-scienna-hiro-surowe-drewno\/#primaryimage","url":"https:\/\/smagawonderland.com\/wp-content\/uploads\/2026\/03\/drewniana-azurowa-lampa-wieloryb-na-sciane-smaga-wonderland.jpg","contentUrl":"https:\/\/smagawonderland.com\/wp-content\/uploads\/2026\/03\/drewniana-azurowa-lampa-wieloryb-na-sciane-smaga-wonderland.jpg","width":1229,"height":1638,"caption":"Lampa \u015bcienna wieloryb drewniana sklejka z wyra\u017anymi detalami i przewodem."},{"@type":"BreadcrumbList","@id":"https:\/\/smagawonderland.com\/produkt\/lampa-scienna-hiro-surowe-drewno\/#breadcrumb","itemListElement":[{"@type":"ListItem","position":1,"name":"Strona g\u0142\u00f3wna","item":"https:\/\/smagawonderland.com\/"},{"@type":"ListItem","position":2,"name":"Sklep","item":"https:\/\/smagawonderland.com\/sklep\/"},{"@type":"ListItem","position":3,"name":"Kinkiet \u015acienny Hiro Natural \u2013 Lampa Wieloryb ze Sklejki Brzozowej"}]},{"@type":"WebSite","@id":"https:\/\/smagawonderland.com\/#website","url":"https:\/\/smagawonderland.com\/","name":"Von der Natur inspiriertes Licht","description":"","publisher":{"@id":"https:\/\/smagawonderland.com\/#organization"},"potentialAction":[{"@type":"SearchAction","target":{"@type":"EntryPoint","urlTemplate":"https:\/\/smagawonderland.com\/?s={search_term_string}"},"query-input":{"@type":"PropertyValueSpecification","valueRequired":true,"valueName":"search_term_string"}}],"inLanguage":"de"},{"@type":"Organization","@id":"https:\/\/smagawonderland.com\/#organization","name":"Von der Natur inspiriertes Licht","url":"https:\/\/smagawonderland.com\/","logo":{"@type":"ImageObject","inLanguage":"de","@id":"https:\/\/smagawonderland.com\/#\/schema\/logo\/image\/","url":"https:\/\/smagawonderland.com\/wp-content\/uploads\/2026\/02\/smaga-white-logo.png","contentUrl":"https:\/\/smagawonderland.com\/wp-content\/uploads\/2026\/02\/smaga-white-logo.png","width":1169,"height":324,"caption":"\u015awiat\u0142o inspirowane natur\u0105"},"image":{"@id":"https:\/\/smagawonderland.com\/#\/schema\/logo\/image\/"}}]}},"jetpack_sharing_enabled":true,"_links":{"self":[{"href":"https:\/\/smagawonderland.com\/de\/wp-json\/wp\/v2\/product\/2590","targetHints":{"allow":["GET"]}}],"collection":[{"href":"https:\/\/smagawonderland.com\/de\/wp-json\/wp\/v2\/product"}],"about":[{"href":"https:\/\/smagawonderland.com\/de\/wp-json\/wp\/v2\/types\/product"}],"replies":[{"embeddable":true,"href":"https:\/\/smagawonderland.com\/de\/wp-json\/wp\/v2\/comments?post=2590"}],"wp:featuredmedia":[{"embeddable":true,"href":"https:\/\/smagawonderland.com\/de\/wp-json\/wp\/v2\/media\/2562"}],"wp:attachment":[{"href":"https:\/\/smagawonderland.com\/de\/wp-json\/wp\/v2\/media?parent=2590"}],"wp:term":[{"taxonomy":"product_brand","embeddable":true,"href":"https:\/\/smagawonderland.com\/de\/wp-json\/wp\/v2\/product_brand?post=2590"},{"taxonomy":"product_cat","embeddable":true,"href":"https:\/\/smagawonderland.com\/de\/wp-json\/wp\/v2\/product_cat?post=2590"},{"taxonomy":"product_tag","embeddable":true,"href":"https:\/\/smagawonderland.com\/de\/wp-json\/wp\/v2\/product_tag?post=2590"}],"curies":[{"name":"wp","href":"https:\/\/api.w.org\/{rel}","templated":true}]}}