{"id":2460,"date":"2026-03-04T19:24:27","date_gmt":"2026-03-04T19:24:27","guid":{"rendered":"https:\/\/smagawonderland.com\/?post_type=product&#038;p=2460"},"modified":"2026-04-19T12:13:31","modified_gmt":"2026-04-19T12:13:31","slug":"drewniana-lampa-stolowa-z-motywem-smoka","status":"publish","type":"product","link":"https:\/\/smagawonderland.com\/de\/produkt\/drewniana-lampa-stolowa-z-motywem-smoka\/","title":{"rendered":"Drewniana lampka sto\u0142owa Tsubomi (P\u0105k) \u2013 Motyw Smoka."},"content":{"rendered":"<h3>Rozkwitaj\u0105ce \u015bwiat\u0142o na Twoim stoliku<\/h3>\n<p>Tsubomi to niewielka, ale niezwykle wyrazista lampka sto\u0142owa, kt\u00f3rej nazwa oznacza p\u0105k kwiatu. Jej p\u0119kata forma i pionowe \u017ceberka ze sklejki przypominaj\u0105 otulaj\u0105cy \u015bwiat\u0142o p\u0105czek, gotowy do rozkwitni\u0119cia. Wprowadzi do Twojego wn\u0119trza unikalny, azjatycki klimat. Za dnia przyci\u0105ga wzrok fascynuj\u0105cym wzorem smok\u00f3w, a wieczorem \u2013 po w\u0142\u0105czeniu \u2013 zamienia si\u0119 w magiczne \u017ar\u00f3d\u0142o nastrojowego \u015bwiat\u0142a, rzucaj\u0105c wok\u00f3\u0142 podstawy przepi\u0119kne, gwia\u017adziste cienie.<\/p>\n<hr data-start=\"1389\" data-end=\"1392\" \/>\n<h3 data-start=\"1394\" data-end=\"1417\">R\u0119cznie czerpany papier Lokta z motywem smoka<\/h3>\n<p>Sercem tego modelu jest wyj\u0105tkowy, r\u0119cznie czerpany w Nepalu papier Lokta. Zdobi go misterny, orientalny motyw smok\u00f3w i chmur, kt\u00f3ry po pod\u015bwietleniu zyskuje niesamowit\u0105 g\u0142\u0119bi\u0119 i ciep\u0142o. Ka\u017cdy arkusz papieru ma swoj\u0105 w\u0142asn\u0105, unikaln\u0105 struktur\u0119 w\u0142\u00f3kien, co w po\u0142\u0105czeniu z naturalnym, bejcowanym drewnem sprawia, \u017ce w Twoje r\u0119ce trafia absolutnie niepowtarzalny egzemplarz.<\/p>\n<hr data-start=\"1389\" data-end=\"1392\" \/>\n<h3 data-start=\"1394\" data-end=\"1417\">Nat\u00fcrliche Materialien<\/h3>\n<ul>\n<li>\n<p data-path-to-node=\"19,0,0\">Zertifiziertes finnisches Birkensperrholz (FSC).<\/p>\n<\/li>\n<li>\n<p data-path-to-node=\"19,1,0\">Handgesch\u00f6pftes Lokta-Papier aus Nepal.<\/p>\n<\/li>\n<li>\n<p data-path-to-node=\"19,2,0\">Das Papier ist zus\u00e4tzlich mit italienischem Pergament verst\u00e4rkt, um maximale Haltbarkeit zu gew\u00e4hrleisten.<\/p>\n<\/li>\n<\/ul>\n<hr data-start=\"1566\" data-end=\"1569\" \/>\n<h3 data-start=\"1571\" data-end=\"1609\">Eine Langlebigkeit, die \u00fcberrascht (Leicht zu reinigen)<\/h3>\n<p data-path-to-node=\"10\">Vergessen Sie die Bedenken, die Sie mit Lampenschirmen aus Papier haben. Unsere Materialien wurden sorgf\u00e4ltig f\u00fcr den t\u00e4glichen Gebrauch ausgew\u00e4hlt:<\/p>\n<ul data-path-to-node=\"11\">\n<li>\n<p data-path-to-node=\"11,0,0\" class=\"translation-block\"><b data-path-to-node=\"\u201e11,0,0\u201c\" data-index-in-node=\"\u201e0\u201c\">UV-Best\u00e4ndigkeit:<\/b> Die Farbstoffe sind \u00e4u\u00dferst sonnenbest\u00e4ndig, sodass die Lampe mit der Zeit nicht ausbleicht.<\/p>\n<\/li>\n<li>\n<p data-path-to-node=\"11,1,0\" class=\"translation-block\">Einfache Pflege: Im Gegensatz zu normalem Papier k\u00f6nnen unsere Lampen und Lampenschirme sicher und schonend mit einem leicht feuchten Tuch abgewischt werden, um Staub zu entfernen.<\/p>\n<\/li>\n<\/ul>\n<hr data-start=\"1389\" data-end=\"1392\" \/>\n<h3 data-start=\"1394\" data-end=\"1417\">Abmessungen und technische Daten<\/h3>\n<ul>\n<li style=\"list-style-type: none;\">\n<ul>\n<li aria-level=\"1\"><b>Model:<\/b> Lampka sto\u0142owa Tsubomi Smoki<\/li>\n<li aria-level=\"1\" class=\"translation-block\"><b>Ma\u00dfe:<\/b> \u00d8 16 cm x H 22 cm<\/li>\n<li aria-level=\"1\" class=\"translation-block\"><b>Material der Lampenschirm:<\/b> Nepalesisches Lokta-Papier + Pergament<\/li>\n<li aria-level=\"1\" class=\"translation-block\"><b>Konstruktion:<\/b> Finnisches Sperrholz (FSC), lasergeschnitten<\/li>\n<li aria-level=\"1\" class=\"translation-block\"><b data-path-to-node=\"\u201e15,3,0\u201c\" data-index-in-node=\"\u201e0\u201c\">Stromversorgung:<\/b> Im Lieferumfang ist ein passendes Netzkabel mit einem praktischen Schalter enthalten.<\/li>\n<li aria-level=\"1\" class=\"translation-block\"><b>Thread type:<\/b> E14 (so-called small thread)<\/li>\n<li aria-level=\"1\" class=\"translation-block\"><b>Lichtquelle:<\/b> LED-Gl\u00fchbirne E14, nicht im Lieferumfang enthalten.<\/li>\n<li aria-level=\"1\" class=\"translation-block\"><b>Maximale Leistung:<\/b> 10 W LED<\/li>\n<li aria-level=\"1\" class=\"translation-block\"><b>Lichtfarbe:<\/b> Abh\u00e4ngig von der Gl\u00fchbirne (ausschlie\u00dflich LED-Gl\u00fchbirnen, die sich nicht erw\u00e4rmen).<\/li>\n<li aria-level=\"1\" class=\"translation-block\"><b data-path-to-node=\"\u201e15,7,0\u201c\" data-index-in-node=\"\u201e0\u201c\">Unsere Gl\u00fchbirnenempfehlung:<\/b> Um das Muster auf dem Lokta-Papier sch\u00f6n zur Geltung zu bringen und eine entspannte Atmosph\u00e4re zu schaffen, empfehlen wir LED-Gl\u00fchbirnen mit warmer Lichtfarbe (2700 K)<\/li>\n<li aria-level=\"1\" class=\"translation-block\"><b data-path-to-node=\"\u201e15,8,0\u201c\" data-index-in-node=\"\u201e0\u201c\">Herstellung: <\/b>Zu 100 % von Hand entworfen und gefertigt im polnischen Atelier Smaga Wonderland.<\/li>\n<\/ul>\n<\/li>\n<\/ul>","protected":false},"excerpt":{"rendered":"<p data-path-to-node=\"5,1\">Ma\u0142a lampka sto\u0142owa w formie p\u0105ka kwiatu. Wykonana z bejcowanej sklejki i unikalnego, nepalskiego papieru Lokta ze zjawiskowym motywem smok\u00f3w i chmur. Idealna na sypialnian\u0105 szafk\u0119 nocn\u0105 lub komod\u0119 w salonie. W zestawie znajduje si\u0119 kabel z w\u0142\u0105cznikiem \u2013 lampka jest gotowa do postawienia i pod\u0142\u0105czenia! Wykonana r\u0119cznie w Polsce.<\/p>\n<ul data-path-to-node=\"5,2\">\n<li>\n<p data-path-to-node=\"5,2,0,0\" class=\"translation-block\"><b data-path-to-node=\"\u201e5,2,0,0\u201c\" data-index-in-node=\"\u201e0\u201c\">Material:<\/b> Finnisches Birkensperrholz + Papier (100 % Lokta)<\/p>\n<\/li>\n<li class=\"translation-block\"><b data-path-to-node=\"\u201e3,2,1,0\u201c\" data-index-in-node=\"\u201e2\u201c\">Superkraft:<\/b> Best\u00e4ndig gegen Ausbleichen durch Sonneneinstrahlung. Kann vorsichtig mit einem feuchten Tuch abgewischt werden.<\/li>\n<li class=\"translation-block\"><b>Ma\u00dfe:<\/b> \u00d8 16 cm x H 22 cm<\/li>\n<\/ul>","protected":false},"featured_media":2657,"comment_status":"open","ping_status":"closed","template":"","meta":{"_kadence_starter_templates_imported_post":false,"_kad_post_transparent":"default","_kad_post_title":"","_kad_post_layout":"default","_kad_post_sidebar_id":"","_kad_post_content_style":"default","_kad_post_vertical_padding":"default","_kad_post_feature":"","_kad_post_feature_position":"","_kad_post_header":false,"_kad_post_footer":false,"_kad_post_classname":""},"product_brand":[63],"product_cat":[76],"product_tag":[33,32,34,78,80,79,30,28,77,49,35,29,27,31,81,48],"class_list":{"0":"post-2460","1":"product","2":"type-product","3":"status-publish","4":"has-post-thumbnail","6":"product_brand-smagawonderland","7":"product_cat-lampki-nocne","8":"product_tag-ekologiczny-design","9":"product_tag-lampa-boho","10":"product_tag-lampa-do-salonu","11":"product_tag-lampa-nocna","12":"product_tag-lampa-smok","13":"product_tag-lampa-stolowa","14":"product_tag-lampa-z-papieru","15":"product_tag-lampa-ze-sklejki","16":"product_tag-lampka-w-stylu-japonskim","17":"product_tag-mietowa-lampa","18":"product_tag-nowoczesne-oswietlenie","19":"product_tag-oswietlenie-drewniane","20":"product_tag-styl-japandi","21":"product_tag-styl-skandynawski","22":"product_tag-styl-wabi-sabi","23":"product_tag-szalwiowa-lampa","25":"first","26":"instock","27":"taxable","28":"shipping-taxable","29":"purchasable","30":"product-type-simple","31":"entry","32":"content-bg","33":"loop-entry"},"yoast_head":"<!-- This site is optimized with the Yoast SEO plugin v27.5 - https:\/\/yoast.com\/product\/yoast-seo-wordpress\/ -->\n<title>Drewniana lampka sto\u0142owa Tsubomi: Motyw Smoka.<\/title>\n<meta name=\"description\" content=\"Drewniana lampka sto\u0142owa Tsubomi z nepalskim papierem Lokta i smokami wprowadzi do wn\u0119trza ciep\u0142e \u015bwiat\u0142o i orientalny klimat.\" \/>\n<meta name=\"robots\" content=\"index, follow, max-snippet:-1, max-image-preview:large, max-video-preview:-1\" \/>\n<link rel=\"canonical\" href=\"https:\/\/smagawonderland.com\/de\/produkt\/drewniana-lampa-stolowa-z-motywem-smoka\/\" \/>\n<meta property=\"og:locale\" content=\"de_DE\" \/>\n<meta property=\"og:type\" content=\"article\" \/>\n<meta property=\"og:title\" content=\"Drewniana lampka sto\u0142owa Tsubomi: Motyw Smoka.\" \/>\n<meta property=\"og:description\" content=\"Drewniana lampka sto\u0142owa Tsubomi z nepalskim papierem Lokta i smokami wprowadzi do wn\u0119trza ciep\u0142e \u015bwiat\u0142o i orientalny klimat.\" \/>\n<meta property=\"og:url\" content=\"https:\/\/smagawonderland.com\/de\/produkt\/drewniana-lampa-stolowa-z-motywem-smoka\/\" \/>\n<meta property=\"og:site_name\" content=\"\u015awiat\u0142o inspirowane natur\u0105\" \/>\n<meta property=\"article:modified_time\" content=\"2026-04-19T12:13:31+00:00\" \/>\n<meta property=\"og:image\" content=\"https:\/\/smagawonderland.com\/wp-content\/uploads\/2026\/03\/mala-drewniana-lampka-nocna-tsubomi-na-szafce-nocnej-w-sypialni-japandi-1.jpg\" \/>\n\t<meta property=\"og:image:width\" content=\"1155\" \/>\n\t<meta property=\"og:image:height\" content=\"1434\" \/>\n\t<meta property=\"og:image:type\" content=\"image\/jpeg\" \/>\n<meta name=\"twitter:card\" content=\"summary_large_image\" \/>\n<meta name=\"twitter:label1\" content=\"Gesch\u00e4tzte Lesezeit\" \/>\n\t<meta name=\"twitter:data1\" content=\"3\u00a0Minuten\" \/>\n<script type=\"application\/ld+json\" class=\"yoast-schema-graph\">{\"@context\":\"https:\\\/\\\/schema.org\",\"@graph\":[{\"@type\":\"WebPage\",\"@id\":\"https:\\\/\\\/smagawonderland.com\\\/produkt\\\/drewniana-lampa-stolowa-z-motywem-smoka\\\/\",\"url\":\"https:\\\/\\\/smagawonderland.com\\\/produkt\\\/drewniana-lampa-stolowa-z-motywem-smoka\\\/\",\"name\":\"Drewniana lampka sto\u0142owa Tsubomi: Motyw Smoka.\",\"isPartOf\":{\"@id\":\"https:\\\/\\\/smagawonderland.com\\\/#website\"},\"primaryImageOfPage\":{\"@id\":\"https:\\\/\\\/smagawonderland.com\\\/produkt\\\/drewniana-lampa-stolowa-z-motywem-smoka\\\/#primaryimage\"},\"image\":{\"@id\":\"https:\\\/\\\/smagawonderland.com\\\/produkt\\\/drewniana-lampa-stolowa-z-motywem-smoka\\\/#primaryimage\"},\"thumbnailUrl\":\"https:\\\/\\\/smagawonderland.com\\\/wp-content\\\/uploads\\\/2026\\\/03\\\/mala-drewniana-lampka-nocna-tsubomi-na-szafce-nocnej-w-sypialni-japandi-1.jpg\",\"datePublished\":\"2026-03-04T19:24:27+00:00\",\"dateModified\":\"2026-04-19T12:13:31+00:00\",\"description\":\"Drewniana lampka sto\u0142owa Tsubomi z nepalskim papierem Lokta i smokami wprowadzi do wn\u0119trza ciep\u0142e \u015bwiat\u0142o i orientalny klimat.\",\"breadcrumb\":{\"@id\":\"https:\\\/\\\/smagawonderland.com\\\/produkt\\\/drewniana-lampa-stolowa-z-motywem-smoka\\\/#breadcrumb\"},\"inLanguage\":\"de\",\"potentialAction\":[{\"@type\":\"ReadAction\",\"target\":[\"https:\\\/\\\/smagawonderland.com\\\/produkt\\\/drewniana-lampa-stolowa-z-motywem-smoka\\\/\"]}]},{\"@type\":\"ImageObject\",\"inLanguage\":\"de\",\"@id\":\"https:\\\/\\\/smagawonderland.com\\\/produkt\\\/drewniana-lampa-stolowa-z-motywem-smoka\\\/#primaryimage\",\"url\":\"https:\\\/\\\/smagawonderland.com\\\/wp-content\\\/uploads\\\/2026\\\/03\\\/mala-drewniana-lampka-nocna-tsubomi-na-szafce-nocnej-w-sypialni-japandi-1.jpg\",\"contentUrl\":\"https:\\\/\\\/smagawonderland.com\\\/wp-content\\\/uploads\\\/2026\\\/03\\\/mala-drewniana-lampka-nocna-tsubomi-na-szafce-nocnej-w-sypialni-japandi-1.jpg\",\"width\":1155,\"height\":1434,\"caption\":\"Ma\u0142a drewniana lampka nocna Tsubomi na szafce nocnej w sypialni Japandi z nastrojowym \u015bwiat\u0142em.\"},{\"@type\":\"BreadcrumbList\",\"@id\":\"https:\\\/\\\/smagawonderland.com\\\/produkt\\\/drewniana-lampa-stolowa-z-motywem-smoka\\\/#breadcrumb\",\"itemListElement\":[{\"@type\":\"ListItem\",\"position\":1,\"name\":\"Strona g\u0142\u00f3wna\",\"item\":\"https:\\\/\\\/smagawonderland.com\\\/\"},{\"@type\":\"ListItem\",\"position\":2,\"name\":\"Sklep\",\"item\":\"https:\\\/\\\/smagawonderland.com\\\/sklep\\\/\"},{\"@type\":\"ListItem\",\"position\":3,\"name\":\"Drewniana lampka sto\u0142owa Tsubomi (P\u0105k) \u2013 Motyw Smoka.\"}]},{\"@type\":\"WebSite\",\"@id\":\"https:\\\/\\\/smagawonderland.com\\\/#website\",\"url\":\"https:\\\/\\\/smagawonderland.com\\\/\",\"name\":\"\u015awiat\u0142o inspirowane natur\u0105\",\"description\":\"\",\"publisher\":{\"@id\":\"https:\\\/\\\/smagawonderland.com\\\/#organization\"},\"potentialAction\":[{\"@type\":\"SearchAction\",\"target\":{\"@type\":\"EntryPoint\",\"urlTemplate\":\"https:\\\/\\\/smagawonderland.com\\\/?s={search_term_string}\"},\"query-input\":{\"@type\":\"PropertyValueSpecification\",\"valueRequired\":true,\"valueName\":\"search_term_string\"}}],\"inLanguage\":\"de\"},{\"@type\":\"Organization\",\"@id\":\"https:\\\/\\\/smagawonderland.com\\\/#organization\",\"name\":\"\u015awiat\u0142o inspirowane natur\u0105\",\"url\":\"https:\\\/\\\/smagawonderland.com\\\/\",\"logo\":{\"@type\":\"ImageObject\",\"inLanguage\":\"de\",\"@id\":\"https:\\\/\\\/smagawonderland.com\\\/#\\\/schema\\\/logo\\\/image\\\/\",\"url\":\"https:\\\/\\\/smagawonderland.com\\\/wp-content\\\/uploads\\\/2026\\\/02\\\/smaga-white-logo.png\",\"contentUrl\":\"https:\\\/\\\/smagawonderland.com\\\/wp-content\\\/uploads\\\/2026\\\/02\\\/smaga-white-logo.png\",\"width\":1169,\"height\":324,\"caption\":\"\u015awiat\u0142o inspirowane natur\u0105\"},\"image\":{\"@id\":\"https:\\\/\\\/smagawonderland.com\\\/#\\\/schema\\\/logo\\\/image\\\/\"}}]}<\/script>\n<!-- \/ Yoast SEO plugin. -->","yoast_head_json":{"title":"Drewniana lampka sto\u0142owa Tsubomi: Motyw Smoka.","description":"Drewniana lampka sto\u0142owa Tsubomi z nepalskim papierem Lokta i smokami wprowadzi do wn\u0119trza ciep\u0142e \u015bwiat\u0142o i orientalny klimat.","robots":{"index":"index","follow":"follow","max-snippet":"max-snippet:-1","max-image-preview":"max-image-preview:large","max-video-preview":"max-video-preview:-1"},"canonical":"https:\/\/smagawonderland.com\/de\/produkt\/drewniana-lampa-stolowa-z-motywem-smoka\/","og_locale":"de_DE","og_type":"article","og_title":"Drewniana lampka sto\u0142owa Tsubomi: Motyw Smoka.","og_description":"Drewniana lampka sto\u0142owa Tsubomi z nepalskim papierem Lokta i smokami wprowadzi do wn\u0119trza ciep\u0142e \u015bwiat\u0142o i orientalny klimat.","og_url":"https:\/\/smagawonderland.com\/de\/produkt\/drewniana-lampa-stolowa-z-motywem-smoka\/","og_site_name":"\u015awiat\u0142o inspirowane natur\u0105","article_modified_time":"2026-04-19T12:13:31+00:00","og_image":[{"width":1155,"height":1434,"url":"https:\/\/smagawonderland.com\/wp-content\/uploads\/2026\/03\/mala-drewniana-lampka-nocna-tsubomi-na-szafce-nocnej-w-sypialni-japandi-1.jpg","type":"image\/jpeg"}],"twitter_card":"summary_large_image","twitter_misc":{"Gesch\u00e4tzte Lesezeit":"3\u00a0Minuten"},"schema":{"@context":"https:\/\/schema.org","@graph":[{"@type":"WebPage","@id":"https:\/\/smagawonderland.com\/produkt\/drewniana-lampa-stolowa-z-motywem-smoka\/","url":"https:\/\/smagawonderland.com\/produkt\/drewniana-lampa-stolowa-z-motywem-smoka\/","name":"Drewniana lampka sto\u0142owa Tsubomi: Motyw Smoka.","isPartOf":{"@id":"https:\/\/smagawonderland.com\/#website"},"primaryImageOfPage":{"@id":"https:\/\/smagawonderland.com\/produkt\/drewniana-lampa-stolowa-z-motywem-smoka\/#primaryimage"},"image":{"@id":"https:\/\/smagawonderland.com\/produkt\/drewniana-lampa-stolowa-z-motywem-smoka\/#primaryimage"},"thumbnailUrl":"https:\/\/smagawonderland.com\/wp-content\/uploads\/2026\/03\/mala-drewniana-lampka-nocna-tsubomi-na-szafce-nocnej-w-sypialni-japandi-1.jpg","datePublished":"2026-03-04T19:24:27+00:00","dateModified":"2026-04-19T12:13:31+00:00","description":"Drewniana lampka sto\u0142owa Tsubomi z nepalskim papierem Lokta i smokami wprowadzi do wn\u0119trza ciep\u0142e \u015bwiat\u0142o i orientalny klimat.","breadcrumb":{"@id":"https:\/\/smagawonderland.com\/produkt\/drewniana-lampa-stolowa-z-motywem-smoka\/#breadcrumb"},"inLanguage":"de","potentialAction":[{"@type":"ReadAction","target":["https:\/\/smagawonderland.com\/produkt\/drewniana-lampa-stolowa-z-motywem-smoka\/"]}]},{"@type":"ImageObject","inLanguage":"de","@id":"https:\/\/smagawonderland.com\/produkt\/drewniana-lampa-stolowa-z-motywem-smoka\/#primaryimage","url":"https:\/\/smagawonderland.com\/wp-content\/uploads\/2026\/03\/mala-drewniana-lampka-nocna-tsubomi-na-szafce-nocnej-w-sypialni-japandi-1.jpg","contentUrl":"https:\/\/smagawonderland.com\/wp-content\/uploads\/2026\/03\/mala-drewniana-lampka-nocna-tsubomi-na-szafce-nocnej-w-sypialni-japandi-1.jpg","width":1155,"height":1434,"caption":"Ma\u0142a drewniana lampka nocna Tsubomi na szafce nocnej w sypialni Japandi z nastrojowym \u015bwiat\u0142em."},{"@type":"BreadcrumbList","@id":"https:\/\/smagawonderland.com\/produkt\/drewniana-lampa-stolowa-z-motywem-smoka\/#breadcrumb","itemListElement":[{"@type":"ListItem","position":1,"name":"Strona g\u0142\u00f3wna","item":"https:\/\/smagawonderland.com\/"},{"@type":"ListItem","position":2,"name":"Sklep","item":"https:\/\/smagawonderland.com\/sklep\/"},{"@type":"ListItem","position":3,"name":"Drewniana lampka sto\u0142owa Tsubomi (P\u0105k) \u2013 Motyw Smoka."}]},{"@type":"WebSite","@id":"https:\/\/smagawonderland.com\/#website","url":"https:\/\/smagawonderland.com\/","name":"Von der Natur inspiriertes Licht","description":"","publisher":{"@id":"https:\/\/smagawonderland.com\/#organization"},"potentialAction":[{"@type":"SearchAction","target":{"@type":"EntryPoint","urlTemplate":"https:\/\/smagawonderland.com\/?s={search_term_string}"},"query-input":{"@type":"PropertyValueSpecification","valueRequired":true,"valueName":"search_term_string"}}],"inLanguage":"de"},{"@type":"Organization","@id":"https:\/\/smagawonderland.com\/#organization","name":"Von der Natur inspiriertes Licht","url":"https:\/\/smagawonderland.com\/","logo":{"@type":"ImageObject","inLanguage":"de","@id":"https:\/\/smagawonderland.com\/#\/schema\/logo\/image\/","url":"https:\/\/smagawonderland.com\/wp-content\/uploads\/2026\/02\/smaga-white-logo.png","contentUrl":"https:\/\/smagawonderland.com\/wp-content\/uploads\/2026\/02\/smaga-white-logo.png","width":1169,"height":324,"caption":"\u015awiat\u0142o inspirowane natur\u0105"},"image":{"@id":"https:\/\/smagawonderland.com\/#\/schema\/logo\/image\/"}}]}},"jetpack_sharing_enabled":true,"_links":{"self":[{"href":"https:\/\/smagawonderland.com\/de\/wp-json\/wp\/v2\/product\/2460","targetHints":{"allow":["GET"]}}],"collection":[{"href":"https:\/\/smagawonderland.com\/de\/wp-json\/wp\/v2\/product"}],"about":[{"href":"https:\/\/smagawonderland.com\/de\/wp-json\/wp\/v2\/types\/product"}],"replies":[{"embeddable":true,"href":"https:\/\/smagawonderland.com\/de\/wp-json\/wp\/v2\/comments?post=2460"}],"wp:featuredmedia":[{"embeddable":true,"href":"https:\/\/smagawonderland.com\/de\/wp-json\/wp\/v2\/media\/2657"}],"wp:attachment":[{"href":"https:\/\/smagawonderland.com\/de\/wp-json\/wp\/v2\/media?parent=2460"}],"wp:term":[{"taxonomy":"product_brand","embeddable":true,"href":"https:\/\/smagawonderland.com\/de\/wp-json\/wp\/v2\/product_brand?post=2460"},{"taxonomy":"product_cat","embeddable":true,"href":"https:\/\/smagawonderland.com\/de\/wp-json\/wp\/v2\/product_cat?post=2460"},{"taxonomy":"product_tag","embeddable":true,"href":"https:\/\/smagawonderland.com\/de\/wp-json\/wp\/v2\/product_tag?post=2460"}],"curies":[{"name":"wp","href":"https:\/\/api.w.org\/{rel}","templated":true}]}}