{"id":2459,"date":"2026-03-27T18:48:44","date_gmt":"2026-03-27T18:48:44","guid":{"rendered":"https:\/\/smagawonderland.com\/?post_type=product&#038;p=2459"},"modified":"2026-05-02T13:26:20","modified_gmt":"2026-05-02T13:26:20","slug":"lampa-scienna-hiro-wieloryb-wedrowiec-z-oceanicznych-glebin","status":"publish","type":"product","link":"https:\/\/smagawonderland.com\/de\/produkt\/lampa-scienna-hiro-wieloryb-wedrowiec-z-oceanicznych-glebin\/","title":{"rendered":"Lampa \u015acienna Hiro &#8211; wieloryb w\u0119drowiec z oceanicznych g\u0142\u0119bin"},"content":{"rendered":"<h3>Forma inspirowana g\u0142\u0119bi\u0105 i spokojem oceanu<\/h3>\n<p><b data-path-to-node=\"4\" data-index-in-node=\"0\">Kinkiet<\/b> Hiro to \u015bwietlista opowie\u015b\u0107 o bezkresnym oceanie, zamkni\u0119ta w \u0142agodnej, drewnianej formie. Ten majestatyczny w\u0119drowiec g\u0142\u0119bin bezszelestnie przep\u0142ywa przez wn\u0119trze, nios\u0105c ze sob\u0105 koj\u0105c\u0105 pie\u015b\u0144 morskich fal i poczucie b\u0142ogiego spokoju. Jego subtelna, organiczna sylwetka sprawia, \u017ce jest to wymarzona <b data-path-to-node=\"4\" data-index-in-node=\"308\">lampa do pokoju dzieci\u0119cego<\/b> \u2013 niczym cichy stra\u017cnik snu, otula przestrze\u0144 mi\u0119kkim, rozproszonym \u015bwiat\u0142em, tworz\u0105c bezpieczn\u0105 przysta\u0144 do odpoczynku i marze\u0144. Aby Hiro harmonijnie wpisa\u0142 si\u0119 w Wasz domowy azyl, naturaln\u0105 sklejk\u0119 starannie wyka\u0144czamy ekologicznymi, bezpiecznymi farbami wodnymi.<\/p>\n<hr data-start=\"1389\" data-end=\"1392\" \/>\n<h3>A\u017cur, kt\u00f3ry buduje klimat<\/h3>\n<p>Misternie wyci\u0119te detale i faluj\u0105ce ramiona na froncie nie s\u0105 przypadkow\u0105 ozdob\u0105. Zaprojektowali\u015bmy je celowo, aby t\u0142umi\u0142y ostre \u015bwiat\u0142o i rozprasza\u0142y je w postaci mi\u0119kkich, nienachalnych refleks\u00f3w. W\u0142oski pergamin podklejony od spodu dodatkowo mi\u0119kko rozprasza \u015bwiat\u0142o. Dzi\u0119ki temu lampa nie razi w oczy, a stanowi idealne o\u015bwietlenie boczne do sypialni, pokoju dziecka lub salonu \u2013 wsz\u0119dzie tam, gdzie zale\u017cy Ci na wyciszeniu i spokojnej atmosferze.<\/p>\n<hr data-start=\"1389\" data-end=\"1392\" \/>\n<h3 data-start=\"1394\" data-end=\"1417\">W\u00e4hle deinen perfekten Farbton<\/h3>\n<p data-path-to-node=\"12\">Klosz wycinamy w Polsce z wysokiej jako\u015bci, wytrzyma\u0142ej <b data-path-to-node=\"5\" data-index-in-node=\"56\">fi\u0144skiej sklejki o grubo\u015bci 4 mm<\/b>. Dbamy o zr\u00f3wnowa\u017cony rozw\u00f3j, dlatego drewno, kt\u00f3rego u\u017cywamy, posiada certyfikaty <b data-path-to-node=\"5\" data-index-in-node=\"172\">FSC i PEFC<\/b>.<\/p>\n<p data-path-to-node=\"8\">Aby lampa idealnie wpisa\u0142a si\u0119 w palet\u0119 barw Twojego wn\u0119trza, zrezygnowali\u015bmy z bejcy na rzecz <b data-path-to-node=\"8\" data-index-in-node=\"94\">5 wyselekcjonowanych kolor\u00f3w<\/b>:<\/p>\n<ul>\n<li style=\"list-style-type: none;\">\n<ul data-path-to-node=\"11\">\n<li>\n<p data-path-to-node=\"11,0,0\"><b data-path-to-node=\"11,0,0\" data-index-in-node=\"0\">Sky Blue<\/b> \u2013 jasny, b\u0142\u0119kitny odcie\u0144 przypominaj\u0105cy letnie niebo odbijaj\u0105ce si\u0119 w oceanie.<\/p>\n<\/li>\n<li>\n<p data-path-to-node=\"11,1,0\"><b data-path-to-node=\"11,1,0\" data-index-in-node=\"0\">Teal Blue<\/b> \u2013 g\u0142\u0119boki, wyrazisty odcie\u0144 \u0142\u0105cz\u0105cy ziele\u0144 z b\u0142\u0119kitem morskiej toni.<\/p>\n<\/li>\n<li>\n<p data-path-to-node=\"11,2,0\"><b data-path-to-node=\"11,2,0\" data-index-in-node=\"0\">Navy Blue<\/b> \u2013 elegancki, ciemny granat, kojarz\u0105cy si\u0119 z niesko\u0144czon\u0105 g\u0142\u0119bi\u0105 oceanu.<\/p>\n<\/li>\n<li>\n<p data-path-to-node=\"11,3,0\"><b data-path-to-node=\"11,3,0\" data-index-in-node=\"0\">Mosaic Blue<\/b> \u2013 nasycony, unikalny odcie\u0144 niebieskiego, kt\u00f3ry wspaniale przyci\u0105ga wzrok.<\/p>\n<\/li>\n<li>\n<p data-path-to-node=\"11,4,0\"><b data-path-to-node=\"11,4,0\" data-index-in-node=\"0\">Blush Pink<\/b> \u2013 delikatny, pastelowy r\u00f3\u017c, dodaj\u0105cy wn\u0119trzu ciep\u0142a, subtelno\u015bci i radosnego charakteru.<\/p>\n<\/li>\n<\/ul>\n<\/li>\n<\/ul>\n<hr data-start=\"1566\" data-end=\"1569\" \/>\n<h3 data-start=\"1571\" data-end=\"1609\">Eine Langlebigkeit, die \u00fcberrascht (Leicht zu reinigen)<\/h3>\n<p data-path-to-node=\"3\">Mimo a\u017curowej, wizualnie lekkiej formy, Hiro to niezwykle solidny element wyposa\u017cenia. Fi\u0144ska sklejka o grubo\u015bci 4 mm jest materia\u0142em sztywnym i odpornym na odkszta\u0142cenia. Naturalne drewno nie elektryzuje si\u0119 i nie przyci\u0105ga kurzu tak mocno jak sztuczne tworzywa. Aby utrzyma\u0107 klosz w czysto\u015bci:<\/p>\n<ul data-path-to-node=\"5\">\n<li>\n<p data-path-to-node=\"5,0,0\">Do regularnego od\u015bwie\u017cania wystarczy <b data-path-to-node=\"5,0,0\" data-index-in-node=\"37\">wilgotna \u015bciereczka z mikrofibry<\/b> lub zwyk\u0142a miote\u0142ka do kurzu.<\/p>\n<\/li>\n<li>\n<p data-path-to-node=\"5,2,0\">Unikaj chemicznych detergent\u00f3w \u2013 naturalne drewno ich nie potrzebuje.<\/p>\n<\/li>\n<\/ul>\n<hr data-start=\"1389\" data-end=\"1392\" \/>\n<h3 data-start=\"1394\" data-end=\"1417\">Abmessungen und technische Daten<\/h3>\n<ul>\n<li style=\"list-style-type: none;\">\n<ul data-path-to-node=\"8\">\n<li>\n<p data-path-to-node=\"8,0,0\"><b data-path-to-node=\"16,0,0\" data-index-in-node=\"0\">Model:<\/b> Kinkiet \u015bcienny Hiro (Wieloryb)<\/p>\n<\/li>\n<li>\n<p data-path-to-node=\"8,0,0\"><b data-path-to-node=\"16,1,0\" data-index-in-node=\"0\">Wymiary:<\/b> wys. 22 cm (8.7&#8243;) | szer. 56 cm (22&#8243;) | g\u0142. 6 cm (2.4&#8243;)<\/p>\n<\/li>\n<li>\n<p data-path-to-node=\"8,0,0\"><b data-path-to-node=\"16,2,0\" data-index-in-node=\"0\">Materia\u0142 klosza:<\/b> Certyfikowana sklejka fi\u0144ska 4 mm (FSC i PEFC) \u2013 precyzyjnie wycinana, wyka\u0144czana r\u0119cznie + w\u0142oski pergamin podklejony od spodu, kt\u00f3ry mi\u0119kko rozprasza \u015bwiat\u0142o.<\/p>\n<\/li>\n<li>\n<p data-path-to-node=\"8,0,0\"><b data-path-to-node=\"16,3,0\" data-index-in-node=\"0\">Typ oprawki:<\/b> E14 (tzw. ma\u0142y gwint)<\/p>\n<\/li>\n<li>\n<p data-path-to-node=\"8,0,0\"><b data-path-to-node=\"16,4,0\" data-index-in-node=\"0\"><b>Gewindetyp:<\/b> E14 (sogenanntes Kleingewinde)<\/b> \u017bar\u00f3wka LED (brak w zestawie)<\/p>\n<\/li>\n<li>\n<p data-path-to-node=\"8,0,0\"><b data-path-to-node=\"16,5,0\" data-index-in-node=\"0\">Maksymalna moc:<\/b> 10W (wy\u0142\u0105cznie \u017car\u00f3wki LED, kt\u00f3re si\u0119 nie nagrzewaj\u0105)<\/p>\n<\/li>\n<li>\n<p data-path-to-node=\"8,0,0\"><b data-path-to-node=\"16,6,0\" data-index-in-node=\"0\">Nasza rekomendacja \u017car\u00f3wki:<\/b> Aby uzyska\u0107 przytulny, relaksuj\u0105cy klimat (widoczny na naszych zdj\u0119ciach), polecamy \u017car\u00f3wki LED o ciep\u0142ej barwie \u015bwiat\u0142a (2700K &#8211; 3000K) oraz delikatnej jasno\u015bci ok. 250 &#8211; 400 lumen\u00f3w.<\/p>\n<\/li>\n<li>\n<p data-path-to-node=\"8,0,0\"><b data-path-to-node=\"16,7,0\" data-index-in-node=\"0\">Monta\u017c na \u015bcianie:<\/b> Lampa przystosowana do zawieszenia na 2 wkr\u0119tach. Do paczki do\u0142\u0105czamy wygodny papierowy szablon, dzi\u0119ki kt\u00f3remu bezb\u0142\u0119dnie wywiercisz otwory w \u015bcianie. <i data-path-to-node=\"16,7,0\" data-index-in-node=\"171\">(Uwaga: ze wzgl\u0119du na r\u00f3\u017cne rodzaje \u015bcian w domach naszych klient\u00f3w, wkr\u0119ty i ko\u0142ki rozporowe nie s\u0105 do\u0142\u0105czone do zestawu \u2013 dobierz je odpowiednio do swojej \u015bciany).<\/i><\/p>\n<\/li>\n<li>\n<p data-path-to-node=\"8,0,0\"><i data-path-to-node=\"16,7,0\" data-index-in-node=\"171\"><\/i><b data-path-to-node=\"16,8,0\" data-index-in-node=\"0\">Styl:<\/b> Marine, Scandi, Boho, Navy, Pok\u00f3j Dzieci\u0119cy<\/p>\n<\/li>\n<li>\n<p data-path-to-node=\"8,0,0\"><b data-path-to-node=\"16,9,0\" data-index-in-node=\"0\">Produkcja:<\/b> Zaprojektowano i wykonano w 100% w polskiej pracowni Smaga Wonderland<\/p>\n<p data-path-to-node=\"8,0,0\">\n<\/li>\n<\/ul>\n<\/li>\n<\/ul>\n<hr data-start=\"2200\" data-end=\"2203\" \/>\n<p data-path-to-node=\"12\">","protected":false},"excerpt":{"rendered":"<p data-path-to-node=\"5\"><b data-path-to-node=\"1\" data-index-in-node=\"0\">Hiro<\/b> (z jap. rozleg\u0142y, ogromny) to \u0142agodna forma wieloryba, kt\u00f3ra przywodzi na my\u015bl spok\u00f3j oceanicznych g\u0142\u0119bin. Za dnia stanowi przepi\u0119kn\u0105, drewnian\u0105 dekoracj\u0119 \u015bciany, a wieczorem otula wn\u0119trze mi\u0119kkim, rozproszonym \u015bwiat\u0142em. To idealny wyb\u00f3r do pokoju malucha, sypialni lub salonu.<\/p>\n<ul data-path-to-node=\"6\">\n<li>\n<p data-path-to-node=\"6,0,0\"><b data-path-to-node=\"6,0,0\" data-index-in-node=\"0\">Wymiary:<\/b> wys. 22 cm (8.7&#8243;) | szer. 56 cm (22&#8243;) | g\u0142. 6 cm (2.4&#8243;)<\/p>\n<\/li>\n<li>\n<p data-path-to-node=\"6,0,0\"><b data-path-to-node=\"6,1,0\" data-index-in-node=\"0\">Materia\u0142:<\/b> Certyfikowana sklejka fi\u0144ska premium wyko\u0144czona bezpiecznymi farbami wodnymi (do wyboru 5 oceanicznych odcieni) + w\u0142oski pergamin.<\/p>\n<\/li>\n<li>\n<p data-path-to-node=\"6,0,0\"><b data-path-to-node=\"6,2,0\" data-index-in-node=\"0\">Przyjazne dzieciom:<\/b> Dzi\u0119ki u\u017cyciu nietoksycznych farb wodnych i nienachalnemu \u015bwiat\u0142u, Nami to niezwykle bezpieczny wyb\u00f3r do pokoju dzieci\u0119cego.<\/p>\n<\/li>\n<li>\n<p data-path-to-node=\"6,0,0\"><b data-path-to-node=\"6,3,0\" data-index-in-node=\"0\">Produkcja:<\/b> W 100% wycinane i malowane r\u0119cznie w Polsce.<\/p>\n<\/li>\n<\/ul>","protected":false},"featured_media":2571,"comment_status":"open","ping_status":"closed","template":"","meta":{"_kadence_starter_templates_imported_post":false,"_kad_post_transparent":"default","_kad_post_title":"","_kad_post_layout":"default","_kad_post_sidebar_id":"","_kad_post_content_style":"default","_kad_post_vertical_padding":"default","_kad_post_feature":"","_kad_post_feature_position":"","_kad_post_header":false,"_kad_post_footer":false,"_kad_post_classname":""},"product_brand":[63],"product_cat":[62,61],"product_tag":[85,86,67,33,73,71,32,65,34,66,84,28,74,83,75,35,70,64,31],"class_list":{"0":"post-2459","1":"product","2":"type-product","3":"status-publish","4":"has-post-thumbnail","6":"product_brand-smagawonderland","7":"product_cat-lampy-dzieciece","8":"product_cat-lampy-scienne","9":"product_tag-blekitny-kinkiet","10":"product_tag-dekoracja-scienna-wieloryb","11":"product_tag-drewniany-kinkiet-scienny","12":"product_tag-ekologiczny-design","13":"product_tag-kinkiet-scienny","14":"product_tag-lampa-azurowa","15":"product_tag-lampa-boho","16":"product_tag-lampa-do-pokoju-dzieciecego","17":"product_tag-lampa-do-salonu","18":"product_tag-lampa-scienna","19":"product_tag-lampa-wieloryb","20":"product_tag-lampa-ze-sklejki","21":"product_tag-lampka-nocna","22":"product_tag-lampka-nocna-dla-dzieci","23":"product_tag-lampka-oceaniczna","24":"product_tag-nowoczesne-oswietlenie","25":"product_tag-oswietlenie-do-sypialni","26":"product_tag-styl-rustykalny","27":"product_tag-styl-skandynawski","29":"first","30":"instock","31":"taxable","32":"shipping-taxable","33":"purchasable","34":"product-type-variable","35":"entry","36":"content-bg","37":"loop-entry"},"yoast_head":"<!-- This site is optimized with the Yoast SEO plugin v27.5 - https:\/\/yoast.com\/product\/yoast-seo-wordpress\/ -->\n<title>Lampa \u015bcienna Wieloryb Hiro | Kinkiet do Pokoju Dziecka<\/title>\n<meta name=\"description\" content=\"Wprowad\u017a oceaniczny spok\u00f3j do wn\u0119trza. Kinkiet \u015bcienny Hiro to pi\u0119kna, drewniana lampa do pokoju dzieci\u0119cego, idealna do wieczornego relaksu i snu.\" \/>\n<meta name=\"robots\" content=\"index, follow, max-snippet:-1, max-image-preview:large, max-video-preview:-1\" \/>\n<link rel=\"canonical\" href=\"https:\/\/smagawonderland.com\/de\/produkt\/lampa-scienna-hiro-wieloryb-wedrowiec-z-oceanicznych-glebin\/\" \/>\n<meta property=\"og:locale\" content=\"de_DE\" \/>\n<meta property=\"og:type\" content=\"article\" \/>\n<meta property=\"og:title\" content=\"Lampa \u015bcienna Wieloryb Hiro | Kinkiet do Pokoju Dziecka\" \/>\n<meta property=\"og:description\" content=\"Wprowad\u017a oceaniczny spok\u00f3j do wn\u0119trza. Kinkiet \u015bcienny Hiro to pi\u0119kna, drewniana lampa do pokoju dzieci\u0119cego, idealna do wieczornego relaksu i snu.\" \/>\n<meta property=\"og:url\" content=\"https:\/\/smagawonderland.com\/de\/produkt\/lampa-scienna-hiro-wieloryb-wedrowiec-z-oceanicznych-glebin\/\" \/>\n<meta property=\"og:site_name\" content=\"\u015awiat\u0142o inspirowane natur\u0105\" \/>\n<meta property=\"article:modified_time\" content=\"2026-05-02T13:26:20+00:00\" \/>\n<meta property=\"og:image\" content=\"https:\/\/smagawonderland.com\/wp-content\/uploads\/2026\/03\/skandynawska-lampka-dziecieca-wieloryb-hiro-smaga-wonderland.jpg\" \/>\n\t<meta property=\"og:image:width\" content=\"1529\" \/>\n\t<meta property=\"og:image:height\" content=\"2048\" \/>\n\t<meta property=\"og:image:type\" content=\"image\/jpeg\" \/>\n<meta name=\"twitter:card\" content=\"summary_large_image\" \/>\n<meta name=\"twitter:label1\" content=\"Gesch\u00e4tzte Lesezeit\" \/>\n\t<meta name=\"twitter:data1\" content=\"4\u00a0Minuten\" \/>\n<script type=\"application\/ld+json\" class=\"yoast-schema-graph\">{\"@context\":\"https:\\\/\\\/schema.org\",\"@graph\":[{\"@type\":\"WebPage\",\"@id\":\"https:\\\/\\\/smagawonderland.com\\\/produkt\\\/lampa-scienna-hiro-wieloryb-wedrowiec-z-oceanicznych-glebin\\\/\",\"url\":\"https:\\\/\\\/smagawonderland.com\\\/produkt\\\/lampa-scienna-hiro-wieloryb-wedrowiec-z-oceanicznych-glebin\\\/\",\"name\":\"Lampa \u015bcienna Wieloryb Hiro | Kinkiet do Pokoju Dziecka\",\"isPartOf\":{\"@id\":\"https:\\\/\\\/smagawonderland.com\\\/#website\"},\"primaryImageOfPage\":{\"@id\":\"https:\\\/\\\/smagawonderland.com\\\/produkt\\\/lampa-scienna-hiro-wieloryb-wedrowiec-z-oceanicznych-glebin\\\/#primaryimage\"},\"image\":{\"@id\":\"https:\\\/\\\/smagawonderland.com\\\/produkt\\\/lampa-scienna-hiro-wieloryb-wedrowiec-z-oceanicznych-glebin\\\/#primaryimage\"},\"thumbnailUrl\":\"https:\\\/\\\/smagawonderland.com\\\/wp-content\\\/uploads\\\/2026\\\/03\\\/skandynawska-lampka-dziecieca-wieloryb-hiro-smaga-wonderland.jpg\",\"datePublished\":\"2026-03-27T18:48:44+00:00\",\"dateModified\":\"2026-05-02T13:26:20+00:00\",\"description\":\"Wprowad\u017a oceaniczny spok\u00f3j do wn\u0119trza. Kinkiet \u015bcienny Hiro to pi\u0119kna, drewniana lampa do pokoju dzieci\u0119cego, idealna do wieczornego relaksu i snu.\",\"breadcrumb\":{\"@id\":\"https:\\\/\\\/smagawonderland.com\\\/produkt\\\/lampa-scienna-hiro-wieloryb-wedrowiec-z-oceanicznych-glebin\\\/#breadcrumb\"},\"inLanguage\":\"de\",\"potentialAction\":[{\"@type\":\"ReadAction\",\"target\":[\"https:\\\/\\\/smagawonderland.com\\\/produkt\\\/lampa-scienna-hiro-wieloryb-wedrowiec-z-oceanicznych-glebin\\\/\"]}]},{\"@type\":\"ImageObject\",\"inLanguage\":\"de\",\"@id\":\"https:\\\/\\\/smagawonderland.com\\\/produkt\\\/lampa-scienna-hiro-wieloryb-wedrowiec-z-oceanicznych-glebin\\\/#primaryimage\",\"url\":\"https:\\\/\\\/smagawonderland.com\\\/wp-content\\\/uploads\\\/2026\\\/03\\\/skandynawska-lampka-dziecieca-wieloryb-hiro-smaga-wonderland.jpg\",\"contentUrl\":\"https:\\\/\\\/smagawonderland.com\\\/wp-content\\\/uploads\\\/2026\\\/03\\\/skandynawska-lampka-dziecieca-wieloryb-hiro-smaga-wonderland.jpg\",\"width\":1529,\"height\":2048,\"caption\":\"A\u017curowa granatowa lampa \u015bcienna wieloryb z widocznym bia\u0142ym przewodem.\"},{\"@type\":\"BreadcrumbList\",\"@id\":\"https:\\\/\\\/smagawonderland.com\\\/produkt\\\/lampa-scienna-hiro-wieloryb-wedrowiec-z-oceanicznych-glebin\\\/#breadcrumb\",\"itemListElement\":[{\"@type\":\"ListItem\",\"position\":1,\"name\":\"Strona g\u0142\u00f3wna\",\"item\":\"https:\\\/\\\/smagawonderland.com\\\/\"},{\"@type\":\"ListItem\",\"position\":2,\"name\":\"Sklep\",\"item\":\"https:\\\/\\\/smagawonderland.com\\\/sklep\\\/\"},{\"@type\":\"ListItem\",\"position\":3,\"name\":\"Lampa \u015acienna Hiro &#8211; wieloryb w\u0119drowiec z oceanicznych g\u0142\u0119bin\"}]},{\"@type\":\"WebSite\",\"@id\":\"https:\\\/\\\/smagawonderland.com\\\/#website\",\"url\":\"https:\\\/\\\/smagawonderland.com\\\/\",\"name\":\"\u015awiat\u0142o inspirowane natur\u0105\",\"description\":\"\",\"publisher\":{\"@id\":\"https:\\\/\\\/smagawonderland.com\\\/#organization\"},\"potentialAction\":[{\"@type\":\"SearchAction\",\"target\":{\"@type\":\"EntryPoint\",\"urlTemplate\":\"https:\\\/\\\/smagawonderland.com\\\/?s={search_term_string}\"},\"query-input\":{\"@type\":\"PropertyValueSpecification\",\"valueRequired\":true,\"valueName\":\"search_term_string\"}}],\"inLanguage\":\"de\"},{\"@type\":\"Organization\",\"@id\":\"https:\\\/\\\/smagawonderland.com\\\/#organization\",\"name\":\"\u015awiat\u0142o inspirowane natur\u0105\",\"url\":\"https:\\\/\\\/smagawonderland.com\\\/\",\"logo\":{\"@type\":\"ImageObject\",\"inLanguage\":\"de\",\"@id\":\"https:\\\/\\\/smagawonderland.com\\\/#\\\/schema\\\/logo\\\/image\\\/\",\"url\":\"https:\\\/\\\/smagawonderland.com\\\/wp-content\\\/uploads\\\/2026\\\/02\\\/smaga-white-logo.png\",\"contentUrl\":\"https:\\\/\\\/smagawonderland.com\\\/wp-content\\\/uploads\\\/2026\\\/02\\\/smaga-white-logo.png\",\"width\":1169,\"height\":324,\"caption\":\"\u015awiat\u0142o inspirowane natur\u0105\"},\"image\":{\"@id\":\"https:\\\/\\\/smagawonderland.com\\\/#\\\/schema\\\/logo\\\/image\\\/\"}}]}<\/script>\n<!-- \/ Yoast SEO plugin. -->","yoast_head_json":{"title":"Lampa \u015bcienna Wieloryb Hiro | Kinkiet do Pokoju Dziecka","description":"Wprowad\u017a oceaniczny spok\u00f3j do wn\u0119trza. Kinkiet \u015bcienny Hiro to pi\u0119kna, drewniana lampa do pokoju dzieci\u0119cego, idealna do wieczornego relaksu i snu.","robots":{"index":"index","follow":"follow","max-snippet":"max-snippet:-1","max-image-preview":"max-image-preview:large","max-video-preview":"max-video-preview:-1"},"canonical":"https:\/\/smagawonderland.com\/de\/produkt\/lampa-scienna-hiro-wieloryb-wedrowiec-z-oceanicznych-glebin\/","og_locale":"de_DE","og_type":"article","og_title":"Lampa \u015bcienna Wieloryb Hiro | Kinkiet do Pokoju Dziecka","og_description":"Wprowad\u017a oceaniczny spok\u00f3j do wn\u0119trza. Kinkiet \u015bcienny Hiro to pi\u0119kna, drewniana lampa do pokoju dzieci\u0119cego, idealna do wieczornego relaksu i snu.","og_url":"https:\/\/smagawonderland.com\/de\/produkt\/lampa-scienna-hiro-wieloryb-wedrowiec-z-oceanicznych-glebin\/","og_site_name":"\u015awiat\u0142o inspirowane natur\u0105","article_modified_time":"2026-05-02T13:26:20+00:00","og_image":[{"width":1529,"height":2048,"url":"https:\/\/smagawonderland.com\/wp-content\/uploads\/2026\/03\/skandynawska-lampka-dziecieca-wieloryb-hiro-smaga-wonderland.jpg","type":"image\/jpeg"}],"twitter_card":"summary_large_image","twitter_misc":{"Gesch\u00e4tzte Lesezeit":"4\u00a0Minuten"},"schema":{"@context":"https:\/\/schema.org","@graph":[{"@type":"WebPage","@id":"https:\/\/smagawonderland.com\/produkt\/lampa-scienna-hiro-wieloryb-wedrowiec-z-oceanicznych-glebin\/","url":"https:\/\/smagawonderland.com\/produkt\/lampa-scienna-hiro-wieloryb-wedrowiec-z-oceanicznych-glebin\/","name":"Lampa \u015bcienna Wieloryb Hiro | Kinkiet do Pokoju Dziecka","isPartOf":{"@id":"https:\/\/smagawonderland.com\/#website"},"primaryImageOfPage":{"@id":"https:\/\/smagawonderland.com\/produkt\/lampa-scienna-hiro-wieloryb-wedrowiec-z-oceanicznych-glebin\/#primaryimage"},"image":{"@id":"https:\/\/smagawonderland.com\/produkt\/lampa-scienna-hiro-wieloryb-wedrowiec-z-oceanicznych-glebin\/#primaryimage"},"thumbnailUrl":"https:\/\/smagawonderland.com\/wp-content\/uploads\/2026\/03\/skandynawska-lampka-dziecieca-wieloryb-hiro-smaga-wonderland.jpg","datePublished":"2026-03-27T18:48:44+00:00","dateModified":"2026-05-02T13:26:20+00:00","description":"Wprowad\u017a oceaniczny spok\u00f3j do wn\u0119trza. Kinkiet \u015bcienny Hiro to pi\u0119kna, drewniana lampa do pokoju dzieci\u0119cego, idealna do wieczornego relaksu i snu.","breadcrumb":{"@id":"https:\/\/smagawonderland.com\/produkt\/lampa-scienna-hiro-wieloryb-wedrowiec-z-oceanicznych-glebin\/#breadcrumb"},"inLanguage":"de","potentialAction":[{"@type":"ReadAction","target":["https:\/\/smagawonderland.com\/produkt\/lampa-scienna-hiro-wieloryb-wedrowiec-z-oceanicznych-glebin\/"]}]},{"@type":"ImageObject","inLanguage":"de","@id":"https:\/\/smagawonderland.com\/produkt\/lampa-scienna-hiro-wieloryb-wedrowiec-z-oceanicznych-glebin\/#primaryimage","url":"https:\/\/smagawonderland.com\/wp-content\/uploads\/2026\/03\/skandynawska-lampka-dziecieca-wieloryb-hiro-smaga-wonderland.jpg","contentUrl":"https:\/\/smagawonderland.com\/wp-content\/uploads\/2026\/03\/skandynawska-lampka-dziecieca-wieloryb-hiro-smaga-wonderland.jpg","width":1529,"height":2048,"caption":"A\u017curowa granatowa lampa \u015bcienna wieloryb z widocznym bia\u0142ym przewodem."},{"@type":"BreadcrumbList","@id":"https:\/\/smagawonderland.com\/produkt\/lampa-scienna-hiro-wieloryb-wedrowiec-z-oceanicznych-glebin\/#breadcrumb","itemListElement":[{"@type":"ListItem","position":1,"name":"Strona g\u0142\u00f3wna","item":"https:\/\/smagawonderland.com\/"},{"@type":"ListItem","position":2,"name":"Sklep","item":"https:\/\/smagawonderland.com\/sklep\/"},{"@type":"ListItem","position":3,"name":"Lampa \u015acienna Hiro &#8211; wieloryb w\u0119drowiec z oceanicznych g\u0142\u0119bin"}]},{"@type":"WebSite","@id":"https:\/\/smagawonderland.com\/#website","url":"https:\/\/smagawonderland.com\/","name":"Von der Natur inspiriertes Licht","description":"","publisher":{"@id":"https:\/\/smagawonderland.com\/#organization"},"potentialAction":[{"@type":"SearchAction","target":{"@type":"EntryPoint","urlTemplate":"https:\/\/smagawonderland.com\/?s={search_term_string}"},"query-input":{"@type":"PropertyValueSpecification","valueRequired":true,"valueName":"search_term_string"}}],"inLanguage":"de"},{"@type":"Organization","@id":"https:\/\/smagawonderland.com\/#organization","name":"Von der Natur inspiriertes Licht","url":"https:\/\/smagawonderland.com\/","logo":{"@type":"ImageObject","inLanguage":"de","@id":"https:\/\/smagawonderland.com\/#\/schema\/logo\/image\/","url":"https:\/\/smagawonderland.com\/wp-content\/uploads\/2026\/02\/smaga-white-logo.png","contentUrl":"https:\/\/smagawonderland.com\/wp-content\/uploads\/2026\/02\/smaga-white-logo.png","width":1169,"height":324,"caption":"\u015awiat\u0142o inspirowane natur\u0105"},"image":{"@id":"https:\/\/smagawonderland.com\/#\/schema\/logo\/image\/"}}]}},"jetpack_sharing_enabled":true,"_links":{"self":[{"href":"https:\/\/smagawonderland.com\/de\/wp-json\/wp\/v2\/product\/2459","targetHints":{"allow":["GET"]}}],"collection":[{"href":"https:\/\/smagawonderland.com\/de\/wp-json\/wp\/v2\/product"}],"about":[{"href":"https:\/\/smagawonderland.com\/de\/wp-json\/wp\/v2\/types\/product"}],"replies":[{"embeddable":true,"href":"https:\/\/smagawonderland.com\/de\/wp-json\/wp\/v2\/comments?post=2459"}],"wp:featuredmedia":[{"embeddable":true,"href":"https:\/\/smagawonderland.com\/de\/wp-json\/wp\/v2\/media\/2571"}],"wp:attachment":[{"href":"https:\/\/smagawonderland.com\/de\/wp-json\/wp\/v2\/media?parent=2459"}],"wp:term":[{"taxonomy":"product_brand","embeddable":true,"href":"https:\/\/smagawonderland.com\/de\/wp-json\/wp\/v2\/product_brand?post=2459"},{"taxonomy":"product_cat","embeddable":true,"href":"https:\/\/smagawonderland.com\/de\/wp-json\/wp\/v2\/product_cat?post=2459"},{"taxonomy":"product_tag","embeddable":true,"href":"https:\/\/smagawonderland.com\/de\/wp-json\/wp\/v2\/product_tag?post=2459"}],"curies":[{"name":"wp","href":"https:\/\/api.w.org\/{rel}","templated":true}]}}