{"id":2420,"date":"2026-03-03T10:28:45","date_gmt":"2026-03-03T10:28:45","guid":{"rendered":"https:\/\/smagawonderland.com\/?post_type=product&#038;p=2420"},"modified":"2026-03-22T13:53:45","modified_gmt":"2026-03-22T13:53:45","slug":"kinkiet-scienny-meduza-nami-falujace-swiatlo","status":"publish","type":"product","link":"https:\/\/smagawonderland.com\/de\/produkt\/kinkiet-scienny-meduza-nami-falujace-swiatlo\/","title":{"rendered":"Kinkiet \u015bcienny Nami (Meduza) \u2013 Faluj\u0105ce \u015bwiat\u0142o z g\u0142\u0119bi oceanu."},"content":{"rendered":"<h3>Forma inspirowana szumem oceanu<\/h3>\n<p>Nami to klosz \u015bcienny, w kt\u00f3rym g\u0142\u00f3wn\u0105 rol\u0119 odgrywa mi\u0119kka, organiczna forma, przywodz\u0105ca na my\u015bl koj\u0105ce, szumi\u0105ce fale oceanu. Kszta\u0142t meduzy wprowadza do wn\u0119trza poczucie b\u0142ogiego spokoju i podwodnej harmonii. Aby lampa idealnie wpasowa\u0142a si\u0119 w Twoj\u0105 przestrze\u0144 \u2013 na przyk\u0142ad jako pi\u0119kny detal w pokoju dzieci\u0119cym \u2013 naturaln\u0105 sklejk\u0119 pokrywamy bezpiecznymi farbami wodnymi.<\/p>\n<hr data-start=\"1389\" data-end=\"1392\" \/>\n<h3>A\u017cur, kt\u00f3ry buduje klimat<\/h3>\n<p>Misternie wyci\u0119te detale i faluj\u0105ce ramiona na froncie nie s\u0105 przypadkow\u0105 ozdob\u0105. Zaprojektowali\u015bmy je celowo, aby t\u0142umi\u0142y ostre \u015bwiat\u0142o i rozprasza\u0142y je w postaci mi\u0119kkich, nienachalnych refleks\u00f3w. W\u0142oski pergamin podklejony od spodu dodatkowo mi\u0119kko rozprasza \u015bwiat\u0142o. Dzi\u0119ki temu Nami nie razi w oczy, a stanowi idealne o\u015bwietlenie boczne do sypialni, pokoju dziecka lub salonu \u2013 wsz\u0119dzie tam, gdzie zale\u017cy Ci na wyciszeniu i spokojnej atmosferze.<\/p>\n<hr data-start=\"1389\" data-end=\"1392\" \/>\n<h3 data-start=\"1394\" data-end=\"1417\">W\u00e4hle deinen perfekten Farbton<\/h3>\n<p data-path-to-node=\"12\">Klosz wycinamy w Polsce z wysokiej jako\u015bci, wytrzyma\u0142ej <b data-path-to-node=\"5\" data-index-in-node=\"56\">fi\u0144skiej sklejki o grubo\u015bci 4 mm<\/b>. Dbamy o zr\u00f3wnowa\u017cony rozw\u00f3j, dlatego drewno, kt\u00f3rego u\u017cywamy, posiada certyfikaty <b data-path-to-node=\"5\" data-index-in-node=\"172\">FSC i PEFC<\/b>.<\/p>\n<p data-path-to-node=\"8\">Aby Nami idealnie wpisa\u0142a si\u0119 w palet\u0119 barw Twojego wn\u0119trza, zrezygnowali\u015bmy z bejcy na rzecz <b data-path-to-node=\"8\" data-index-in-node=\"94\">6 wyselekcjonowanych kolor\u00f3w<\/b>:<\/p>\n<ul data-path-to-node=\"9\">\n<li>\n<p data-path-to-node=\"9,0,0\"><b data-path-to-node=\"9,0,0\" data-index-in-node=\"0\">Warm Grey<\/b> \u2013 ciep\u0142y, jasny szary, wprowadzaj\u0105cy do wn\u0119trza spok\u00f3j i elegancj\u0119.<\/p>\n<\/li>\n<li>\n<p data-path-to-node=\"9,1,0\"><b data-path-to-node=\"9,1,0\" data-index-in-node=\"0\">Mint Green<\/b> \u2013 radosny, pastelowy odcie\u0144 mi\u0119ty, idealny do o\u017cywienia przestrzeni lub pokoju dziecka.<\/p>\n<\/li>\n<li>\n<p data-path-to-node=\"9,2,0\"><b data-path-to-node=\"9,2,0\" data-index-in-node=\"0\">Teal Blue<\/b> \u2013 g\u0142\u0119boki, wyrazisty odcie\u0144 \u0142\u0105cz\u0105cy ziele\u0144 z b\u0142\u0119kitem morskiej toni.<\/p>\n<\/li>\n<li>\n<p data-path-to-node=\"9,3,0\"><b data-path-to-node=\"9,3,0\" data-index-in-node=\"0\">Jet Black<\/b> \u2013 klasyczna, g\u0142\u0119boka czer\u0144, kt\u00f3ra stworzy mocny, graficzny akcent na jasnej \u015bcianie.<\/p>\n<\/li>\n<li>\n<p data-path-to-node=\"9,4,0\"><b data-path-to-node=\"9,4,0\" data-index-in-node=\"0\">Navy Blue<\/b> \u2013 elegancki, ciemny granat, kojarz\u0105cy si\u0119 z g\u0142\u0119bi\u0105 oceanu.<\/p>\n<\/li>\n<li>\n<p data-path-to-node=\"9,5,0\"><b data-path-to-node=\"9,5,0\" data-index-in-node=\"0\">Mosaic Blue<\/b> \u2013 nasycony, unikalny odcie\u0144 niebieskiego, kt\u00f3ry wspaniale przyci\u0105ga wzrok.<\/p>\n<\/li>\n<\/ul>\n<hr data-start=\"1566\" data-end=\"1569\" \/>\n<h3 data-start=\"1571\" data-end=\"1609\">Eine Langlebigkeit, die \u00fcberrascht (Leicht zu reinigen)<\/h3>\n<p data-path-to-node=\"3\">Mimo a\u017curowej, wizualnie lekkiej formy, sowa Yume to niezwykle solidny element wyposa\u017cenia. Fi\u0144ska sklejka o grubo\u015bci 4 mm jest materia\u0142em sztywnym i odpornym na odkszta\u0142cenia.\u00a0Naturalne drewno nie elektryzuje si\u0119 i nie przyci\u0105ga kurzu tak mocno jak sztuczne tworzywa. Aby utrzyma\u0107 klosz w czysto\u015bci:<\/p>\n<ul data-path-to-node=\"5\">\n<li>\n<p data-path-to-node=\"5,0,0\">Do regularnego od\u015bwie\u017cania wystarczy <b data-path-to-node=\"5,0,0\" data-index-in-node=\"37\">wilgotna \u015bciereczka z mikrofibry<\/b> lub zwyk\u0142a miote\u0142ka do kurzu.<\/p>\n<\/li>\n<li>\n<p data-path-to-node=\"5,2,0\">Unikaj chemicznych detergent\u00f3w \u2013 naturalne drewno ich nie potrzebuje.<\/p>\n<\/li>\n<\/ul>\n<hr data-start=\"1389\" data-end=\"1392\" \/>\n<h3 data-start=\"1394\" data-end=\"1417\">Abmessungen und technische Daten<\/h3>\n<ul>\n<li style=\"list-style-type: none;\">\n<ul data-path-to-node=\"8\">\n<li>\n<p data-path-to-node=\"8,0,0\"><b data-path-to-node=\"8,0,0\" data-index-in-node=\"0\">Model:<\/b> Kinkiet \u015bcienny Nami (Meduza)<\/p>\n<\/li>\n<li>\n<p data-path-to-node=\"8,1,0\"><b data-path-to-node=\"8,1,0\" data-index-in-node=\"0\">Wymiary:<\/b> wys. 53 cm | szer. 24 cm | g\u0142. 6 cm<\/p>\n<\/li>\n<li>\n<p data-path-to-node=\"8,2,0\"><b data-path-to-node=\"8,2,0\" data-index-in-node=\"0\">Materia\u0142 klosza:<\/b> Certyfikowana sklejka fi\u0144ska 4 mm (FSC i PEFC) \u2013 precyzyjnie wycinana, wyka\u0144czana r\u0119cznie + w\u0142oski pergamin podklejony od spodu, kt\u00f3ry mi\u0119kko rozprasza \u015bwiat\u0142o.<\/p>\n<\/li>\n<li>\n<p data-path-to-node=\"8,3,0\"><b data-path-to-node=\"8,3,0\" data-index-in-node=\"0\">Typ oprawki:<\/b> E14 (tzw. ma\u0142y gwint)<\/p>\n<\/li>\n<li>\n<p data-path-to-node=\"8,4,0\"><b data-path-to-node=\"8,4,0\" data-index-in-node=\"0\"><b>Gewindetyp:<\/b> E14 (sogenanntes Kleingewinde)<\/b> \u017bar\u00f3wka LED (brak w zestawie)<\/p>\n<\/li>\n<li>\n<p data-path-to-node=\"8,5,0\"><b data-path-to-node=\"8,5,0\" data-index-in-node=\"0\">Maksymalna moc:<\/b> 10W (wy\u0142\u0105cznie \u017car\u00f3wki LED, kt\u00f3re si\u0119 nie nagrzewaj\u0105)<\/p>\n<\/li>\n<li>\n<p data-path-to-node=\"8,6,0\"><b data-path-to-node=\"8,6,0\" data-index-in-node=\"0\">Nasza rekomendacja \u017car\u00f3wki:<\/b> Aby uzyska\u0107 przytulny, relaksuj\u0105cy klimat (widoczny na naszych zdj\u0119ciach), polecamy \u017car\u00f3wki LED o <b data-path-to-node=\"8,6,0\" data-index-in-node=\"127\">ciep\u0142ej barwie \u015bwiat\u0142a (2700K &#8211; 3000K)<\/b> oraz delikatnej jasno\u015bci <b data-path-to-node=\"8,6,0\" data-index-in-node=\"191\">ok. 250 &#8211; 400 lumen\u00f3w<\/b>.<\/p>\n<\/li>\n<li>\n<p data-path-to-node=\"8,7,0\"><b data-path-to-node=\"8,7,0\" data-index-in-node=\"0\">Monta\u017c na \u015bcianie:<\/b> Lampa przystosowana do zawieszenia na 2 wkr\u0119tach. Do paczki do\u0142\u0105czamy <b data-path-to-node=\"8,7,0\" data-index-in-node=\"89\">wygodny papierowy szablon<\/b>, dzi\u0119ki kt\u00f3remu bezb\u0142\u0119dnie wywiercisz otwory w \u015bcianie. <i data-path-to-node=\"8,7,0\" data-index-in-node=\"171\">(Uwaga: ze wzgl\u0119du na r\u00f3\u017cne rodzaje \u015bcian w domach naszych klient\u00f3w, wkr\u0119ty i ko\u0142ki rozporowe nie s\u0105 do\u0142\u0105czone do zestawu \u2013 dobierz je odpowiednio do swojej \u015bciany).<\/i><\/p>\n<\/li>\n<li>\n<p data-path-to-node=\"8,8,0\"><b data-path-to-node=\"8,8,0\" data-index-in-node=\"0\">Styl:<\/b> Japandi, Scandi, Boho, Navy<\/p>\n<\/li>\n<li>\n<p data-path-to-node=\"8,9,0\"><b data-path-to-node=\"8,9,0\" data-index-in-node=\"0\">Produkcja:<\/b> Zaprojektowano i wykonano w 100% w polskiej pracowni Smaga Wonderland<\/p>\n<\/li>\n<\/ul>\n<\/li>\n<\/ul>\n<hr data-start=\"2200\" data-end=\"2203\" \/>\n<p data-path-to-node=\"12\">","protected":false},"excerpt":{"rendered":"<p data-path-to-node=\"5\">Nami (z jap. <i data-path-to-node=\"5\" data-index-in-node=\"13\">fala<\/i>) to mi\u0119kka, organiczna forma, kt\u00f3ra przynosi na my\u015bl koj\u0105cy szum wody. Za dnia stanowi przepi\u0119kn\u0105 dekoracj\u0119 \u015bciany, a wieczorem otula wn\u0119trze mi\u0119kkim, rozproszonym \u015bwiat\u0142em. To idealny wyb\u00f3r do sypialni, salonu lub pokoju malucha, gdzie liczy si\u0119 wyciszenie przed snem.<\/p>\n<ul data-path-to-node=\"6\">\n<li>\n<p data-path-to-node=\"6,0,0\"><b data-path-to-node=\"6,0,0\" data-index-in-node=\"0\">Wymiary:<\/b> wys. 53 cm | szer. 24 cm | g\u0142. 6 cm<\/p>\n<\/li>\n<li>\n<p data-path-to-node=\"6,0,0\"><b data-path-to-node=\"6,1,0\" data-index-in-node=\"0\">Materia\u0142:<\/b> Certyfikowana sklejka fi\u0144ska premium wyko\u0144czona bezpiecznymi farbami wodnymi (do wyboru 6 oceanicznych odcieni) + w\u0142oski pergamin.<\/p>\n<\/li>\n<li>\n<p data-path-to-node=\"6,0,0\"><b data-path-to-node=\"6,2,0\" data-index-in-node=\"0\">Przyjazne dzieciom:<\/b> Dzi\u0119ki u\u017cyciu nietoksycznych farb wodnych i nienachalnemu \u015bwiat\u0142u, Nami to niezwykle bezpieczny wyb\u00f3r do pokoju dzieci\u0119cego.<\/p>\n<\/li>\n<li>\n<p data-path-to-node=\"6,0,0\"><b data-path-to-node=\"6,3,0\" data-index-in-node=\"0\">Produkcja:<\/b> W 100% wycinane i malowane r\u0119cznie w Polsce.<\/p>\n<\/li>\n<\/ul>","protected":false},"featured_media":2454,"comment_status":"open","ping_status":"closed","template":"","meta":{"_kadence_starter_templates_imported_post":false,"_kad_post_transparent":"default","_kad_post_title":"","_kad_post_layout":"default","_kad_post_sidebar_id":"","_kad_post_content_style":"default","_kad_post_vertical_padding":"default","_kad_post_feature":"","_kad_post_feature_position":"","_kad_post_header":false,"_kad_post_footer":false,"_kad_post_classname":""},"product_brand":[63],"product_cat":[62,61],"product_tag":[67,33,73,71,32,65,34,72,66,28,74,75,35,70,29,27,64,31],"class_list":{"0":"post-2420","1":"product","2":"type-product","3":"status-publish","4":"has-post-thumbnail","6":"product_brand-smagawonderland","7":"product_cat-lampy-dzieciece","8":"product_cat-lampy-scienne","9":"product_tag-drewniany-kinkiet-scienny","10":"product_tag-ekologiczny-design","11":"product_tag-kinkiet-scienny","12":"product_tag-lampa-azurowa","13":"product_tag-lampa-boho","14":"product_tag-lampa-do-pokoju-dzieciecego","15":"product_tag-lampa-do-salonu","16":"product_tag-lampa-meduza","17":"product_tag-lampa-scienna","18":"product_tag-lampa-ze-sklejki","19":"product_tag-lampka-nocna","20":"product_tag-lampka-oceaniczna","21":"product_tag-nowoczesne-oswietlenie","22":"product_tag-oswietlenie-do-sypialni","23":"product_tag-oswietlenie-drewniane","24":"product_tag-styl-japandi","25":"product_tag-styl-rustykalny","26":"product_tag-styl-skandynawski","28":"first","29":"instock","30":"taxable","31":"shipping-taxable","32":"purchasable","33":"product-type-variable","34":"entry","35":"content-bg","36":"loop-entry"},"yoast_head":"<!-- This site is optimized with the Yoast SEO plugin v27.5 - https:\/\/yoast.com\/product\/yoast-seo-wordpress\/ -->\n<title>Lampa \u015bcienna Meduza \u2013 Faluj\u0105ce \u015bwiat\u0142o z g\u0142\u0119bi oceanu.<\/title>\n<meta name=\"description\" content=\"Szukasz wyj\u0105tkowej lampki do pokoju dziecka? Drewniany kinkiet Meduza otuli wn\u0119trze mi\u0119kkim \u015bwiat\u0142em. R\u0119kodzie\u0142o malowane bezpiecznymi farbami.\" \/>\n<meta name=\"robots\" content=\"index, follow, max-snippet:-1, max-image-preview:large, max-video-preview:-1\" \/>\n<link rel=\"canonical\" href=\"https:\/\/smagawonderland.com\/de\/produkt\/kinkiet-scienny-meduza-nami-falujace-swiatlo\/\" \/>\n<meta property=\"og:locale\" content=\"de_DE\" \/>\n<meta property=\"og:type\" content=\"article\" \/>\n<meta property=\"og:title\" content=\"Lampa \u015bcienna Meduza \u2013 Faluj\u0105ce \u015bwiat\u0142o z g\u0142\u0119bi oceanu.\" \/>\n<meta property=\"og:description\" content=\"Szukasz wyj\u0105tkowej lampki do pokoju dziecka? Drewniany kinkiet Meduza otuli wn\u0119trze mi\u0119kkim \u015bwiat\u0142em. R\u0119kodzie\u0142o malowane bezpiecznymi farbami.\" \/>\n<meta property=\"og:url\" content=\"https:\/\/smagawonderland.com\/de\/produkt\/kinkiet-scienny-meduza-nami-falujace-swiatlo\/\" \/>\n<meta property=\"og:site_name\" content=\"\u015awiat\u0142o inspirowane natur\u0105\" \/>\n<meta property=\"article:modified_time\" content=\"2026-03-22T13:53:45+00:00\" \/>\n<meta property=\"og:image\" content=\"https:\/\/smagawonderland.com\/wp-content\/uploads\/2026\/03\/wlaczony-kinkiet-scienny-meduza-nami-cieple-swiatlo-smaga-wonderland.jpg\" \/>\n\t<meta property=\"og:image:width\" content=\"1310\" \/>\n\t<meta property=\"og:image:height\" content=\"1638\" \/>\n\t<meta property=\"og:image:type\" content=\"image\/jpeg\" \/>\n<meta name=\"twitter:card\" content=\"summary_large_image\" \/>\n<meta name=\"twitter:label1\" content=\"Gesch\u00e4tzte Lesezeit\" \/>\n\t<meta name=\"twitter:data1\" content=\"4\u00a0Minuten\" \/>\n<script type=\"application\/ld+json\" class=\"yoast-schema-graph\">{\"@context\":\"https:\\\/\\\/schema.org\",\"@graph\":[{\"@type\":\"WebPage\",\"@id\":\"https:\\\/\\\/smagawonderland.com\\\/produkt\\\/kinkiet-scienny-meduza-nami-falujace-swiatlo\\\/\",\"url\":\"https:\\\/\\\/smagawonderland.com\\\/produkt\\\/kinkiet-scienny-meduza-nami-falujace-swiatlo\\\/\",\"name\":\"Lampa \u015bcienna Meduza \u2013 Faluj\u0105ce \u015bwiat\u0142o z g\u0142\u0119bi oceanu.\",\"isPartOf\":{\"@id\":\"https:\\\/\\\/smagawonderland.com\\\/#website\"},\"primaryImageOfPage\":{\"@id\":\"https:\\\/\\\/smagawonderland.com\\\/produkt\\\/kinkiet-scienny-meduza-nami-falujace-swiatlo\\\/#primaryimage\"},\"image\":{\"@id\":\"https:\\\/\\\/smagawonderland.com\\\/produkt\\\/kinkiet-scienny-meduza-nami-falujace-swiatlo\\\/#primaryimage\"},\"thumbnailUrl\":\"https:\\\/\\\/smagawonderland.com\\\/wp-content\\\/uploads\\\/2026\\\/03\\\/wlaczony-kinkiet-scienny-meduza-nami-cieple-swiatlo-smaga-wonderland.jpg\",\"datePublished\":\"2026-03-03T10:28:45+00:00\",\"dateModified\":\"2026-03-22T13:53:45+00:00\",\"description\":\"Szukasz wyj\u0105tkowej lampki do pokoju dziecka? Drewniany kinkiet Meduza otuli wn\u0119trze mi\u0119kkim \u015bwiat\u0142em. R\u0119kodzie\u0142o malowane bezpiecznymi farbami.\",\"breadcrumb\":{\"@id\":\"https:\\\/\\\/smagawonderland.com\\\/produkt\\\/kinkiet-scienny-meduza-nami-falujace-swiatlo\\\/#breadcrumb\"},\"inLanguage\":\"de\",\"potentialAction\":[{\"@type\":\"ReadAction\",\"target\":[\"https:\\\/\\\/smagawonderland.com\\\/produkt\\\/kinkiet-scienny-meduza-nami-falujace-swiatlo\\\/\"]}]},{\"@type\":\"ImageObject\",\"inLanguage\":\"de\",\"@id\":\"https:\\\/\\\/smagawonderland.com\\\/produkt\\\/kinkiet-scienny-meduza-nami-falujace-swiatlo\\\/#primaryimage\",\"url\":\"https:\\\/\\\/smagawonderland.com\\\/wp-content\\\/uploads\\\/2026\\\/03\\\/wlaczony-kinkiet-scienny-meduza-nami-cieple-swiatlo-smaga-wonderland.jpg\",\"contentUrl\":\"https:\\\/\\\/smagawonderland.com\\\/wp-content\\\/uploads\\\/2026\\\/03\\\/wlaczony-kinkiet-scienny-meduza-nami-cieple-swiatlo-smaga-wonderland.jpg\",\"width\":1310,\"height\":1638,\"caption\":\"W\u0142\u0105czony kinkiet \u015bcienny Meduza Nami, rzucaj\u0105cy na \u015bcian\u0119 mi\u0119kkie, ciep\u0142e \u015bwiat\u0142o rozproszone przez pergamin.\"},{\"@type\":\"BreadcrumbList\",\"@id\":\"https:\\\/\\\/smagawonderland.com\\\/produkt\\\/kinkiet-scienny-meduza-nami-falujace-swiatlo\\\/#breadcrumb\",\"itemListElement\":[{\"@type\":\"ListItem\",\"position\":1,\"name\":\"Strona g\u0142\u00f3wna\",\"item\":\"https:\\\/\\\/smagawonderland.com\\\/\"},{\"@type\":\"ListItem\",\"position\":2,\"name\":\"Sklep\",\"item\":\"https:\\\/\\\/smagawonderland.com\\\/sklep\\\/\"},{\"@type\":\"ListItem\",\"position\":3,\"name\":\"Kinkiet \u015bcienny Nami (Meduza) \u2013 Faluj\u0105ce \u015bwiat\u0142o z g\u0142\u0119bi oceanu.\"}]},{\"@type\":\"WebSite\",\"@id\":\"https:\\\/\\\/smagawonderland.com\\\/#website\",\"url\":\"https:\\\/\\\/smagawonderland.com\\\/\",\"name\":\"\u015awiat\u0142o inspirowane natur\u0105\",\"description\":\"\",\"publisher\":{\"@id\":\"https:\\\/\\\/smagawonderland.com\\\/#organization\"},\"potentialAction\":[{\"@type\":\"SearchAction\",\"target\":{\"@type\":\"EntryPoint\",\"urlTemplate\":\"https:\\\/\\\/smagawonderland.com\\\/?s={search_term_string}\"},\"query-input\":{\"@type\":\"PropertyValueSpecification\",\"valueRequired\":true,\"valueName\":\"search_term_string\"}}],\"inLanguage\":\"de\"},{\"@type\":\"Organization\",\"@id\":\"https:\\\/\\\/smagawonderland.com\\\/#organization\",\"name\":\"\u015awiat\u0142o inspirowane natur\u0105\",\"url\":\"https:\\\/\\\/smagawonderland.com\\\/\",\"logo\":{\"@type\":\"ImageObject\",\"inLanguage\":\"de\",\"@id\":\"https:\\\/\\\/smagawonderland.com\\\/#\\\/schema\\\/logo\\\/image\\\/\",\"url\":\"https:\\\/\\\/smagawonderland.com\\\/wp-content\\\/uploads\\\/2026\\\/02\\\/smaga-white-logo.png\",\"contentUrl\":\"https:\\\/\\\/smagawonderland.com\\\/wp-content\\\/uploads\\\/2026\\\/02\\\/smaga-white-logo.png\",\"width\":1169,\"height\":324,\"caption\":\"\u015awiat\u0142o inspirowane natur\u0105\"},\"image\":{\"@id\":\"https:\\\/\\\/smagawonderland.com\\\/#\\\/schema\\\/logo\\\/image\\\/\"}}]}<\/script>\n<!-- \/ Yoast SEO plugin. -->","yoast_head_json":{"title":"Lampa \u015bcienna Meduza \u2013 Faluj\u0105ce \u015bwiat\u0142o z g\u0142\u0119bi oceanu.","description":"Szukasz wyj\u0105tkowej lampki do pokoju dziecka? Drewniany kinkiet Meduza otuli wn\u0119trze mi\u0119kkim \u015bwiat\u0142em. R\u0119kodzie\u0142o malowane bezpiecznymi farbami.","robots":{"index":"index","follow":"follow","max-snippet":"max-snippet:-1","max-image-preview":"max-image-preview:large","max-video-preview":"max-video-preview:-1"},"canonical":"https:\/\/smagawonderland.com\/de\/produkt\/kinkiet-scienny-meduza-nami-falujace-swiatlo\/","og_locale":"de_DE","og_type":"article","og_title":"Lampa \u015bcienna Meduza \u2013 Faluj\u0105ce \u015bwiat\u0142o z g\u0142\u0119bi oceanu.","og_description":"Szukasz wyj\u0105tkowej lampki do pokoju dziecka? Drewniany kinkiet Meduza otuli wn\u0119trze mi\u0119kkim \u015bwiat\u0142em. R\u0119kodzie\u0142o malowane bezpiecznymi farbami.","og_url":"https:\/\/smagawonderland.com\/de\/produkt\/kinkiet-scienny-meduza-nami-falujace-swiatlo\/","og_site_name":"\u015awiat\u0142o inspirowane natur\u0105","article_modified_time":"2026-03-22T13:53:45+00:00","og_image":[{"width":1310,"height":1638,"url":"https:\/\/smagawonderland.com\/wp-content\/uploads\/2026\/03\/wlaczony-kinkiet-scienny-meduza-nami-cieple-swiatlo-smaga-wonderland.jpg","type":"image\/jpeg"}],"twitter_card":"summary_large_image","twitter_misc":{"Gesch\u00e4tzte Lesezeit":"4\u00a0Minuten"},"schema":{"@context":"https:\/\/schema.org","@graph":[{"@type":"WebPage","@id":"https:\/\/smagawonderland.com\/produkt\/kinkiet-scienny-meduza-nami-falujace-swiatlo\/","url":"https:\/\/smagawonderland.com\/produkt\/kinkiet-scienny-meduza-nami-falujace-swiatlo\/","name":"Lampa \u015bcienna Meduza \u2013 Faluj\u0105ce \u015bwiat\u0142o z g\u0142\u0119bi oceanu.","isPartOf":{"@id":"https:\/\/smagawonderland.com\/#website"},"primaryImageOfPage":{"@id":"https:\/\/smagawonderland.com\/produkt\/kinkiet-scienny-meduza-nami-falujace-swiatlo\/#primaryimage"},"image":{"@id":"https:\/\/smagawonderland.com\/produkt\/kinkiet-scienny-meduza-nami-falujace-swiatlo\/#primaryimage"},"thumbnailUrl":"https:\/\/smagawonderland.com\/wp-content\/uploads\/2026\/03\/wlaczony-kinkiet-scienny-meduza-nami-cieple-swiatlo-smaga-wonderland.jpg","datePublished":"2026-03-03T10:28:45+00:00","dateModified":"2026-03-22T13:53:45+00:00","description":"Szukasz wyj\u0105tkowej lampki do pokoju dziecka? Drewniany kinkiet Meduza otuli wn\u0119trze mi\u0119kkim \u015bwiat\u0142em. R\u0119kodzie\u0142o malowane bezpiecznymi farbami.","breadcrumb":{"@id":"https:\/\/smagawonderland.com\/produkt\/kinkiet-scienny-meduza-nami-falujace-swiatlo\/#breadcrumb"},"inLanguage":"de","potentialAction":[{"@type":"ReadAction","target":["https:\/\/smagawonderland.com\/produkt\/kinkiet-scienny-meduza-nami-falujace-swiatlo\/"]}]},{"@type":"ImageObject","inLanguage":"de","@id":"https:\/\/smagawonderland.com\/produkt\/kinkiet-scienny-meduza-nami-falujace-swiatlo\/#primaryimage","url":"https:\/\/smagawonderland.com\/wp-content\/uploads\/2026\/03\/wlaczony-kinkiet-scienny-meduza-nami-cieple-swiatlo-smaga-wonderland.jpg","contentUrl":"https:\/\/smagawonderland.com\/wp-content\/uploads\/2026\/03\/wlaczony-kinkiet-scienny-meduza-nami-cieple-swiatlo-smaga-wonderland.jpg","width":1310,"height":1638,"caption":"W\u0142\u0105czony kinkiet \u015bcienny Meduza Nami, rzucaj\u0105cy na \u015bcian\u0119 mi\u0119kkie, ciep\u0142e \u015bwiat\u0142o rozproszone przez pergamin."},{"@type":"BreadcrumbList","@id":"https:\/\/smagawonderland.com\/produkt\/kinkiet-scienny-meduza-nami-falujace-swiatlo\/#breadcrumb","itemListElement":[{"@type":"ListItem","position":1,"name":"Strona g\u0142\u00f3wna","item":"https:\/\/smagawonderland.com\/"},{"@type":"ListItem","position":2,"name":"Sklep","item":"https:\/\/smagawonderland.com\/sklep\/"},{"@type":"ListItem","position":3,"name":"Kinkiet \u015bcienny Nami (Meduza) \u2013 Faluj\u0105ce \u015bwiat\u0142o z g\u0142\u0119bi oceanu."}]},{"@type":"WebSite","@id":"https:\/\/smagawonderland.com\/#website","url":"https:\/\/smagawonderland.com\/","name":"Von der Natur inspiriertes Licht","description":"","publisher":{"@id":"https:\/\/smagawonderland.com\/#organization"},"potentialAction":[{"@type":"SearchAction","target":{"@type":"EntryPoint","urlTemplate":"https:\/\/smagawonderland.com\/?s={search_term_string}"},"query-input":{"@type":"PropertyValueSpecification","valueRequired":true,"valueName":"search_term_string"}}],"inLanguage":"de"},{"@type":"Organization","@id":"https:\/\/smagawonderland.com\/#organization","name":"Von der Natur inspiriertes Licht","url":"https:\/\/smagawonderland.com\/","logo":{"@type":"ImageObject","inLanguage":"de","@id":"https:\/\/smagawonderland.com\/#\/schema\/logo\/image\/","url":"https:\/\/smagawonderland.com\/wp-content\/uploads\/2026\/02\/smaga-white-logo.png","contentUrl":"https:\/\/smagawonderland.com\/wp-content\/uploads\/2026\/02\/smaga-white-logo.png","width":1169,"height":324,"caption":"\u015awiat\u0142o inspirowane natur\u0105"},"image":{"@id":"https:\/\/smagawonderland.com\/#\/schema\/logo\/image\/"}}]}},"jetpack_sharing_enabled":true,"_links":{"self":[{"href":"https:\/\/smagawonderland.com\/de\/wp-json\/wp\/v2\/product\/2420","targetHints":{"allow":["GET"]}}],"collection":[{"href":"https:\/\/smagawonderland.com\/de\/wp-json\/wp\/v2\/product"}],"about":[{"href":"https:\/\/smagawonderland.com\/de\/wp-json\/wp\/v2\/types\/product"}],"replies":[{"embeddable":true,"href":"https:\/\/smagawonderland.com\/de\/wp-json\/wp\/v2\/comments?post=2420"}],"wp:featuredmedia":[{"embeddable":true,"href":"https:\/\/smagawonderland.com\/de\/wp-json\/wp\/v2\/media\/2454"}],"wp:attachment":[{"href":"https:\/\/smagawonderland.com\/de\/wp-json\/wp\/v2\/media?parent=2420"}],"wp:term":[{"taxonomy":"product_brand","embeddable":true,"href":"https:\/\/smagawonderland.com\/de\/wp-json\/wp\/v2\/product_brand?post=2420"},{"taxonomy":"product_cat","embeddable":true,"href":"https:\/\/smagawonderland.com\/de\/wp-json\/wp\/v2\/product_cat?post=2420"},{"taxonomy":"product_tag","embeddable":true,"href":"https:\/\/smagawonderland.com\/de\/wp-json\/wp\/v2\/product_tag?post=2420"}],"curies":[{"name":"wp","href":"https:\/\/api.w.org\/{rel}","templated":true}]}}