{"id":2117,"date":"2026-02-21T10:09:26","date_gmt":"2026-02-21T10:09:26","guid":{"rendered":"https:\/\/smagawonderland.com\/?post_type=product&#038;p=2117"},"modified":"2026-03-22T10:39:22","modified_gmt":"2026-03-22T10:39:22","slug":"zolta-lampa-wiszaca-taiyo-z-drewna-i-papieru","status":"publish","type":"product","link":"https:\/\/smagawonderland.com\/de\/produkt\/zolta-lampa-wiszaca-taiyo-z-drewna-i-papieru\/","title":{"rendered":"Klosz do \u017c\u00f3\u0142tej lampy wisz\u0105cej Taiyo z drewna i papieru."},"content":{"rendered":"<h2>Klosz do \u017c\u00f3\u0142tej lampy wisz\u0105ca Taiyo z drewna i papieru \u2013 s\u0142oneczna energia.<\/h2>\n<p>Lampa Taiyo (kt\u00f3rej nazwa w j\u0119zyku japo\u0144skim oznacza po prostu &#8222;s\u0142o\u0144ce&#8221;) to energetyczna propozycja dla mi\u0142o\u015bnik\u00f3w stylu Japandi, Mid-Century Modern oraz Wabi-sabi. Geometryczna, drewniana rama w po\u0142\u0105czeniu z barwionym na \u017c\u00f3\u0142to papierem rzuca niezwykle ciep\u0142e, nastrojowe \u015bwiat\u0142o, kt\u00f3re wr\u0119cz o\u017cywia przestrze\u0144. To doskona\u0142y wyb\u00f3r nad st\u00f3\u0142 w jadalni, do klimatycznego salonu lub wn\u0119trza, kt\u00f3re potrzebuje odrobiny s\u0142onecznego blasku przez ca\u0142y rok.<\/p>\n<hr data-start=\"1389\" data-end=\"1392\" \/>\n<h3 data-start=\"1394\" data-end=\"1417\">W\u00e4hle deinen perfekten Farbton<\/h3>\n<p data-path-to-node=\"12\">Kolekcja Taiyo oferuje unikalne, s\u0142oneczne odcienie, pozwalaj\u0105ce na idealne dopasowanie do Twojego wn\u0119trza:<\/p>\n<ul>\n<li style=\"list-style-type: none;\">\n<ul data-path-to-node=\"13\">\n<li>\n<p data-path-to-node=\"13,0,0\"><b data-path-to-node=\"13,0,0\" data-index-in-node=\"0\">Papier Bawe\u0142niany (50% bawe\u0142ny):<\/b> Niezwykle trwa\u0142y, barwiony w masie papier o g\u0142adkiej, eleganckiej strukturze.<\/p>\n<\/li>\n<li>\n<p data-path-to-node=\"13,1,0\"><b data-path-to-node=\"13,1,0\" data-index-in-node=\"0\">Papier Lokta (100% z kory wawrzynku):<\/b> Tradycyjny, nepalski papier o wyra\u017anej, organicznej i surowej fakturze.<\/p>\n<\/li>\n<\/ul>\n<\/li>\n<\/ul>\n<hr data-start=\"1566\" data-end=\"1569\" \/>\n<h3 data-start=\"1571\" data-end=\"1609\">Eine Langlebigkeit, die \u00fcberrascht (Leicht zu reinigen)<\/h3>\n<p data-path-to-node=\"10\">Vergessen Sie die Bedenken, die Sie mit Lampenschirmen aus Papier haben. Unsere Materialien wurden sorgf\u00e4ltig f\u00fcr den t\u00e4glichen Gebrauch ausgew\u00e4hlt:<\/p>\n<ul data-path-to-node=\"11\">\n<li>\n<p data-path-to-node=\"11,0,0\" class=\"translation-block\"><b data-path-to-node=\"\u201e11,0,0\u201c\" data-index-in-node=\"\u201e0\u201c\">UV-Best\u00e4ndigkeit:<\/b> Die Farbstoffe sind \u00e4u\u00dferst sonnenbest\u00e4ndig, sodass die Lampe mit der Zeit nicht ausbleicht.<\/p>\n<\/li>\n<li>\n<p data-path-to-node=\"11,1,0\"><b data-path-to-node=\"11,1,0\" data-index-in-node=\"0\">\u0141atwa piel\u0119gnacja:<\/b> W przeciwie\u0144stwie do zwyk\u0142ego papieru, nasze klosze mo\u017cna bezpiecznie i delikatnie przeciera\u0107 lekko wilgotn\u0105 \u015bciereczk\u0105, by usun\u0105\u0107 z nich kurz.<\/p>\n<\/li>\n<\/ul>\n<hr data-start=\"2200\" data-end=\"2203\" \/>\n<h3 data-start=\"1394\" data-end=\"1417\">Abmessungen und technische Daten<\/h3>\n<ul>\n<li aria-level=\"1\"><b>Model:<\/b> Taiyo<\/li>\n<li aria-level=\"1\" class=\"translation-block\"><b>Ma\u00dfe:<\/b> \u00d8 50 cm x H 25 cm<\/li>\n<li aria-level=\"1\" class=\"translation-block\"><b>Material des Lampenschirms:<\/b> Lokta-Papier oder 50 % Baumwoll-Kunstdruckpapier + Pergament<\/li>\n<li aria-level=\"1\" class=\"translation-block\"><b>Konstruktion:<\/b> Finnisches Sperrholz (FSC), lasergeschnitten<\/li>\n<li aria-level=\"1\" class=\"translation-block\"><b>Gewindetyp:<\/b> E27 (Standard)<\/li>\n<li aria-level=\"1\" class=\"translation-block\"><b>Lichtquelle:<\/b> LED-Gl\u00fchbirne E27, nicht im Lieferumfang enthalten.<\/li>\n<li aria-level=\"1\" class=\"translation-block\"><b>Maximale Leistung:<\/b> 10 W LED<\/li>\n<li aria-level=\"1\"><b>Barwa \u015bwiat\u0142a:<\/b> Zale\u017cna od \u017car\u00f3wki (\u017c\u00f3\u0142ty klosz naturalnie pot\u0119guje ciep\u0142o \u015bwiat\u0142a, tworz\u0105c we wn\u0119trzu niesamowicie przytulny, z\u0142ocisty klimat)<\/li>\n<li aria-level=\"1\" class=\"translation-block\"><b>Aufh\u00e4ngung:<\/b> Kabel mit Halterung separat erh\u00e4ltlich.<\/li>\n<li aria-level=\"1\" class=\"translation-block\"><b>Stil:<\/b> Japandi, Wabi-Sabi, Skandinavisch, Organic Modern<\/li>\n<li aria-level=\"1\" class=\"translation-block\"><b>Herstellung:<\/b> Zu 100 % handgefertigt in Polen<\/li>\n<\/ul>\n<hr data-start=\"1389\" data-end=\"1392\" \/>\n<h3 data-start=\"1394\" data-end=\"1417\"><b data-path-to-node=\"4\" data-index-in-node=\"3\">Wa\u017cna informacja: Co dok\u0142adnie kupujesz?<\/b><\/h3>\n<p data-path-to-node=\"4\">Przedmiotem tej oferty jest sam <b data-path-to-node=\"4\" data-index-in-node=\"76\">r\u0119cznie wykonany klosz<\/b>.<\/p>\n<p data-path-to-node=\"5\"><b data-path-to-node=\"5\" data-index-in-node=\"0\">Dlaczego osprz\u0119t elektryczny sprzedajemy osobno?<\/b><\/p>\n<ul data-path-to-node=\"6\">\n<li>\n<p data-path-to-node=\"6,0,0\"><b data-path-to-node=\"6,0,0\" data-index-in-node=\"0\">Twoje bezpiecze\u0144stwo:<\/b> My wk\u0142adamy ca\u0142e serce w artystyczne rzemios\u0142o (r\u0119czne gi\u0119cie drewna i czerpanie papieru), a kwestie elektryczne powierzamy wy\u0142\u0105cznie sprawdzonym producentom z certyfikatami bezpiecze\u0144stwa (CE).<\/p>\n<\/li>\n<li>\n<p data-path-to-node=\"6,1,0\"><b data-path-to-node=\"6,1,0\" data-index-in-node=\"0\">Pe\u0142na personalizacja:<\/b> Chcemy, aby\u015b to Ty zdecydowa\u0142, jaki kolor przewodu najlepiej dope\u0142ni Twoje wn\u0119trze.<\/p>\n<\/li>\n<\/ul>\n<p data-path-to-node=\"7\"><b data-path-to-node=\"7\" data-index-in-node=\"3\">Skompletuj swoj\u0105 lamp\u0119:<\/b> Dedykowany, certyfikowany osprz\u0119t elektryczny (kabel w oplocie, oprawka E27 i podsufitka), kt\u00f3ry idealnie pasuje do tego modelu, <b data-path-to-node=\"7\" data-index-in-node=\"156\">znajdziesz i dodasz do koszyka tutaj \u2013 KLIKNIJ<\/b>.<\/p>\n<hr data-start=\"2200\" data-end=\"2203\" \/>\n<h3 data-start=\"2205\" data-end=\"2223\">Personalisierung<\/h3>\n<p data-path-to-node=\"18\">Lampa dost\u0119pna w wielu wariantach, aby idealnie dopasowa\u0107 si\u0119 do Twojego domu:<\/p>\n<ul data-path-to-node=\"19\">\n<li>\n<p data-path-to-node=\"19,0,0\">Odcienie \u017c\u00f3\u0142tego papieru (od jasnego s\u0142o\u0144ca po g\u0142\u0119bok\u0105, miodow\u0105 musztard\u0119).<\/p>\n<\/li>\n<li>\n<p data-path-to-node=\"19,1,0\">3 wybarwienia drewna (sklejki). Wybierz zestawienie, kt\u00f3re najlepiej oddaje charakter Twojego wn\u0119trza.<\/p>\n<\/li>\n<\/ul>","protected":false},"excerpt":{"rendered":"<p data-path-to-node=\"5,1\">R\u0119cznie wykonany klosz lampy Taiyo (po japo\u0144sku &#8222;s\u0142o\u0144ce&#8221;) w stylu Japandi o\u017cywi Twoj\u0105 przestrze\u0144 radosnym, ciep\u0142ym akcentem. A\u017curowa konstrukcja z drewna otula niezwykle trwa\u0142y papier, filtruj\u0105c \u015bwiat\u0142o w mi\u0119kki, nastrojowy spos\u00f3b.<\/p>\n<ul data-path-to-node=\"5,2\">\n<li>\n<p data-path-to-node=\"5,2,0,0\"><b data-path-to-node=\"5,2,0,0\" data-index-in-node=\"0\">Wa\u017cna informacja: Co dok\u0142adnie kupujesz? Przedmiotem tej oferty jest sam r\u0119cznie wykonany klosz.<\/b><\/p>\n<\/li>\n<li>\n<p data-path-to-node=\"5,2,0,0\" class=\"translation-block\"><b data-path-to-node=\"\u201e5,2,0,0\u201c\" data-index-in-node=\"\u201e0\u201c\">Material:<\/b> Finnisches Birkensperrholz + Papier (100 % Lokta oder 50 % Baumwolle)<\/p>\n<\/li>\n<li class=\"translation-block\"><b data-path-to-node=\"\u201e3,2,1,0\u201c\" data-index-in-node=\"\u201e2\u201c\">Superkraft:<\/b> Best\u00e4ndig gegen Ausbleichen durch Sonneneinstrahlung. Kann vorsichtig mit einem feuchten Tuch abgewischt werden.<\/li>\n<li>\n<p data-path-to-node=\"5,2,1,0\"><b data-path-to-node=\"5,2,1,0\" data-index-in-node=\"0\">\u015arednica:<\/b> 50 cm<\/p>\n<\/li>\n<li class=\"translation-block\"><b data-path-to-node=\"\u201e7,2,3,0\u201c\" data-index-in-node=\"\u201e5\u201c\">Herkunft:<\/b> Polnische Manufaktur<\/li>\n<\/ul>","protected":false},"featured_media":2124,"comment_status":"open","ping_status":"closed","template":"","meta":{"_kadence_starter_templates_imported_post":false,"_kad_post_transparent":"default","_kad_post_title":"","_kad_post_layout":"default","_kad_post_sidebar_id":"","_kad_post_content_style":"default","_kad_post_vertical_padding":"default","_kad_post_feature":"","_kad_post_feature_position":"","_kad_post_header":false,"_kad_post_footer":false,"_kad_post_classname":""},"product_brand":[],"product_cat":[25],"product_tag":[37,33,58,32,34,53,36,30,28,57,35,29,27,31,55,56,54],"class_list":{"0":"post-2117","1":"product","2":"type-product","3":"status-publish","4":"has-post-thumbnail","6":"product_cat-lampy-wiszace","7":"product_tag-abazur-do-lampy-wiszacej","8":"product_tag-ekologiczny-design","9":"product_tag-kanarkowa-lampa","10":"product_tag-lampa-boho","11":"product_tag-lampa-do-salonu","12":"product_tag-lampa-sufitowa","13":"product_tag-lampa-wiszaca","14":"product_tag-lampa-z-papieru","15":"product_tag-lampa-ze-sklejki","16":"product_tag-musztardowa-lampa","17":"product_tag-nowoczesne-oswietlenie","18":"product_tag-oswietlenie-drewniane","19":"product_tag-styl-japandi","20":"product_tag-styl-skandynawski","21":"product_tag-zolta-lampa-do-jadalni","22":"product_tag-zolta-lampa-wiszaca","23":"product_tag-zolty-klosz-do-lampy","24":"product_shipping_class-tylko-kurier","26":"first","27":"instock","28":"taxable","29":"shipping-taxable","30":"purchasable","31":"product-type-variable","32":"entry","33":"content-bg","34":"loop-entry"},"yoast_head":"<!-- This site is optimized with the Yoast SEO plugin v27.5 - https:\/\/yoast.com\/product\/yoast-seo-wordpress\/ -->\n<title>Klosz do \u017c\u00f3\u0142tej lampy wisz\u0105cej Taiyo z drewna i papieru.<\/title>\n<meta name=\"description\" content=\"R\u0119cznie wykonany klosz lampy wisz\u0105cej Taiyo - po japo\u0144sku &quot;s\u0142o\u0144ce&quot;. \u017b\u00f3\u0142ty odcie\u0144 o\u017cywi Twoj\u0105 przestrze\u0144 radosnym, ciep\u0142ym akcentem.\" \/>\n<meta name=\"robots\" content=\"index, follow, max-snippet:-1, max-image-preview:large, max-video-preview:-1\" \/>\n<link rel=\"canonical\" href=\"https:\/\/smagawonderland.com\/de\/produkt\/zolta-lampa-wiszaca-taiyo-z-drewna-i-papieru\/\" \/>\n<meta property=\"og:locale\" content=\"de_DE\" \/>\n<meta property=\"og:type\" content=\"article\" \/>\n<meta property=\"og:title\" content=\"Klosz do \u017c\u00f3\u0142tej lampy wisz\u0105cej Taiyo z drewna i papieru.\" \/>\n<meta property=\"og:description\" content=\"R\u0119cznie wykonany klosz lampy wisz\u0105cej Taiyo - po japo\u0144sku &quot;s\u0142o\u0144ce&quot;. \u017b\u00f3\u0142ty odcie\u0144 o\u017cywi Twoj\u0105 przestrze\u0144 radosnym, ciep\u0142ym akcentem.\" \/>\n<meta property=\"og:url\" content=\"https:\/\/smagawonderland.com\/de\/produkt\/zolta-lampa-wiszaca-taiyo-z-drewna-i-papieru\/\" \/>\n<meta property=\"og:site_name\" content=\"\u015awiat\u0142o inspirowane natur\u0105\" \/>\n<meta property=\"article:modified_time\" content=\"2026-03-22T10:39:22+00:00\" \/>\n<meta property=\"og:image\" content=\"https:\/\/smagawonderland.com\/wp-content\/uploads\/2026\/02\/zolta-lampa-wiszaca-taiyo-japandi-ciemne-drewno-papier-lokta.jpg\" \/>\n\t<meta property=\"og:image:width\" content=\"819\" \/>\n\t<meta property=\"og:image:height\" content=\"1024\" \/>\n\t<meta property=\"og:image:type\" content=\"image\/jpeg\" \/>\n<meta name=\"twitter:card\" content=\"summary_large_image\" \/>\n<meta name=\"twitter:label1\" content=\"Gesch\u00e4tzte Lesezeit\" \/>\n\t<meta name=\"twitter:data1\" content=\"3\u00a0Minuten\" \/>\n<script type=\"application\/ld+json\" class=\"yoast-schema-graph\">{\"@context\":\"https:\\\/\\\/schema.org\",\"@graph\":[{\"@type\":\"WebPage\",\"@id\":\"https:\\\/\\\/smagawonderland.com\\\/produkt\\\/zolta-lampa-wiszaca-taiyo-z-drewna-i-papieru\\\/\",\"url\":\"https:\\\/\\\/smagawonderland.com\\\/produkt\\\/zolta-lampa-wiszaca-taiyo-z-drewna-i-papieru\\\/\",\"name\":\"Klosz do \u017c\u00f3\u0142tej lampy wisz\u0105cej Taiyo z drewna i papieru.\",\"isPartOf\":{\"@id\":\"https:\\\/\\\/smagawonderland.com\\\/#website\"},\"primaryImageOfPage\":{\"@id\":\"https:\\\/\\\/smagawonderland.com\\\/produkt\\\/zolta-lampa-wiszaca-taiyo-z-drewna-i-papieru\\\/#primaryimage\"},\"image\":{\"@id\":\"https:\\\/\\\/smagawonderland.com\\\/produkt\\\/zolta-lampa-wiszaca-taiyo-z-drewna-i-papieru\\\/#primaryimage\"},\"thumbnailUrl\":\"https:\\\/\\\/smagawonderland.com\\\/wp-content\\\/uploads\\\/2026\\\/02\\\/zolta-lampa-wiszaca-taiyo-japandi-ciemne-drewno-papier-lokta.jpg\",\"datePublished\":\"2026-02-21T10:09:26+00:00\",\"dateModified\":\"2026-03-22T10:39:22+00:00\",\"description\":\"R\u0119cznie wykonany klosz lampy wisz\u0105cej Taiyo - po japo\u0144sku \\\"s\u0142o\u0144ce\\\". \u017b\u00f3\u0142ty odcie\u0144 o\u017cywi Twoj\u0105 przestrze\u0144 radosnym, ciep\u0142ym akcentem.\",\"breadcrumb\":{\"@id\":\"https:\\\/\\\/smagawonderland.com\\\/produkt\\\/zolta-lampa-wiszaca-taiyo-z-drewna-i-papieru\\\/#breadcrumb\"},\"inLanguage\":\"de\",\"potentialAction\":[{\"@type\":\"ReadAction\",\"target\":[\"https:\\\/\\\/smagawonderland.com\\\/produkt\\\/zolta-lampa-wiszaca-taiyo-z-drewna-i-papieru\\\/\"]}]},{\"@type\":\"ImageObject\",\"inLanguage\":\"de\",\"@id\":\"https:\\\/\\\/smagawonderland.com\\\/produkt\\\/zolta-lampa-wiszaca-taiyo-z-drewna-i-papieru\\\/#primaryimage\",\"url\":\"https:\\\/\\\/smagawonderland.com\\\/wp-content\\\/uploads\\\/2026\\\/02\\\/zolta-lampa-wiszaca-taiyo-japandi-ciemne-drewno-papier-lokta.jpg\",\"contentUrl\":\"https:\\\/\\\/smagawonderland.com\\\/wp-content\\\/uploads\\\/2026\\\/02\\\/zolta-lampa-wiszaca-taiyo-japandi-ciemne-drewno-papier-lokta.jpg\",\"width\":819,\"height\":1024,\"caption\":\"Lampa wisz\u0105ca Taiyo z jasnej sklejki i \u017c\u00f3\u0142tego papieru Lokta. R\u0119cznie robione o\u015bwietlenie o ciep\u0142ej barwie.\"},{\"@type\":\"BreadcrumbList\",\"@id\":\"https:\\\/\\\/smagawonderland.com\\\/produkt\\\/zolta-lampa-wiszaca-taiyo-z-drewna-i-papieru\\\/#breadcrumb\",\"itemListElement\":[{\"@type\":\"ListItem\",\"position\":1,\"name\":\"Strona g\u0142\u00f3wna\",\"item\":\"https:\\\/\\\/smagawonderland.com\\\/\"},{\"@type\":\"ListItem\",\"position\":2,\"name\":\"Sklep\",\"item\":\"https:\\\/\\\/smagawonderland.com\\\/sklep\\\/\"},{\"@type\":\"ListItem\",\"position\":3,\"name\":\"Klosz do \u017c\u00f3\u0142tej lampy wisz\u0105cej Taiyo z drewna i papieru.\"}]},{\"@type\":\"WebSite\",\"@id\":\"https:\\\/\\\/smagawonderland.com\\\/#website\",\"url\":\"https:\\\/\\\/smagawonderland.com\\\/\",\"name\":\"\u015awiat\u0142o inspirowane natur\u0105\",\"description\":\"\",\"publisher\":{\"@id\":\"https:\\\/\\\/smagawonderland.com\\\/#organization\"},\"potentialAction\":[{\"@type\":\"SearchAction\",\"target\":{\"@type\":\"EntryPoint\",\"urlTemplate\":\"https:\\\/\\\/smagawonderland.com\\\/?s={search_term_string}\"},\"query-input\":{\"@type\":\"PropertyValueSpecification\",\"valueRequired\":true,\"valueName\":\"search_term_string\"}}],\"inLanguage\":\"de\"},{\"@type\":\"Organization\",\"@id\":\"https:\\\/\\\/smagawonderland.com\\\/#organization\",\"name\":\"\u015awiat\u0142o inspirowane natur\u0105\",\"url\":\"https:\\\/\\\/smagawonderland.com\\\/\",\"logo\":{\"@type\":\"ImageObject\",\"inLanguage\":\"de\",\"@id\":\"https:\\\/\\\/smagawonderland.com\\\/#\\\/schema\\\/logo\\\/image\\\/\",\"url\":\"https:\\\/\\\/smagawonderland.com\\\/wp-content\\\/uploads\\\/2026\\\/02\\\/smaga-white-logo.png\",\"contentUrl\":\"https:\\\/\\\/smagawonderland.com\\\/wp-content\\\/uploads\\\/2026\\\/02\\\/smaga-white-logo.png\",\"width\":1169,\"height\":324,\"caption\":\"\u015awiat\u0142o inspirowane natur\u0105\"},\"image\":{\"@id\":\"https:\\\/\\\/smagawonderland.com\\\/#\\\/schema\\\/logo\\\/image\\\/\"}}]}<\/script>\n<!-- \/ Yoast SEO plugin. -->","yoast_head_json":{"title":"Klosz do \u017c\u00f3\u0142tej lampy wisz\u0105cej Taiyo z drewna i papieru.","description":"R\u0119cznie wykonany klosz lampy wisz\u0105cej Taiyo - po japo\u0144sku \"s\u0142o\u0144ce\". \u017b\u00f3\u0142ty odcie\u0144 o\u017cywi Twoj\u0105 przestrze\u0144 radosnym, ciep\u0142ym akcentem.","robots":{"index":"index","follow":"follow","max-snippet":"max-snippet:-1","max-image-preview":"max-image-preview:large","max-video-preview":"max-video-preview:-1"},"canonical":"https:\/\/smagawonderland.com\/de\/produkt\/zolta-lampa-wiszaca-taiyo-z-drewna-i-papieru\/","og_locale":"de_DE","og_type":"article","og_title":"Klosz do \u017c\u00f3\u0142tej lampy wisz\u0105cej Taiyo z drewna i papieru.","og_description":"R\u0119cznie wykonany klosz lampy wisz\u0105cej Taiyo - po japo\u0144sku \"s\u0142o\u0144ce\". \u017b\u00f3\u0142ty odcie\u0144 o\u017cywi Twoj\u0105 przestrze\u0144 radosnym, ciep\u0142ym akcentem.","og_url":"https:\/\/smagawonderland.com\/de\/produkt\/zolta-lampa-wiszaca-taiyo-z-drewna-i-papieru\/","og_site_name":"\u015awiat\u0142o inspirowane natur\u0105","article_modified_time":"2026-03-22T10:39:22+00:00","og_image":[{"width":819,"height":1024,"url":"https:\/\/smagawonderland.com\/wp-content\/uploads\/2026\/02\/zolta-lampa-wiszaca-taiyo-japandi-ciemne-drewno-papier-lokta.jpg","type":"image\/jpeg"}],"twitter_card":"summary_large_image","twitter_misc":{"Gesch\u00e4tzte Lesezeit":"3\u00a0Minuten"},"schema":{"@context":"https:\/\/schema.org","@graph":[{"@type":"WebPage","@id":"https:\/\/smagawonderland.com\/produkt\/zolta-lampa-wiszaca-taiyo-z-drewna-i-papieru\/","url":"https:\/\/smagawonderland.com\/produkt\/zolta-lampa-wiszaca-taiyo-z-drewna-i-papieru\/","name":"Klosz do \u017c\u00f3\u0142tej lampy wisz\u0105cej Taiyo z drewna i papieru.","isPartOf":{"@id":"https:\/\/smagawonderland.com\/#website"},"primaryImageOfPage":{"@id":"https:\/\/smagawonderland.com\/produkt\/zolta-lampa-wiszaca-taiyo-z-drewna-i-papieru\/#primaryimage"},"image":{"@id":"https:\/\/smagawonderland.com\/produkt\/zolta-lampa-wiszaca-taiyo-z-drewna-i-papieru\/#primaryimage"},"thumbnailUrl":"https:\/\/smagawonderland.com\/wp-content\/uploads\/2026\/02\/zolta-lampa-wiszaca-taiyo-japandi-ciemne-drewno-papier-lokta.jpg","datePublished":"2026-02-21T10:09:26+00:00","dateModified":"2026-03-22T10:39:22+00:00","description":"R\u0119cznie wykonany klosz lampy wisz\u0105cej Taiyo - po japo\u0144sku \"s\u0142o\u0144ce\". \u017b\u00f3\u0142ty odcie\u0144 o\u017cywi Twoj\u0105 przestrze\u0144 radosnym, ciep\u0142ym akcentem.","breadcrumb":{"@id":"https:\/\/smagawonderland.com\/produkt\/zolta-lampa-wiszaca-taiyo-z-drewna-i-papieru\/#breadcrumb"},"inLanguage":"de","potentialAction":[{"@type":"ReadAction","target":["https:\/\/smagawonderland.com\/produkt\/zolta-lampa-wiszaca-taiyo-z-drewna-i-papieru\/"]}]},{"@type":"ImageObject","inLanguage":"de","@id":"https:\/\/smagawonderland.com\/produkt\/zolta-lampa-wiszaca-taiyo-z-drewna-i-papieru\/#primaryimage","url":"https:\/\/smagawonderland.com\/wp-content\/uploads\/2026\/02\/zolta-lampa-wiszaca-taiyo-japandi-ciemne-drewno-papier-lokta.jpg","contentUrl":"https:\/\/smagawonderland.com\/wp-content\/uploads\/2026\/02\/zolta-lampa-wiszaca-taiyo-japandi-ciemne-drewno-papier-lokta.jpg","width":819,"height":1024,"caption":"Lampa wisz\u0105ca Taiyo z jasnej sklejki i \u017c\u00f3\u0142tego papieru Lokta. R\u0119cznie robione o\u015bwietlenie o ciep\u0142ej barwie."},{"@type":"BreadcrumbList","@id":"https:\/\/smagawonderland.com\/produkt\/zolta-lampa-wiszaca-taiyo-z-drewna-i-papieru\/#breadcrumb","itemListElement":[{"@type":"ListItem","position":1,"name":"Strona g\u0142\u00f3wna","item":"https:\/\/smagawonderland.com\/"},{"@type":"ListItem","position":2,"name":"Sklep","item":"https:\/\/smagawonderland.com\/sklep\/"},{"@type":"ListItem","position":3,"name":"Klosz do \u017c\u00f3\u0142tej lampy wisz\u0105cej Taiyo z drewna i papieru."}]},{"@type":"WebSite","@id":"https:\/\/smagawonderland.com\/#website","url":"https:\/\/smagawonderland.com\/","name":"Von der Natur inspiriertes Licht","description":"","publisher":{"@id":"https:\/\/smagawonderland.com\/#organization"},"potentialAction":[{"@type":"SearchAction","target":{"@type":"EntryPoint","urlTemplate":"https:\/\/smagawonderland.com\/?s={search_term_string}"},"query-input":{"@type":"PropertyValueSpecification","valueRequired":true,"valueName":"search_term_string"}}],"inLanguage":"de"},{"@type":"Organization","@id":"https:\/\/smagawonderland.com\/#organization","name":"Von der Natur inspiriertes Licht","url":"https:\/\/smagawonderland.com\/","logo":{"@type":"ImageObject","inLanguage":"de","@id":"https:\/\/smagawonderland.com\/#\/schema\/logo\/image\/","url":"https:\/\/smagawonderland.com\/wp-content\/uploads\/2026\/02\/smaga-white-logo.png","contentUrl":"https:\/\/smagawonderland.com\/wp-content\/uploads\/2026\/02\/smaga-white-logo.png","width":1169,"height":324,"caption":"\u015awiat\u0142o inspirowane natur\u0105"},"image":{"@id":"https:\/\/smagawonderland.com\/#\/schema\/logo\/image\/"}}]}},"jetpack_sharing_enabled":true,"_links":{"self":[{"href":"https:\/\/smagawonderland.com\/de\/wp-json\/wp\/v2\/product\/2117","targetHints":{"allow":["GET"]}}],"collection":[{"href":"https:\/\/smagawonderland.com\/de\/wp-json\/wp\/v2\/product"}],"about":[{"href":"https:\/\/smagawonderland.com\/de\/wp-json\/wp\/v2\/types\/product"}],"replies":[{"embeddable":true,"href":"https:\/\/smagawonderland.com\/de\/wp-json\/wp\/v2\/comments?post=2117"}],"wp:featuredmedia":[{"embeddable":true,"href":"https:\/\/smagawonderland.com\/de\/wp-json\/wp\/v2\/media\/2124"}],"wp:attachment":[{"href":"https:\/\/smagawonderland.com\/de\/wp-json\/wp\/v2\/media?parent=2117"}],"wp:term":[{"taxonomy":"product_brand","embeddable":true,"href":"https:\/\/smagawonderland.com\/de\/wp-json\/wp\/v2\/product_brand?post=2117"},{"taxonomy":"product_cat","embeddable":true,"href":"https:\/\/smagawonderland.com\/de\/wp-json\/wp\/v2\/product_cat?post=2117"},{"taxonomy":"product_tag","embeddable":true,"href":"https:\/\/smagawonderland.com\/de\/wp-json\/wp\/v2\/product_tag?post=2117"}],"curies":[{"name":"wp","href":"https:\/\/api.w.org\/{rel}","templated":true}]}}