{"id":2091,"date":"2026-02-20T18:00:43","date_gmt":"2026-02-20T18:00:43","guid":{"rendered":"https:\/\/smagawonderland.com\/?post_type=product&#038;p=2091"},"modified":"2026-03-22T10:39:41","modified_gmt":"2026-03-22T10:39:41","slug":"rozowa-lampa-wiszaca-hana","status":"publish","type":"product","link":"https:\/\/smagawonderland.com\/de\/produkt\/rozowa-lampa-wiszaca-hana\/","title":{"rendered":"Rosa H\u00e4ngelampe Hana."},"content":{"rendered":"<h2>Die rosa Hana-H\u00e4ngelampe aus Holz und Papier \u2013 feminine Harmonie.<\/h2>\n<p>Tauchen Sie Ihr Zuhause in warme, blumige Farben. Die Lampe Hana (deren Name auf Japanisch einfach \u201eBlume\u201c bedeutet) ist ein Angebot f\u00fcr Liebhaber des Japandi-Stils, von Wabi-Sabi und gem\u00fctlichem Minimalismus. Der geometrische Holzrahmen in Kombination mit farbigem Papier wirft ein weiches, stimmungsvolles Licht und schafft so einen Raum, der zum Entspannen einl\u00e4dt. Sie ist die perfekte Wahl f\u00fcr ein romantisches Schlafzimmer, ein stilvolles Wohnzimmer oder ein bezauberndes Kinderzimmer.<\/p>\n<hr data-start=\"1389\" data-end=\"1392\" \/>\n<h3 data-start=\"1394\" data-end=\"1417\">W\u00e4hle deinen perfekten Farbton<\/h3>\n<ul>\n<li>\n<p data-path-to-node=\"12\">Die Hana-Kollektion bietet gleich 5 einzigartige Farben, sodass sie sich perfekt in Ihre Einrichtung einf\u00fcgt:<\/p>\n<ul data-path-to-node=\"13\">\n<li>\n<p data-path-to-node=\"13,0,0\" class=\"translation-block\"><b data-path-to-node=\"\u201e13,0,0\u201c\" data-index-in-node=\"\u201e0\u201c\">Baumwollpapier (50 % Baumwolle):<\/b> Ein \u00e4u\u00dferst strapazierf\u00e4higes, durchgef\u00e4rbtes Papier mit einer glatten, eleganten Struktur. Erh\u00e4ltlich in den Farbt\u00f6nen: zartes Rosa (<b data-path-to-node=\"\u201e13,0,0\u201c\" data-index-in-node=\"\u201a151\u2018\">Rose<\/b>), sattes Himbeerrot (<b data-path-to-node=\"\u201e13,0,0\u201c\" data-index-in-node=\"\u201e176\u201c\">Raspberry<\/b>), klassischem venezianischem Rosa (<b data-path-to-node=\"\u201e13,0,0\u201c\" data-index-in-node=\"\u201e217\u201c\">Venetian Pink<\/b>) sowie tiefem Violett (<b data-path-to-node=\"\u201e13,0,0\u201c\" data-index-in-node=\"\u201e257\u201c\">Violet<\/b>).<\/p>\n<\/li>\n<li>\n<p data-path-to-node=\"13,1,0\" class=\"translation-block\"><b data-path-to-node=\"\u201e13,1,0\u201c\" data-index-in-node=\"\u201e0\u201c\">Lokta-Papier (100 % aus Lorbeerrinde): <\/b> Traditionelles nepalesisches Papier mit einer ausgepr\u00e4gten, organischen und rauen Struktur, erh\u00e4ltlich in der Farbe <b data-path-to-node=\"\u201e13,1,0\u201c\" data-index-in-node=\"\u201e130\u201c\">Pink Lokta<\/b>.<\/p>\n<\/li>\n<\/ul>\n<\/li>\n<\/ul>\n<hr data-start=\"1566\" data-end=\"1569\" \/>\n<h3 data-start=\"1571\" data-end=\"1609\">Eine Langlebigkeit, die \u00fcberrascht (Leicht zu reinigen)<\/h3>\n<p data-path-to-node=\"10\">Vergessen Sie die Bedenken, die Sie mit Lampenschirmen aus Papier haben. Unsere Materialien wurden sorgf\u00e4ltig f\u00fcr den t\u00e4glichen Gebrauch ausgew\u00e4hlt:<\/p>\n<ul data-path-to-node=\"11\">\n<li>\n<p data-path-to-node=\"11,0,0\" class=\"translation-block\"><b data-path-to-node=\"\u201e11,0,0\u201c\" data-index-in-node=\"\u201e0\u201c\">UV-Best\u00e4ndigkeit:<\/b> Die Farbstoffe sind \u00e4u\u00dferst sonnenbest\u00e4ndig, sodass die Lampe mit der Zeit nicht ausbleicht.<\/p>\n<\/li>\n<li>\n<p data-path-to-node=\"11,1,0\" class=\"translation-block\"><b data-path-to-node=\"\u201e11,1,0\u201c\" data-index-in-node=\"\u201e0\u201c\">Einfache Pflege:<\/b> Im Gegensatz zu normalem Papier k\u00f6nnen die Hana-Lampenschirme sicher und schonend mit einem leicht feuchten Tuch abgewischt werden, um Staub zu entfernen.<\/p>\n<\/li>\n<\/ul>\n<hr data-start=\"1389\" data-end=\"1392\" \/>\n<h3 data-start=\"1394\" data-end=\"1417\">Abmessungen und technische Daten<\/h3>\n<ul>\n<li aria-level=\"1\"><b>Model:<\/b> Hana<\/li>\n<li aria-level=\"1\" class=\"translation-block\"><b>Ma\u00dfe:<\/b> \u00d8 50 cm x H 25 cm<\/li>\n<li aria-level=\"1\" class=\"translation-block\"><b>Material des Lampenschirms:<\/b> Lokta-Papier oder 50 % Baumwoll-Kunstdruckpapier + Pergament<\/li>\n<li aria-level=\"1\" class=\"translation-block\"><b>Konstruktion:<\/b> Finnisches Sperrholz (FSC), lasergeschnitten<\/li>\n<li aria-level=\"1\" class=\"translation-block\"><b>Gewindetyp:<\/b> E27 (Standard)<\/li>\n<li aria-level=\"1\" class=\"translation-block\"><b>Lichtquelle:<\/b> LED-Gl\u00fchbirne E27, nicht im Lieferumfang enthalten.<\/li>\n<li aria-level=\"1\" class=\"translation-block\"><b>Maximale Leistung:<\/b> 10 W LED<\/li>\n<li aria-level=\"1\" class=\"translation-block\"><b>Lichtfarbe:<\/b> Abh\u00e4ngig von der Gl\u00fchbirne (der rosafarbene Lampenschirm verleiht dem Licht eine nat\u00fcrliche W\u00e4rme und schafft im Raum eine unglaublich gem\u00fctliche Atmosph\u00e4re)<\/li>\n<li aria-level=\"1\" class=\"translation-block\"><b>Aufh\u00e4ngung:<\/b> Kabel mit Halterung separat erh\u00e4ltlich.<\/li>\n<li aria-level=\"1\" class=\"translation-block\"><b>Stil:<\/b> Japandi, Wabi-Sabi, Skandinavisch, Organic Modern<\/li>\n<li aria-level=\"1\" class=\"translation-block\"><b>Herstellung:<\/b> Zu 100 % handgefertigt in Polen<\/li>\n<\/ul>\n<hr data-start=\"2200\" data-end=\"2203\" \/>\n<h3 data-start=\"2205\" data-end=\"2223\">Personalisierung<\/h3>\n<p data-path-to-node=\"18\">Lampa dost\u0119pna w wielu wariantach, aby idealnie dopasowa\u0107 si\u0119 do Twojego domu:<\/p>\n<ul data-path-to-node=\"19\">\n<li>\n<p data-path-to-node=\"19,0,0\">5 odcieni r\u00f3\u017cowego i fioletowego papieru (od pudrowego r\u00f3\u017cu po g\u0142\u0119bok\u0105 malin\u0119 i fiolet).<\/p>\n<\/li>\n<li>\n<p data-path-to-node=\"19,1,0\">3 wybarwienia drewna (sklejki). Wybierz zestawienie, kt\u00f3re najlepiej oddaje charakter Twojego wn\u0119trza.<\/p>\n<\/li>\n<\/ul>\n<p>&nbsp;<\/p>","protected":false},"excerpt":{"rendered":"<p data-path-to-node=\"5,1\">Die handgefertigte Lampe \u201eHana\u201c (japanisch f\u00fcr \u201eBlume\u201c) im Japandi-Stil belebt Ihren Raum mit einem wundersch\u00f6nen rosa Akzent. Die durchbrochene Holzkonstruktion umh\u00fcllt das \u00e4u\u00dferst strapazierf\u00e4hige Papier und filtert das Licht auf sanfte, stimmungsvolle Weise.<\/p>\n<ul data-path-to-node=\"5,2\">\n<li>\n<p data-path-to-node=\"5,2,0,0\" class=\"translation-block\"><b data-path-to-node=\"\u201e5,2,0,0\u201c\" data-index-in-node=\"\u201e0\u201c\">Material:<\/b> Finnisches Birkensperrholz + Papier (100 % Lokta oder 50 % Baumwolle)<\/p>\n<\/li>\n<li class=\"translation-block\"><b data-path-to-node=\"\u201e3,2,1,0\u201c\" data-index-in-node=\"\u201e2\u201c\">Superkraft:<\/b> Best\u00e4ndig gegen Ausbleichen durch Sonneneinstrahlung. Kann vorsichtig mit einem feuchten Tuch abgewischt werden.<\/li>\n<li>\n<p data-path-to-node=\"5,2,1,0\"><b data-path-to-node=\"5,2,1,0\" data-index-in-node=\"0\">\u015arednica:<\/b> 50 cm<\/p>\n<\/li>\n<li class=\"translation-block\"><b data-path-to-node=\"\u201e7,2,3,0\u201c\" data-index-in-node=\"\u201e5\u201c\">Herkunft:<\/b> Polnische Manufaktur<\/li>\n<li>\n<p data-path-to-node=\"5,2,2,0\" class=\"translation-block\"><b data-path-to-node=\"\u201e5,2,2,0\u201c\" data-index-in-node=\"\u201e0\u201c\">Im Lieferumfang enthalten:<\/b> Lampenschirm f\u00fcr H\u00e4ngeleuchte. Kabel mit Fassung separat erh\u00e4ltlich.<\/p>\n<\/li>\n<\/ul>","protected":false},"featured_media":2092,"comment_status":"open","ping_status":"closed","template":"","meta":{"_kadence_starter_templates_imported_post":false,"_kad_post_transparent":"default","_kad_post_title":"","_kad_post_layout":"default","_kad_post_sidebar_id":"","_kad_post_content_style":"default","_kad_post_vertical_padding":"default","_kad_post_feature":"","_kad_post_feature_position":"","_kad_post_header":false,"_kad_post_footer":false,"_kad_post_classname":""},"product_brand":[],"product_cat":[25],"product_tag":[37,52,33,32,34,53,36,30,28,35,29,50,51,27,31],"class_list":{"0":"post-2091","1":"product","2":"type-product","3":"status-publish","4":"has-post-thumbnail","6":"product_cat-lampy-wiszace","7":"product_tag-abazur-do-lampy-wiszacej","8":"product_tag-burgundowa-lampa","9":"product_tag-ekologiczny-design","10":"product_tag-lampa-boho","11":"product_tag-lampa-do-salonu","12":"product_tag-lampa-sufitowa","13":"product_tag-lampa-wiszaca","14":"product_tag-lampa-z-papieru","15":"product_tag-lampa-ze-sklejki","16":"product_tag-nowoczesne-oswietlenie","17":"product_tag-oswietlenie-drewniane","18":"product_tag-rozowa-lampa","19":"product_tag-rozowy-klosz","20":"product_tag-styl-japandi","21":"product_tag-styl-skandynawski","22":"product_shipping_class-tylko-kurier","24":"first","25":"instock","26":"taxable","27":"shipping-taxable","28":"purchasable","29":"product-type-variable","30":"entry","31":"content-bg","32":"loop-entry"},"yoast_head":"<!-- This site is optimized with the Yoast SEO plugin v27.5 - https:\/\/yoast.com\/product\/yoast-seo-wordpress\/ -->\n<title>Lampa Wisz\u0105ca Hana. Kobieca Harmonia.<\/title>\n<meta name=\"description\" content=\"R\u0119cznie wykonana lampa Hana w stylu japo\u0144skim o\u017cywi Twoj\u0105 przestrze\u0144 pi\u0119knym, r\u00f3\u017cowym akcentem. A\u017curowa konstrukcja z drewna otula niezwyk\u0142y papier.\" \/>\n<meta name=\"robots\" content=\"index, follow, max-snippet:-1, max-image-preview:large, max-video-preview:-1\" \/>\n<link rel=\"canonical\" href=\"https:\/\/smagawonderland.com\/de\/produkt\/rozowa-lampa-wiszaca-hana\/\" \/>\n<meta property=\"og:locale\" content=\"de_DE\" \/>\n<meta property=\"og:type\" content=\"article\" \/>\n<meta property=\"og:title\" content=\"Lampa Wisz\u0105ca Hana. Kobieca Harmonia.\" \/>\n<meta property=\"og:description\" content=\"R\u0119cznie wykonana lampa Hana w stylu japo\u0144skim o\u017cywi Twoj\u0105 przestrze\u0144 pi\u0119knym, r\u00f3\u017cowym akcentem. A\u017curowa konstrukcja z drewna otula niezwyk\u0142y papier.\" \/>\n<meta property=\"og:url\" content=\"https:\/\/smagawonderland.com\/de\/produkt\/rozowa-lampa-wiszaca-hana\/\" \/>\n<meta property=\"og:site_name\" content=\"\u015awiat\u0142o inspirowane natur\u0105\" \/>\n<meta property=\"article:modified_time\" content=\"2026-03-22T10:39:41+00:00\" \/>\n<meta property=\"og:image\" content=\"https:\/\/smagawonderland.com\/wp-content\/uploads\/2026\/02\/azurowa-lampa-wiszaca-hana-jasne-drewno-wabi-sabi.jpg\" \/>\n\t<meta property=\"og:image:width\" content=\"1245\" \/>\n\t<meta property=\"og:image:height\" content=\"1556\" \/>\n\t<meta property=\"og:image:type\" content=\"image\/jpeg\" \/>\n<meta name=\"twitter:card\" content=\"summary_large_image\" \/>\n<meta name=\"twitter:label1\" content=\"Gesch\u00e4tzte Lesezeit\" \/>\n\t<meta name=\"twitter:data1\" content=\"3\u00a0Minuten\" \/>\n<script type=\"application\/ld+json\" class=\"yoast-schema-graph\">{\"@context\":\"https:\\\/\\\/schema.org\",\"@graph\":[{\"@type\":\"WebPage\",\"@id\":\"https:\\\/\\\/smagawonderland.com\\\/produkt\\\/rozowa-lampa-wiszaca-hana\\\/\",\"url\":\"https:\\\/\\\/smagawonderland.com\\\/produkt\\\/rozowa-lampa-wiszaca-hana\\\/\",\"name\":\"Lampa Wisz\u0105ca Hana. Kobieca Harmonia.\",\"isPartOf\":{\"@id\":\"https:\\\/\\\/smagawonderland.com\\\/#website\"},\"primaryImageOfPage\":{\"@id\":\"https:\\\/\\\/smagawonderland.com\\\/produkt\\\/rozowa-lampa-wiszaca-hana\\\/#primaryimage\"},\"image\":{\"@id\":\"https:\\\/\\\/smagawonderland.com\\\/produkt\\\/rozowa-lampa-wiszaca-hana\\\/#primaryimage\"},\"thumbnailUrl\":\"https:\\\/\\\/smagawonderland.com\\\/wp-content\\\/uploads\\\/2026\\\/02\\\/azurowa-lampa-wiszaca-hana-jasne-drewno-wabi-sabi.jpg\",\"datePublished\":\"2026-02-20T18:00:43+00:00\",\"dateModified\":\"2026-03-22T10:39:41+00:00\",\"description\":\"R\u0119cznie wykonana lampa Hana w stylu japo\u0144skim o\u017cywi Twoj\u0105 przestrze\u0144 pi\u0119knym, r\u00f3\u017cowym akcentem. A\u017curowa konstrukcja z drewna otula niezwyk\u0142y papier.\",\"breadcrumb\":{\"@id\":\"https:\\\/\\\/smagawonderland.com\\\/produkt\\\/rozowa-lampa-wiszaca-hana\\\/#breadcrumb\"},\"inLanguage\":\"de\",\"potentialAction\":[{\"@type\":\"ReadAction\",\"target\":[\"https:\\\/\\\/smagawonderland.com\\\/produkt\\\/rozowa-lampa-wiszaca-hana\\\/\"]}]},{\"@type\":\"ImageObject\",\"inLanguage\":\"de\",\"@id\":\"https:\\\/\\\/smagawonderland.com\\\/produkt\\\/rozowa-lampa-wiszaca-hana\\\/#primaryimage\",\"url\":\"https:\\\/\\\/smagawonderland.com\\\/wp-content\\\/uploads\\\/2026\\\/02\\\/azurowa-lampa-wiszaca-hana-jasne-drewno-wabi-sabi.jpg\",\"contentUrl\":\"https:\\\/\\\/smagawonderland.com\\\/wp-content\\\/uploads\\\/2026\\\/02\\\/azurowa-lampa-wiszaca-hana-jasne-drewno-wabi-sabi.jpg\",\"width\":1245,\"height\":1556,\"caption\":\"Jasna lampa wisz\u0105ca w stylu Japandi. A\u017curowy klosz wykonany z jasnej sklejki brzozowej i r\u00f3zowego papieru czerpanego.\"},{\"@type\":\"BreadcrumbList\",\"@id\":\"https:\\\/\\\/smagawonderland.com\\\/produkt\\\/rozowa-lampa-wiszaca-hana\\\/#breadcrumb\",\"itemListElement\":[{\"@type\":\"ListItem\",\"position\":1,\"name\":\"Strona g\u0142\u00f3wna\",\"item\":\"https:\\\/\\\/smagawonderland.com\\\/\"},{\"@type\":\"ListItem\",\"position\":2,\"name\":\"Sklep\",\"item\":\"https:\\\/\\\/smagawonderland.com\\\/sklep\\\/\"},{\"@type\":\"ListItem\",\"position\":3,\"name\":\"R\u00f3\u017cowa lampa wisz\u0105ca Hana.\"}]},{\"@type\":\"WebSite\",\"@id\":\"https:\\\/\\\/smagawonderland.com\\\/#website\",\"url\":\"https:\\\/\\\/smagawonderland.com\\\/\",\"name\":\"\u015awiat\u0142o inspirowane natur\u0105\",\"description\":\"\",\"publisher\":{\"@id\":\"https:\\\/\\\/smagawonderland.com\\\/#organization\"},\"potentialAction\":[{\"@type\":\"SearchAction\",\"target\":{\"@type\":\"EntryPoint\",\"urlTemplate\":\"https:\\\/\\\/smagawonderland.com\\\/?s={search_term_string}\"},\"query-input\":{\"@type\":\"PropertyValueSpecification\",\"valueRequired\":true,\"valueName\":\"search_term_string\"}}],\"inLanguage\":\"de\"},{\"@type\":\"Organization\",\"@id\":\"https:\\\/\\\/smagawonderland.com\\\/#organization\",\"name\":\"\u015awiat\u0142o inspirowane natur\u0105\",\"url\":\"https:\\\/\\\/smagawonderland.com\\\/\",\"logo\":{\"@type\":\"ImageObject\",\"inLanguage\":\"de\",\"@id\":\"https:\\\/\\\/smagawonderland.com\\\/#\\\/schema\\\/logo\\\/image\\\/\",\"url\":\"https:\\\/\\\/smagawonderland.com\\\/wp-content\\\/uploads\\\/2026\\\/02\\\/smaga-white-logo.png\",\"contentUrl\":\"https:\\\/\\\/smagawonderland.com\\\/wp-content\\\/uploads\\\/2026\\\/02\\\/smaga-white-logo.png\",\"width\":1169,\"height\":324,\"caption\":\"\u015awiat\u0142o inspirowane natur\u0105\"},\"image\":{\"@id\":\"https:\\\/\\\/smagawonderland.com\\\/#\\\/schema\\\/logo\\\/image\\\/\"}}]}<\/script>\n<!-- \/ Yoast SEO plugin. -->","yoast_head_json":{"title":"Lampa Wisz\u0105ca Hana. Kobieca Harmonia.","description":"R\u0119cznie wykonana lampa Hana w stylu japo\u0144skim o\u017cywi Twoj\u0105 przestrze\u0144 pi\u0119knym, r\u00f3\u017cowym akcentem. A\u017curowa konstrukcja z drewna otula niezwyk\u0142y papier.","robots":{"index":"index","follow":"follow","max-snippet":"max-snippet:-1","max-image-preview":"max-image-preview:large","max-video-preview":"max-video-preview:-1"},"canonical":"https:\/\/smagawonderland.com\/de\/produkt\/rozowa-lampa-wiszaca-hana\/","og_locale":"de_DE","og_type":"article","og_title":"Lampa Wisz\u0105ca Hana. Kobieca Harmonia.","og_description":"R\u0119cznie wykonana lampa Hana w stylu japo\u0144skim o\u017cywi Twoj\u0105 przestrze\u0144 pi\u0119knym, r\u00f3\u017cowym akcentem. A\u017curowa konstrukcja z drewna otula niezwyk\u0142y papier.","og_url":"https:\/\/smagawonderland.com\/de\/produkt\/rozowa-lampa-wiszaca-hana\/","og_site_name":"\u015awiat\u0142o inspirowane natur\u0105","article_modified_time":"2026-03-22T10:39:41+00:00","og_image":[{"width":1245,"height":1556,"url":"https:\/\/smagawonderland.com\/wp-content\/uploads\/2026\/02\/azurowa-lampa-wiszaca-hana-jasne-drewno-wabi-sabi.jpg","type":"image\/jpeg"}],"twitter_card":"summary_large_image","twitter_misc":{"Gesch\u00e4tzte Lesezeit":"3\u00a0Minuten"},"schema":{"@context":"https:\/\/schema.org","@graph":[{"@type":"WebPage","@id":"https:\/\/smagawonderland.com\/produkt\/rozowa-lampa-wiszaca-hana\/","url":"https:\/\/smagawonderland.com\/produkt\/rozowa-lampa-wiszaca-hana\/","name":"Lampa Wisz\u0105ca Hana. Kobieca Harmonia.","isPartOf":{"@id":"https:\/\/smagawonderland.com\/#website"},"primaryImageOfPage":{"@id":"https:\/\/smagawonderland.com\/produkt\/rozowa-lampa-wiszaca-hana\/#primaryimage"},"image":{"@id":"https:\/\/smagawonderland.com\/produkt\/rozowa-lampa-wiszaca-hana\/#primaryimage"},"thumbnailUrl":"https:\/\/smagawonderland.com\/wp-content\/uploads\/2026\/02\/azurowa-lampa-wiszaca-hana-jasne-drewno-wabi-sabi.jpg","datePublished":"2026-02-20T18:00:43+00:00","dateModified":"2026-03-22T10:39:41+00:00","description":"R\u0119cznie wykonana lampa Hana w stylu japo\u0144skim o\u017cywi Twoj\u0105 przestrze\u0144 pi\u0119knym, r\u00f3\u017cowym akcentem. A\u017curowa konstrukcja z drewna otula niezwyk\u0142y papier.","breadcrumb":{"@id":"https:\/\/smagawonderland.com\/produkt\/rozowa-lampa-wiszaca-hana\/#breadcrumb"},"inLanguage":"de","potentialAction":[{"@type":"ReadAction","target":["https:\/\/smagawonderland.com\/produkt\/rozowa-lampa-wiszaca-hana\/"]}]},{"@type":"ImageObject","inLanguage":"de","@id":"https:\/\/smagawonderland.com\/produkt\/rozowa-lampa-wiszaca-hana\/#primaryimage","url":"https:\/\/smagawonderland.com\/wp-content\/uploads\/2026\/02\/azurowa-lampa-wiszaca-hana-jasne-drewno-wabi-sabi.jpg","contentUrl":"https:\/\/smagawonderland.com\/wp-content\/uploads\/2026\/02\/azurowa-lampa-wiszaca-hana-jasne-drewno-wabi-sabi.jpg","width":1245,"height":1556,"caption":"Jasna lampa wisz\u0105ca w stylu Japandi. A\u017curowy klosz wykonany z jasnej sklejki brzozowej i r\u00f3zowego papieru czerpanego."},{"@type":"BreadcrumbList","@id":"https:\/\/smagawonderland.com\/produkt\/rozowa-lampa-wiszaca-hana\/#breadcrumb","itemListElement":[{"@type":"ListItem","position":1,"name":"Strona g\u0142\u00f3wna","item":"https:\/\/smagawonderland.com\/"},{"@type":"ListItem","position":2,"name":"Sklep","item":"https:\/\/smagawonderland.com\/sklep\/"},{"@type":"ListItem","position":3,"name":"R\u00f3\u017cowa lampa wisz\u0105ca Hana."}]},{"@type":"WebSite","@id":"https:\/\/smagawonderland.com\/#website","url":"https:\/\/smagawonderland.com\/","name":"Von der Natur inspiriertes Licht","description":"","publisher":{"@id":"https:\/\/smagawonderland.com\/#organization"},"potentialAction":[{"@type":"SearchAction","target":{"@type":"EntryPoint","urlTemplate":"https:\/\/smagawonderland.com\/?s={search_term_string}"},"query-input":{"@type":"PropertyValueSpecification","valueRequired":true,"valueName":"search_term_string"}}],"inLanguage":"de"},{"@type":"Organization","@id":"https:\/\/smagawonderland.com\/#organization","name":"Von der Natur inspiriertes Licht","url":"https:\/\/smagawonderland.com\/","logo":{"@type":"ImageObject","inLanguage":"de","@id":"https:\/\/smagawonderland.com\/#\/schema\/logo\/image\/","url":"https:\/\/smagawonderland.com\/wp-content\/uploads\/2026\/02\/smaga-white-logo.png","contentUrl":"https:\/\/smagawonderland.com\/wp-content\/uploads\/2026\/02\/smaga-white-logo.png","width":1169,"height":324,"caption":"\u015awiat\u0142o inspirowane natur\u0105"},"image":{"@id":"https:\/\/smagawonderland.com\/#\/schema\/logo\/image\/"}}]}},"jetpack_sharing_enabled":true,"_links":{"self":[{"href":"https:\/\/smagawonderland.com\/de\/wp-json\/wp\/v2\/product\/2091","targetHints":{"allow":["GET"]}}],"collection":[{"href":"https:\/\/smagawonderland.com\/de\/wp-json\/wp\/v2\/product"}],"about":[{"href":"https:\/\/smagawonderland.com\/de\/wp-json\/wp\/v2\/types\/product"}],"replies":[{"embeddable":true,"href":"https:\/\/smagawonderland.com\/de\/wp-json\/wp\/v2\/comments?post=2091"}],"wp:featuredmedia":[{"embeddable":true,"href":"https:\/\/smagawonderland.com\/de\/wp-json\/wp\/v2\/media\/2092"}],"wp:attachment":[{"href":"https:\/\/smagawonderland.com\/de\/wp-json\/wp\/v2\/media?parent=2091"}],"wp:term":[{"taxonomy":"product_brand","embeddable":true,"href":"https:\/\/smagawonderland.com\/de\/wp-json\/wp\/v2\/product_brand?post=2091"},{"taxonomy":"product_cat","embeddable":true,"href":"https:\/\/smagawonderland.com\/de\/wp-json\/wp\/v2\/product_cat?post=2091"},{"taxonomy":"product_tag","embeddable":true,"href":"https:\/\/smagawonderland.com\/de\/wp-json\/wp\/v2\/product_tag?post=2091"}],"curies":[{"name":"wp","href":"https:\/\/api.w.org\/{rel}","templated":true}]}}