{"id":2064,"date":"2026-02-19T18:52:18","date_gmt":"2026-02-19T18:52:18","guid":{"rendered":"https:\/\/smagawonderland.com\/?post_type=product&#038;p=2064"},"modified":"2026-03-22T10:39:51","modified_gmt":"2026-03-22T10:39:51","slug":"lampa-wiszaca-mori-zielony-klosz-w-stylu-japandi","status":"publish","type":"product","link":"https:\/\/smagawonderland.com\/de\/produkt\/lampa-wiszaca-mori-zielony-klosz-w-stylu-japandi\/","title":{"rendered":"Lampa wisz\u0105ca Mori \u2013 Odcienie zieleni."},"content":{"rendered":"<h2>Zielona Lampa Wisz\u0105ca Mori z Drewna i Papieru \u2013 Inspirowana Natur\u0105<\/h2>\n<p>Zanurz swoje wn\u0119trze w relaksuj\u0105cych barwach lasu. Lampa Mori (kt\u00f3rej nazwa w j\u0119zyku japo\u0144skim oznacza w\u0142a\u015bnie &#8222;las&#8221;) to idealny wyb\u00f3r dla mi\u0142o\u015bnik\u00f3w stylu Japandi, Wabi-sabi oraz Organic Modern. Geometryczna, drewniana rama w po\u0142\u0105czeniu z barwionym papierem rzuca mi\u0119kkie, nastrojowe \u015bwiat\u0142o, tworz\u0105c przestrze\u0144 sprzyjaj\u0105c\u0105 odpoczynkowi. To idealny akcent kolorystyczny nad st\u00f3\u0142 w jadalni, do sypialni czy domowego biura.<\/p>\n<hr data-start=\"1389\" data-end=\"1392\" \/>\n<h3 data-start=\"1394\" data-end=\"1417\">Nat\u00fcrliche Materialien<\/h3>\n<ul>\n<li>\n<p data-path-to-node=\"19,0,0\">Zertifiziertes finnisches Birkensperrholz (FSC).<\/p>\n<\/li>\n<li>\n<p data-path-to-node=\"19,1,0\">R\u0119cznie czerpany papier Lokta z Nepalu lub bawe\u0142niany papier artystyczny, odporny na blakni\u0119cie.<\/p>\n<\/li>\n<li>\n<p data-path-to-node=\"19,2,0\">Das Papier ist zus\u00e4tzlich mit italienischem Pergament verst\u00e4rkt, um maximale Haltbarkeit zu gew\u00e4hrleisten.<\/p>\n<\/li>\n<\/ul>\n<hr data-start=\"1566\" data-end=\"1569\" \/>\n<h3 data-start=\"1571\" data-end=\"1609\">Eine Langlebigkeit, die \u00fcberrascht (Leicht zu reinigen)<\/h3>\n<p data-path-to-node=\"10\">Vergessen Sie die Bedenken, die Sie mit Lampenschirmen aus Papier haben. Unsere Materialien wurden sorgf\u00e4ltig f\u00fcr den t\u00e4glichen Gebrauch ausgew\u00e4hlt:<\/p>\n<ul data-path-to-node=\"11\">\n<li>\n<p data-path-to-node=\"11,0,0\" class=\"translation-block\"><b data-path-to-node=\"\u201e11,0,0\u201c\" data-index-in-node=\"\u201e0\u201c\">UV-Best\u00e4ndigkeit:<\/b> Die Farbstoffe sind \u00e4u\u00dferst sonnenbest\u00e4ndig, sodass die Lampe mit der Zeit nicht ausbleicht.<\/p>\n<\/li>\n<li>\n<p data-path-to-node=\"11,1,0\"><b data-path-to-node=\"11,1,0\" data-index-in-node=\"0\">\u0141atwa piel\u0119gnacja:<\/b> W przeciwie\u0144stwie do zwyk\u0142ego papieru, klosze Mori mo\u017cna bezpiecznie i delikatnie przeciera\u0107 lekko wilgotn\u0105 \u015bciereczk\u0105, by usun\u0105\u0107 z nich kurz.<\/p>\n<\/li>\n<\/ul>\n<hr data-start=\"1389\" data-end=\"1392\" \/>\n<h3 data-start=\"1394\" data-end=\"1417\">Abmessungen und technische Daten<\/h3>\n<ul>\n<li aria-level=\"1\"><b>Model:<\/b> Mori<\/li>\n<li aria-level=\"1\" class=\"translation-block\"><b>Ma\u00dfe:<\/b> \u00d8 50 cm x H 25 cm<\/li>\n<li aria-level=\"1\" class=\"translation-block\"><b>Material des Lampenschirms:<\/b> Lokta-Papier oder 50 % Baumwoll-Kunstdruckpapier + Pergament<\/li>\n<li aria-level=\"1\" class=\"translation-block\"><b>Konstruktion:<\/b> Finnisches Sperrholz (FSC), lasergeschnitten<\/li>\n<li aria-level=\"1\" class=\"translation-block\"><b>Gewindetyp:<\/b> E27 (Standard)<\/li>\n<li aria-level=\"1\" class=\"translation-block\"><b>Lichtquelle:<\/b> LED-Gl\u00fchbirne E27, nicht im Lieferumfang enthalten.<\/li>\n<li aria-level=\"1\" class=\"translation-block\"><b>Maximale Leistung:<\/b> 10 W LED<\/li>\n<li aria-level=\"1\" class=\"translation-block\"><b>Lichtfarbe:<\/b> Abh\u00e4ngig von der Gl\u00fchbirne (der Lampenschirm verleiht dem Licht eine nat\u00fcrliche W\u00e4rme und sorgt im Raum f\u00fcr den beruhigenden \u201eGolden Hour\u201c-Effekt)<\/li>\n<li aria-level=\"1\" class=\"translation-block\"><b>Aufh\u00e4ngung:<\/b> Kabel mit Halterung separat erh\u00e4ltlich.<\/li>\n<li aria-level=\"1\" class=\"translation-block\"><b>Stil:<\/b> Japandi, Wabi-Sabi, Skandinavisch, Organic Modern<\/li>\n<li aria-level=\"1\" class=\"translation-block\"><b>Herstellung:<\/b> Zu 100 % handgefertigt in Polen<\/li>\n<\/ul>\n<hr data-start=\"2200\" data-end=\"2203\" \/>\n<h3 data-start=\"2205\" data-end=\"2223\">Personalisierung<\/h3>\n<p data-path-to-node=\"23\">Lampa dost\u0119pna w wielu wariantach, aby idealnie dopasowa\u0107 si\u0119 do Twojego domu:<\/p>\n<ul data-path-to-node=\"24\">\n<li>\n<p data-path-to-node=\"24,0,0\">4 odcienie zielonego papieru (od \u015bwie\u017cej mi\u0119ty po g\u0142\u0119boki sosnowy las).<\/p>\n<\/li>\n<li>\n<p data-path-to-node=\"24,1,0\">3 wybarwienia drewna (sklejki). Wybierz zestawienie, kt\u00f3re najlepiej oddaje charakter Twojego wn\u0119trza.<\/p>\n<\/li>\n<\/ul>","protected":false},"excerpt":{"rendered":"<p data-path-to-node=\"5,1\">R\u0119cznie wykonana lampa Mori w stylu Japandi o\u017cywi Twoj\u0105 przestrze\u0144 pi\u0119knym, zielonym akcentem. A\u017curowa konstrukcja z drewna otula niezwyk\u0142y papier, filtruj\u0105c \u015bwiat\u0142o w mi\u0119kki, nastrojowy spos\u00f3b.<\/p>\n<ul data-path-to-node=\"5,2\">\n<li>\n<p data-path-to-node=\"5,2,0,0\"><b data-path-to-node=\"5,2,0,0\" data-index-in-node=\"0\">Materia\u0142:<\/b> Fi\u0144ska sklejka brzozowa + + Papier (100% Lokta lub 50% Bawe\u0142na)<\/p>\n<\/li>\n<li class=\"translation-block\"><b data-path-to-node=\"\u201e3,2,1,0\u201c\" data-index-in-node=\"\u201e2\u201c\">Superkraft:<\/b> Best\u00e4ndig gegen Ausbleichen durch Sonneneinstrahlung. Kann vorsichtig mit einem feuchten Tuch abgewischt werden.<\/li>\n<li>\n<p data-path-to-node=\"5,2,1,0\"><b data-path-to-node=\"5,2,1,0\" data-index-in-node=\"0\">\u015arednica:<\/b> 50 cm<\/p>\n<\/li>\n<li>\n<p data-path-to-node=\"5,2,2,0\" class=\"translation-block\"><b data-path-to-node=\"\u201e5,2,2,0\u201c\" data-index-in-node=\"\u201e0\u201c\">Im Lieferumfang enthalten:<\/b> Lampenschirm f\u00fcr H\u00e4ngeleuchte. Kabel mit Fassung separat erh\u00e4ltlich.<\/p>\n<\/li>\n<\/ul>","protected":false},"featured_media":2090,"comment_status":"open","ping_status":"closed","template":"","meta":{"_kadence_starter_templates_imported_post":false,"_kad_post_transparent":"default","_kad_post_title":"","_kad_post_layout":"default","_kad_post_sidebar_id":"","_kad_post_content_style":"default","_kad_post_vertical_padding":"default","_kad_post_feature":"","_kad_post_feature_position":"","_kad_post_header":false,"_kad_post_footer":false,"_kad_post_classname":""},"product_brand":[],"product_cat":[25],"product_tag":[37,33,32,34,36,30,28,49,35,29,27,31,48,47],"class_list":{"0":"post-2064","1":"product","2":"type-product","3":"status-publish","4":"has-post-thumbnail","6":"product_cat-lampy-wiszace","7":"product_tag-abazur-do-lampy-wiszacej","8":"product_tag-ekologiczny-design","9":"product_tag-lampa-boho","10":"product_tag-lampa-do-salonu","11":"product_tag-lampa-wiszaca","12":"product_tag-lampa-z-papieru","13":"product_tag-lampa-ze-sklejki","14":"product_tag-mietowa-lampa","15":"product_tag-nowoczesne-oswietlenie","16":"product_tag-oswietlenie-drewniane","17":"product_tag-styl-japandi","18":"product_tag-styl-skandynawski","19":"product_tag-szalwiowa-lampa","20":"product_tag-zielona-lampa-wiszaca","21":"product_shipping_class-tylko-kurier","23":"first","24":"instock","25":"taxable","26":"shipping-taxable","27":"purchasable","28":"product-type-variable","29":"entry","30":"content-bg","31":"loop-entry"},"yoast_head":"<!-- This site is optimized with the Yoast SEO plugin v27.5 - https:\/\/yoast.com\/product\/yoast-seo-wordpress\/ -->\n<title>Lampa Wisz\u0105ca Mori. Papier Lokta i brzozowa sklejka.<\/title>\n<meta name=\"description\" content=\"R\u0119cznie wykonana lampa Mori w stylu Japandi o\u017cywi Twoj\u0105 przestrze\u0144 pi\u0119knym, zielonym akcentem. A\u017curowa konstrukcja z drewna otula niezwykly papier.\" \/>\n<meta name=\"robots\" content=\"index, follow, max-snippet:-1, max-image-preview:large, max-video-preview:-1\" \/>\n<link rel=\"canonical\" href=\"https:\/\/smagawonderland.com\/de\/produkt\/lampa-wiszaca-mori-zielony-klosz-w-stylu-japandi\/\" \/>\n<meta property=\"og:locale\" content=\"de_DE\" \/>\n<meta property=\"og:type\" content=\"article\" \/>\n<meta property=\"og:title\" content=\"Lampa Wisz\u0105ca Mori. Papier Lokta i brzozowa sklejka.\" \/>\n<meta property=\"og:description\" content=\"R\u0119cznie wykonana lampa Mori w stylu Japandi o\u017cywi Twoj\u0105 przestrze\u0144 pi\u0119knym, zielonym akcentem. A\u017curowa konstrukcja z drewna otula niezwykly papier.\" \/>\n<meta property=\"og:url\" content=\"https:\/\/smagawonderland.com\/de\/produkt\/lampa-wiszaca-mori-zielony-klosz-w-stylu-japandi\/\" \/>\n<meta property=\"og:site_name\" content=\"\u015awiat\u0142o inspirowane natur\u0105\" \/>\n<meta property=\"article:modified_time\" content=\"2026-03-22T10:39:51+00:00\" \/>\n<meta property=\"og:image\" content=\"https:\/\/smagawonderland.com\/wp-content\/uploads\/2026\/02\/zielona-lampa-wiszaca-japandi-mietowy-papier-lokta-1.jpg\" \/>\n\t<meta property=\"og:image:width\" content=\"1245\" \/>\n\t<meta property=\"og:image:height\" content=\"1556\" \/>\n\t<meta property=\"og:image:type\" content=\"image\/jpeg\" \/>\n<meta name=\"twitter:card\" content=\"summary_large_image\" \/>\n<meta name=\"twitter:label1\" content=\"Gesch\u00e4tzte Lesezeit\" \/>\n\t<meta name=\"twitter:data1\" content=\"2\u00a0Minuten\" \/>\n<script type=\"application\/ld+json\" class=\"yoast-schema-graph\">{\"@context\":\"https:\\\/\\\/schema.org\",\"@graph\":[{\"@type\":\"WebPage\",\"@id\":\"https:\\\/\\\/smagawonderland.com\\\/produkt\\\/lampa-wiszaca-mori-zielony-klosz-w-stylu-japandi\\\/\",\"url\":\"https:\\\/\\\/smagawonderland.com\\\/produkt\\\/lampa-wiszaca-mori-zielony-klosz-w-stylu-japandi\\\/\",\"name\":\"Lampa Wisz\u0105ca Mori. Papier Lokta i brzozowa sklejka.\",\"isPartOf\":{\"@id\":\"https:\\\/\\\/smagawonderland.com\\\/#website\"},\"primaryImageOfPage\":{\"@id\":\"https:\\\/\\\/smagawonderland.com\\\/produkt\\\/lampa-wiszaca-mori-zielony-klosz-w-stylu-japandi\\\/#primaryimage\"},\"image\":{\"@id\":\"https:\\\/\\\/smagawonderland.com\\\/produkt\\\/lampa-wiszaca-mori-zielony-klosz-w-stylu-japandi\\\/#primaryimage\"},\"thumbnailUrl\":\"https:\\\/\\\/smagawonderland.com\\\/wp-content\\\/uploads\\\/2026\\\/02\\\/zielona-lampa-wiszaca-japandi-mietowy-papier-lokta-1.jpg\",\"datePublished\":\"2026-02-19T18:52:18+00:00\",\"dateModified\":\"2026-03-22T10:39:51+00:00\",\"description\":\"R\u0119cznie wykonana lampa Mori w stylu Japandi o\u017cywi Twoj\u0105 przestrze\u0144 pi\u0119knym, zielonym akcentem. A\u017curowa konstrukcja z drewna otula niezwykly papier.\",\"breadcrumb\":{\"@id\":\"https:\\\/\\\/smagawonderland.com\\\/produkt\\\/lampa-wiszaca-mori-zielony-klosz-w-stylu-japandi\\\/#breadcrumb\"},\"inLanguage\":\"de\",\"potentialAction\":[{\"@type\":\"ReadAction\",\"target\":[\"https:\\\/\\\/smagawonderland.com\\\/produkt\\\/lampa-wiszaca-mori-zielony-klosz-w-stylu-japandi\\\/\"]}]},{\"@type\":\"ImageObject\",\"inLanguage\":\"de\",\"@id\":\"https:\\\/\\\/smagawonderland.com\\\/produkt\\\/lampa-wiszaca-mori-zielony-klosz-w-stylu-japandi\\\/#primaryimage\",\"url\":\"https:\\\/\\\/smagawonderland.com\\\/wp-content\\\/uploads\\\/2026\\\/02\\\/zielona-lampa-wiszaca-japandi-mietowy-papier-lokta-1.jpg\",\"contentUrl\":\"https:\\\/\\\/smagawonderland.com\\\/wp-content\\\/uploads\\\/2026\\\/02\\\/zielona-lampa-wiszaca-japandi-mietowy-papier-lokta-1.jpg\",\"width\":1245,\"height\":1556,\"caption\":\"Zielona mi\u0119towa, lampa wisz\u0105ca w stylu Japandi. Klosz wykonany z ciemnego jasnego i zielonego, r\u0119cznie czerpanego papieru Lokta.\"},{\"@type\":\"BreadcrumbList\",\"@id\":\"https:\\\/\\\/smagawonderland.com\\\/produkt\\\/lampa-wiszaca-mori-zielony-klosz-w-stylu-japandi\\\/#breadcrumb\",\"itemListElement\":[{\"@type\":\"ListItem\",\"position\":1,\"name\":\"Strona g\u0142\u00f3wna\",\"item\":\"https:\\\/\\\/smagawonderland.com\\\/\"},{\"@type\":\"ListItem\",\"position\":2,\"name\":\"Sklep\",\"item\":\"https:\\\/\\\/smagawonderland.com\\\/sklep\\\/\"},{\"@type\":\"ListItem\",\"position\":3,\"name\":\"Lampa wisz\u0105ca Mori \u2013 Odcienie zieleni.\"}]},{\"@type\":\"WebSite\",\"@id\":\"https:\\\/\\\/smagawonderland.com\\\/#website\",\"url\":\"https:\\\/\\\/smagawonderland.com\\\/\",\"name\":\"\u015awiat\u0142o inspirowane natur\u0105\",\"description\":\"\",\"publisher\":{\"@id\":\"https:\\\/\\\/smagawonderland.com\\\/#organization\"},\"potentialAction\":[{\"@type\":\"SearchAction\",\"target\":{\"@type\":\"EntryPoint\",\"urlTemplate\":\"https:\\\/\\\/smagawonderland.com\\\/?s={search_term_string}\"},\"query-input\":{\"@type\":\"PropertyValueSpecification\",\"valueRequired\":true,\"valueName\":\"search_term_string\"}}],\"inLanguage\":\"de\"},{\"@type\":\"Organization\",\"@id\":\"https:\\\/\\\/smagawonderland.com\\\/#organization\",\"name\":\"\u015awiat\u0142o inspirowane natur\u0105\",\"url\":\"https:\\\/\\\/smagawonderland.com\\\/\",\"logo\":{\"@type\":\"ImageObject\",\"inLanguage\":\"de\",\"@id\":\"https:\\\/\\\/smagawonderland.com\\\/#\\\/schema\\\/logo\\\/image\\\/\",\"url\":\"https:\\\/\\\/smagawonderland.com\\\/wp-content\\\/uploads\\\/2026\\\/02\\\/smaga-white-logo.png\",\"contentUrl\":\"https:\\\/\\\/smagawonderland.com\\\/wp-content\\\/uploads\\\/2026\\\/02\\\/smaga-white-logo.png\",\"width\":1169,\"height\":324,\"caption\":\"\u015awiat\u0142o inspirowane natur\u0105\"},\"image\":{\"@id\":\"https:\\\/\\\/smagawonderland.com\\\/#\\\/schema\\\/logo\\\/image\\\/\"}}]}<\/script>\n<!-- \/ Yoast SEO plugin. -->","yoast_head_json":{"title":"Lampa Wisz\u0105ca Mori. Papier Lokta i brzozowa sklejka.","description":"R\u0119cznie wykonana lampa Mori w stylu Japandi o\u017cywi Twoj\u0105 przestrze\u0144 pi\u0119knym, zielonym akcentem. A\u017curowa konstrukcja z drewna otula niezwykly papier.","robots":{"index":"index","follow":"follow","max-snippet":"max-snippet:-1","max-image-preview":"max-image-preview:large","max-video-preview":"max-video-preview:-1"},"canonical":"https:\/\/smagawonderland.com\/de\/produkt\/lampa-wiszaca-mori-zielony-klosz-w-stylu-japandi\/","og_locale":"de_DE","og_type":"article","og_title":"Lampa Wisz\u0105ca Mori. Papier Lokta i brzozowa sklejka.","og_description":"R\u0119cznie wykonana lampa Mori w stylu Japandi o\u017cywi Twoj\u0105 przestrze\u0144 pi\u0119knym, zielonym akcentem. A\u017curowa konstrukcja z drewna otula niezwykly papier.","og_url":"https:\/\/smagawonderland.com\/de\/produkt\/lampa-wiszaca-mori-zielony-klosz-w-stylu-japandi\/","og_site_name":"\u015awiat\u0142o inspirowane natur\u0105","article_modified_time":"2026-03-22T10:39:51+00:00","og_image":[{"width":1245,"height":1556,"url":"https:\/\/smagawonderland.com\/wp-content\/uploads\/2026\/02\/zielona-lampa-wiszaca-japandi-mietowy-papier-lokta-1.jpg","type":"image\/jpeg"}],"twitter_card":"summary_large_image","twitter_misc":{"Gesch\u00e4tzte Lesezeit":"2\u00a0Minuten"},"schema":{"@context":"https:\/\/schema.org","@graph":[{"@type":"WebPage","@id":"https:\/\/smagawonderland.com\/produkt\/lampa-wiszaca-mori-zielony-klosz-w-stylu-japandi\/","url":"https:\/\/smagawonderland.com\/produkt\/lampa-wiszaca-mori-zielony-klosz-w-stylu-japandi\/","name":"Lampa Wisz\u0105ca Mori. Papier Lokta i brzozowa sklejka.","isPartOf":{"@id":"https:\/\/smagawonderland.com\/#website"},"primaryImageOfPage":{"@id":"https:\/\/smagawonderland.com\/produkt\/lampa-wiszaca-mori-zielony-klosz-w-stylu-japandi\/#primaryimage"},"image":{"@id":"https:\/\/smagawonderland.com\/produkt\/lampa-wiszaca-mori-zielony-klosz-w-stylu-japandi\/#primaryimage"},"thumbnailUrl":"https:\/\/smagawonderland.com\/wp-content\/uploads\/2026\/02\/zielona-lampa-wiszaca-japandi-mietowy-papier-lokta-1.jpg","datePublished":"2026-02-19T18:52:18+00:00","dateModified":"2026-03-22T10:39:51+00:00","description":"R\u0119cznie wykonana lampa Mori w stylu Japandi o\u017cywi Twoj\u0105 przestrze\u0144 pi\u0119knym, zielonym akcentem. A\u017curowa konstrukcja z drewna otula niezwykly papier.","breadcrumb":{"@id":"https:\/\/smagawonderland.com\/produkt\/lampa-wiszaca-mori-zielony-klosz-w-stylu-japandi\/#breadcrumb"},"inLanguage":"de","potentialAction":[{"@type":"ReadAction","target":["https:\/\/smagawonderland.com\/produkt\/lampa-wiszaca-mori-zielony-klosz-w-stylu-japandi\/"]}]},{"@type":"ImageObject","inLanguage":"de","@id":"https:\/\/smagawonderland.com\/produkt\/lampa-wiszaca-mori-zielony-klosz-w-stylu-japandi\/#primaryimage","url":"https:\/\/smagawonderland.com\/wp-content\/uploads\/2026\/02\/zielona-lampa-wiszaca-japandi-mietowy-papier-lokta-1.jpg","contentUrl":"https:\/\/smagawonderland.com\/wp-content\/uploads\/2026\/02\/zielona-lampa-wiszaca-japandi-mietowy-papier-lokta-1.jpg","width":1245,"height":1556,"caption":"Zielona mi\u0119towa, lampa wisz\u0105ca w stylu Japandi. Klosz wykonany z ciemnego jasnego i zielonego, r\u0119cznie czerpanego papieru Lokta."},{"@type":"BreadcrumbList","@id":"https:\/\/smagawonderland.com\/produkt\/lampa-wiszaca-mori-zielony-klosz-w-stylu-japandi\/#breadcrumb","itemListElement":[{"@type":"ListItem","position":1,"name":"Strona g\u0142\u00f3wna","item":"https:\/\/smagawonderland.com\/"},{"@type":"ListItem","position":2,"name":"Sklep","item":"https:\/\/smagawonderland.com\/sklep\/"},{"@type":"ListItem","position":3,"name":"Lampa wisz\u0105ca Mori \u2013 Odcienie zieleni."}]},{"@type":"WebSite","@id":"https:\/\/smagawonderland.com\/#website","url":"https:\/\/smagawonderland.com\/","name":"Von der Natur inspiriertes Licht","description":"","publisher":{"@id":"https:\/\/smagawonderland.com\/#organization"},"potentialAction":[{"@type":"SearchAction","target":{"@type":"EntryPoint","urlTemplate":"https:\/\/smagawonderland.com\/?s={search_term_string}"},"query-input":{"@type":"PropertyValueSpecification","valueRequired":true,"valueName":"search_term_string"}}],"inLanguage":"de"},{"@type":"Organization","@id":"https:\/\/smagawonderland.com\/#organization","name":"Von der Natur inspiriertes Licht","url":"https:\/\/smagawonderland.com\/","logo":{"@type":"ImageObject","inLanguage":"de","@id":"https:\/\/smagawonderland.com\/#\/schema\/logo\/image\/","url":"https:\/\/smagawonderland.com\/wp-content\/uploads\/2026\/02\/smaga-white-logo.png","contentUrl":"https:\/\/smagawonderland.com\/wp-content\/uploads\/2026\/02\/smaga-white-logo.png","width":1169,"height":324,"caption":"\u015awiat\u0142o inspirowane natur\u0105"},"image":{"@id":"https:\/\/smagawonderland.com\/#\/schema\/logo\/image\/"}}]}},"jetpack_sharing_enabled":true,"_links":{"self":[{"href":"https:\/\/smagawonderland.com\/de\/wp-json\/wp\/v2\/product\/2064","targetHints":{"allow":["GET"]}}],"collection":[{"href":"https:\/\/smagawonderland.com\/de\/wp-json\/wp\/v2\/product"}],"about":[{"href":"https:\/\/smagawonderland.com\/de\/wp-json\/wp\/v2\/types\/product"}],"replies":[{"embeddable":true,"href":"https:\/\/smagawonderland.com\/de\/wp-json\/wp\/v2\/comments?post=2064"}],"wp:featuredmedia":[{"embeddable":true,"href":"https:\/\/smagawonderland.com\/de\/wp-json\/wp\/v2\/media\/2090"}],"wp:attachment":[{"href":"https:\/\/smagawonderland.com\/de\/wp-json\/wp\/v2\/media?parent=2064"}],"wp:term":[{"taxonomy":"product_brand","embeddable":true,"href":"https:\/\/smagawonderland.com\/de\/wp-json\/wp\/v2\/product_brand?post=2064"},{"taxonomy":"product_cat","embeddable":true,"href":"https:\/\/smagawonderland.com\/de\/wp-json\/wp\/v2\/product_cat?post=2064"},{"taxonomy":"product_tag","embeddable":true,"href":"https:\/\/smagawonderland.com\/de\/wp-json\/wp\/v2\/product_tag?post=2064"}],"curies":[{"name":"wp","href":"https:\/\/api.w.org\/{rel}","templated":true}]}}