{"id":1525,"date":"2026-02-06T14:55:20","date_gmt":"2026-02-06T14:55:20","guid":{"rendered":"https:\/\/smagawonderland.com\/?post_type=product&#038;p=1525"},"modified":"2026-04-20T15:55:11","modified_gmt":"2026-04-20T15:55:11","slug":"lampa-wiszaca-hikari-naturalny","status":"publish","type":"product","link":"https:\/\/smagawonderland.com\/de\/produkt\/lampa-wiszaca-hikari-naturalny\/","title":{"rendered":"Hikari-H\u00e4ngeleuchte \u2013 Naturbeige."},"content":{"rendered":"<h2>Helle Japandi-H\u00e4ngelampe aus Holz und B\u00fcttenpapier<\/h2>\n<p data-path-to-node=\"9\">Klare Formen, nat\u00fcrliche Materialien und eine unglaubliche Leichtigkeit. Hikari verk\u00f6rpert den Japandi-Stil und den skandinavischen Minimalismus. Durch die Kombination aus hellem, nat\u00fcrlichem Birkensperrholz und cremefarbenem nepalesischem Lokta-Papier dringt das Licht sanft und beruhigend durch die Leuchte und schafft so eine Oase der Ruhe im Raum.<\/p>\n<p data-path-to-node=\"10\" class=\"translation-block\">Dank ihrer hellen Farbgebung l\u00e4sst die Leuchte den Raum optisch gr\u00f6\u00dfer wirken und verleiht ihm Frische. Sie eignet sich hervorragend als <b data-path-to-node=\"\u201e10\u201c\" data-index-in-node=\"\u201e123\u201c\">Hauptbeleuchtung in einem gem\u00fctlichen Schlafzimmer, \u00fcber einem hellen Eichentisch im Esszimmer oder in einem sonnigen Wohnzimmer<\/b>.<\/p>\n<hr data-start=\"1389\" data-end=\"1392\" \/>\n<h3 data-start=\"1394\" data-end=\"1417\">Nat\u00fcrliche Materialien in ihrer reinsten Form<\/h3>\n<ul>\n<li>\n<p data-path-to-node=\"12,0,0\">Zertifiziertes Birkensperrholz (FSC), mit h\u00f6chster Pr\u00e4zision zugeschnitten.<\/p>\n<\/li>\n<li>\n<p data-path-to-node=\"12,1,0\">Handgesch\u00f6pftes Lokta-Papier in einem nat\u00fcrlichen, cremefarbenen Ton, das das Licht der Gl\u00fchbirne wundersch\u00f6n filtert.<\/p>\n<\/li>\n<li>\n<p data-path-to-node=\"12,2,0\">Eine Verst\u00e4rkung aus italienischem Pergament, die die Haltbarkeit der filigranen Form \u00fcber Jahre hinweg gew\u00e4hrleistet.<\/p>\n<\/li>\n<\/ul>\n<hr data-start=\"1389\" data-end=\"1392\" \/>\n<h3 data-start=\"1571\" data-end=\"1609\">Warum ist Hikari die richtige Wahl f\u00fcr viele Jahre?<\/h3>\n<p data-path-to-node=\"11,0\">In einer Welt voller Plastik und k\u00fchler Oberfl\u00e4chen spendet die Lampe Hikari Trost. Entworfen im Sinne der Wabi-Sabi-Philosophie, zelebriert sie die Sch\u00f6nheit nat\u00fcrlicher Materialien und ihrer authentischen Strukturen. Sie ist ein Einrichtungselement, das den Raum auch dann erw\u00e4rmt, wenn die Lampe ausgeschaltet ist.<\/p>\n<p data-path-to-node=\"11,1\">Damit diese nat\u00fcrliche Sch\u00f6nheit Ihnen \u00fcber Jahre hinweg Freude bereitet, haben wir die Zartheit der Form mit au\u00dfergew\u00f6hnlicher Strapazierf\u00e4higkeit kombiniert. Das hier verwendete nepalesische Lokta-Papier und die dezente Verst\u00e4rkung mit italienischem Pergament sorgen daf\u00fcr, dass sich der Lampenschirm im Laufe der Zeit nicht verformt und \u00e4u\u00dferst widerstandsf\u00e4hig ist.<\/p>\n<hr data-start=\"1566\" data-end=\"1569\" \/>\n<h3 data-start=\"1394\" data-end=\"1417\">Technische Daten<\/h3>\n<ul>\n<li aria-level=\"1\" class=\"translation-block\"><b>Modell:<\/b> Hikari<\/li>\n<li aria-level=\"1\" class=\"translation-block\"><b>Ma\u00dfe:<\/b> \u00d8 50 cm x H 25 cm<\/li>\n<li aria-level=\"1\" class=\"translation-block\"><b>Material der Lampenschirm:<\/b> Lokta-Papier (Farbe: Natur, Creme) + Pergament<\/li>\n<li aria-level=\"1\" class=\"translation-block\"><b>Konstruktion:<\/b> Finnisches Sperrholz (FSC), lasergeschnitten<\/li>\n<li aria-level=\"1\" class=\"translation-block\"><b>Gewindetyp:<\/b> E27 (Standard)<\/li>\n<li aria-level=\"1\" class=\"translation-block\"><b>Lichtquelle:<\/b> LED-Gl\u00fchbirne E27, nicht im Lieferumfang enthalten.<\/li>\n<li aria-level=\"1\" class=\"translation-block\"><b>Maximale Leistung:<\/b> 10 W LED<\/li>\n<li aria-level=\"1\" class=\"translation-block\"><b>Lichtfarbe:<\/b> Abh\u00e4ngig von der Gl\u00fchbirne (der Lampenschirm verleiht dem Licht eine nat\u00fcrliche W\u00e4rme und sorgt im Raum f\u00fcr den beruhigenden \u201eGolden Hour\u201c-Effekt)<\/li>\n<li aria-level=\"1\" class=\"translation-block\"><b>Aufh\u00e4ngung:<\/b> Kabel mit Halterung separat erh\u00e4ltlich.<\/li>\n<li aria-level=\"1\" class=\"translation-block\"><b>Stil:<\/b> Japandi, Wabi-Sabi, Skandinavisch, Organic Modern<\/li>\n<li aria-level=\"1\" class=\"translation-block\"><b>Herstellung:<\/b> Zu 100 % handgefertigt in Polen<\/li>\n<\/ul>\n<hr data-start=\"2200\" data-end=\"2203\" \/>\n<h3 data-start=\"2205\" data-end=\"2223\">Personalisierung<\/h3>\n<p data-start=\"2225\" data-end=\"2242\">Die Lampe ist erh\u00e4ltlich in:<\/p>\n<ul data-start=\"2244\" data-end=\"2347\">\n<li data-start=\"2244\" data-end=\"2319\">3 Farbt\u00f6ne von Sperrholz<\/li>\n<\/ul>","protected":false},"excerpt":{"rendered":"<p>Bringen Sie reines Licht und nat\u00fcrliche Harmonie in Ihr Zuhause.<\/p>\n<p data-path-to-node=\"5,1\">Eine handgefertigte Lampe im Japandi-Stil, die dein Zuhause mit sanftem, diffusem Licht erf\u00fcllt.<\/p>\n<ul data-path-to-node=\"5,2\">\n<li>\n<p data-path-to-node=\"5,2,0,0\" class=\"translation-block\"><b data-path-to-node=\"\u201e5,2,0,0\u201c\" data-index-in-node=\"\u201e0\u201c\">Material:<\/b> Finnisches Birkensperrholz + nepalesisches\/italienisches Papier<\/p>\n<\/li>\n<li>\n<p data-path-to-node=\"5,2,1,0\"><b data-path-to-node=\"5,2,1,0\" data-index-in-node=\"0\">\u015arednica:<\/b> 50 cm<\/p>\n<\/li>\n<li>\n<p data-path-to-node=\"5,2,2,0\" class=\"translation-block\"><b data-path-to-node=\"\u201e5,2,2,0\u201c\" data-index-in-node=\"\u201e0\u201c\">Im Lieferumfang enthalten:<\/b> Lampenschirm f\u00fcr H\u00e4ngeleuchte. Kabel mit Fassung separat erh\u00e4ltlich.<\/p>\n<\/li>\n<\/ul>","protected":false},"featured_media":2057,"comment_status":"open","ping_status":"closed","template":"","meta":{"_kadence_starter_templates_imported_post":false,"_kad_post_transparent":"default","_kad_post_title":"","_kad_post_layout":"default","_kad_post_sidebar_id":"","_kad_post_content_style":"default","_kad_post_vertical_padding":"default","_kad_post_feature":"","_kad_post_feature_position":"","_kad_post_header":false,"_kad_post_footer":false,"_kad_post_classname":""},"product_brand":[],"product_cat":[25],"product_tag":[45,33,44,41,38,30,28,42,46,40,43,39],"class_list":{"0":"post-1525","1":"product","2":"type-product","3":"status-publish","4":"has-post-thumbnail","6":"product_cat-lampy-wiszace","7":"product_tag-azurowy-zyrandol","8":"product_tag-ekologiczny-design","9":"product_tag-lampa-do-salonu-boho","10":"product_tag-lampa-skandynawska","11":"product_tag-lampa-wiszaca-drewniana","12":"product_tag-lampa-z-papieru","13":"product_tag-lampa-ze-sklejki","14":"product_tag-niebieska-lampa","15":"product_tag-nowoczesne-oswietlenie-kuchni","16":"product_tag-oswietlenie-nad-stol","17":"product_tag-polskie-rekodzielo","18":"product_tag-styl-japandi-dodatki","19":"product_shipping_class-tylko-kurier","21":"first","22":"instock","23":"taxable","24":"shipping-taxable","25":"purchasable","26":"product-type-variable","27":"entry","28":"content-bg","29":"loop-entry"},"yoast_head":"<!-- This site is optimized with the Yoast SEO plugin v27.5 - https:\/\/yoast.com\/product\/yoast-seo-wordpress\/ -->\n<title>Lampa Wisz\u0105ca Japandi Hikari. Papier Lokta i Brzozowa sklejka.<\/title>\n<meta name=\"description\" content=\"R\u0119cznie robiona lampa wisz\u0105ca w stylu japandi z papieru czerpanego i fi\u0144skiej sklejki. O\u015bwietlenie nad st\u00f3\u0142 lub wysp\u0119 kuchenn\u0105w minimalistycznym stylu.\" \/>\n<meta name=\"robots\" content=\"index, follow, max-snippet:-1, max-image-preview:large, max-video-preview:-1\" \/>\n<link rel=\"canonical\" href=\"https:\/\/smagawonderland.com\/de\/produkt\/lampa-wiszaca-hikari-naturalny\/\" \/>\n<meta property=\"og:locale\" content=\"de_DE\" \/>\n<meta property=\"og:type\" content=\"article\" \/>\n<meta property=\"og:title\" content=\"Lampa Wisz\u0105ca Japandi Hikari. Papier Lokta i Brzozowa sklejka.\" \/>\n<meta property=\"og:description\" content=\"R\u0119cznie robiona lampa wisz\u0105ca w stylu japandi z papieru czerpanego i fi\u0144skiej sklejki. O\u015bwietlenie nad st\u00f3\u0142 lub wysp\u0119 kuchenn\u0105w minimalistycznym stylu.\" \/>\n<meta property=\"og:url\" content=\"https:\/\/smagawonderland.com\/de\/produkt\/lampa-wiszaca-hikari-naturalny\/\" \/>\n<meta property=\"og:site_name\" content=\"\u015awiat\u0142o inspirowane natur\u0105\" \/>\n<meta property=\"article:modified_time\" content=\"2026-04-20T15:55:11+00:00\" \/>\n<meta property=\"og:image\" content=\"https:\/\/smagawonderland.com\/wp-content\/uploads\/2026\/02\/biala-lampa-sufitowa-w-styly-japonskim-smaga-wonderland.jpg\" \/>\n\t<meta property=\"og:image:width\" content=\"1600\" \/>\n\t<meta property=\"og:image:height\" content=\"2000\" \/>\n\t<meta property=\"og:image:type\" content=\"image\/jpeg\" \/>\n<meta name=\"twitter:card\" content=\"summary_large_image\" \/>\n<meta name=\"twitter:label1\" content=\"Gesch\u00e4tzte Lesezeit\" \/>\n\t<meta name=\"twitter:data1\" content=\"2\u00a0Minuten\" \/>\n<script type=\"application\/ld+json\" class=\"yoast-schema-graph\">{\"@context\":\"https:\\\/\\\/schema.org\",\"@graph\":[{\"@type\":\"WebPage\",\"@id\":\"https:\\\/\\\/smagawonderland.com\\\/produkt\\\/lampa-wiszaca-hikari-naturalny\\\/\",\"url\":\"https:\\\/\\\/smagawonderland.com\\\/produkt\\\/lampa-wiszaca-hikari-naturalny\\\/\",\"name\":\"Lampa Wisz\u0105ca Japandi Hikari. Papier Lokta i Brzozowa sklejka.\",\"isPartOf\":{\"@id\":\"https:\\\/\\\/smagawonderland.com\\\/#website\"},\"primaryImageOfPage\":{\"@id\":\"https:\\\/\\\/smagawonderland.com\\\/produkt\\\/lampa-wiszaca-hikari-naturalny\\\/#primaryimage\"},\"image\":{\"@id\":\"https:\\\/\\\/smagawonderland.com\\\/produkt\\\/lampa-wiszaca-hikari-naturalny\\\/#primaryimage\"},\"thumbnailUrl\":\"https:\\\/\\\/smagawonderland.com\\\/wp-content\\\/uploads\\\/2026\\\/02\\\/biala-lampa-sufitowa-w-styly-japonskim-smaga-wonderland.jpg\",\"datePublished\":\"2026-02-06T14:55:20+00:00\",\"dateModified\":\"2026-04-20T15:55:11+00:00\",\"description\":\"R\u0119cznie robiona lampa wisz\u0105ca w stylu japandi z papieru czerpanego i fi\u0144skiej sklejki. O\u015bwietlenie nad st\u00f3\u0142 lub wysp\u0119 kuchenn\u0105w minimalistycznym stylu.\",\"breadcrumb\":{\"@id\":\"https:\\\/\\\/smagawonderland.com\\\/produkt\\\/lampa-wiszaca-hikari-naturalny\\\/#breadcrumb\"},\"inLanguage\":\"de\",\"potentialAction\":[{\"@type\":\"ReadAction\",\"target\":[\"https:\\\/\\\/smagawonderland.com\\\/produkt\\\/lampa-wiszaca-hikari-naturalny\\\/\"]}]},{\"@type\":\"ImageObject\",\"inLanguage\":\"de\",\"@id\":\"https:\\\/\\\/smagawonderland.com\\\/produkt\\\/lampa-wiszaca-hikari-naturalny\\\/#primaryimage\",\"url\":\"https:\\\/\\\/smagawonderland.com\\\/wp-content\\\/uploads\\\/2026\\\/02\\\/biala-lampa-sufitowa-w-styly-japonskim-smaga-wonderland.jpg\",\"contentUrl\":\"https:\\\/\\\/smagawonderland.com\\\/wp-content\\\/uploads\\\/2026\\\/02\\\/biala-lampa-sufitowa-w-styly-japonskim-smaga-wonderland.jpg\",\"width\":1600,\"height\":2000,\"caption\":\"Lampa wisz\u0105ca w stylu Japandi wykonana z jasnej sklejki i kremowego papieru artystycznego\"},{\"@type\":\"BreadcrumbList\",\"@id\":\"https:\\\/\\\/smagawonderland.com\\\/produkt\\\/lampa-wiszaca-hikari-naturalny\\\/#breadcrumb\",\"itemListElement\":[{\"@type\":\"ListItem\",\"position\":1,\"name\":\"Strona g\u0142\u00f3wna\",\"item\":\"https:\\\/\\\/smagawonderland.com\\\/\"},{\"@type\":\"ListItem\",\"position\":2,\"name\":\"Sklep\",\"item\":\"https:\\\/\\\/smagawonderland.com\\\/sklep\\\/\"},{\"@type\":\"ListItem\",\"position\":3,\"name\":\"Lampa wisz\u0105ca Hikari &#8211; naturalny be\u017c.\"}]},{\"@type\":\"WebSite\",\"@id\":\"https:\\\/\\\/smagawonderland.com\\\/#website\",\"url\":\"https:\\\/\\\/smagawonderland.com\\\/\",\"name\":\"\u015awiat\u0142o inspirowane natur\u0105\",\"description\":\"\",\"publisher\":{\"@id\":\"https:\\\/\\\/smagawonderland.com\\\/#organization\"},\"potentialAction\":[{\"@type\":\"SearchAction\",\"target\":{\"@type\":\"EntryPoint\",\"urlTemplate\":\"https:\\\/\\\/smagawonderland.com\\\/?s={search_term_string}\"},\"query-input\":{\"@type\":\"PropertyValueSpecification\",\"valueRequired\":true,\"valueName\":\"search_term_string\"}}],\"inLanguage\":\"de\"},{\"@type\":\"Organization\",\"@id\":\"https:\\\/\\\/smagawonderland.com\\\/#organization\",\"name\":\"\u015awiat\u0142o inspirowane natur\u0105\",\"url\":\"https:\\\/\\\/smagawonderland.com\\\/\",\"logo\":{\"@type\":\"ImageObject\",\"inLanguage\":\"de\",\"@id\":\"https:\\\/\\\/smagawonderland.com\\\/#\\\/schema\\\/logo\\\/image\\\/\",\"url\":\"https:\\\/\\\/smagawonderland.com\\\/wp-content\\\/uploads\\\/2026\\\/02\\\/smaga-white-logo.png\",\"contentUrl\":\"https:\\\/\\\/smagawonderland.com\\\/wp-content\\\/uploads\\\/2026\\\/02\\\/smaga-white-logo.png\",\"width\":1169,\"height\":324,\"caption\":\"\u015awiat\u0142o inspirowane natur\u0105\"},\"image\":{\"@id\":\"https:\\\/\\\/smagawonderland.com\\\/#\\\/schema\\\/logo\\\/image\\\/\"}}]}<\/script>\n<!-- \/ Yoast SEO plugin. -->","yoast_head_json":{"title":"Lampa Wisz\u0105ca Japandi Hikari. Papier Lokta i Brzozowa sklejka.","description":"R\u0119cznie robiona lampa wisz\u0105ca w stylu japandi z papieru czerpanego i fi\u0144skiej sklejki. O\u015bwietlenie nad st\u00f3\u0142 lub wysp\u0119 kuchenn\u0105w minimalistycznym stylu.","robots":{"index":"index","follow":"follow","max-snippet":"max-snippet:-1","max-image-preview":"max-image-preview:large","max-video-preview":"max-video-preview:-1"},"canonical":"https:\/\/smagawonderland.com\/de\/produkt\/lampa-wiszaca-hikari-naturalny\/","og_locale":"de_DE","og_type":"article","og_title":"Lampa Wisz\u0105ca Japandi Hikari. Papier Lokta i Brzozowa sklejka.","og_description":"R\u0119cznie robiona lampa wisz\u0105ca w stylu japandi z papieru czerpanego i fi\u0144skiej sklejki. O\u015bwietlenie nad st\u00f3\u0142 lub wysp\u0119 kuchenn\u0105w minimalistycznym stylu.","og_url":"https:\/\/smagawonderland.com\/de\/produkt\/lampa-wiszaca-hikari-naturalny\/","og_site_name":"\u015awiat\u0142o inspirowane natur\u0105","article_modified_time":"2026-04-20T15:55:11+00:00","og_image":[{"width":1600,"height":2000,"url":"https:\/\/smagawonderland.com\/wp-content\/uploads\/2026\/02\/biala-lampa-sufitowa-w-styly-japonskim-smaga-wonderland.jpg","type":"image\/jpeg"}],"twitter_card":"summary_large_image","twitter_misc":{"Gesch\u00e4tzte Lesezeit":"2\u00a0Minuten"},"schema":{"@context":"https:\/\/schema.org","@graph":[{"@type":"WebPage","@id":"https:\/\/smagawonderland.com\/produkt\/lampa-wiszaca-hikari-naturalny\/","url":"https:\/\/smagawonderland.com\/produkt\/lampa-wiszaca-hikari-naturalny\/","name":"Lampa Wisz\u0105ca Japandi Hikari. Papier Lokta i Brzozowa sklejka.","isPartOf":{"@id":"https:\/\/smagawonderland.com\/#website"},"primaryImageOfPage":{"@id":"https:\/\/smagawonderland.com\/produkt\/lampa-wiszaca-hikari-naturalny\/#primaryimage"},"image":{"@id":"https:\/\/smagawonderland.com\/produkt\/lampa-wiszaca-hikari-naturalny\/#primaryimage"},"thumbnailUrl":"https:\/\/smagawonderland.com\/wp-content\/uploads\/2026\/02\/biala-lampa-sufitowa-w-styly-japonskim-smaga-wonderland.jpg","datePublished":"2026-02-06T14:55:20+00:00","dateModified":"2026-04-20T15:55:11+00:00","description":"R\u0119cznie robiona lampa wisz\u0105ca w stylu japandi z papieru czerpanego i fi\u0144skiej sklejki. O\u015bwietlenie nad st\u00f3\u0142 lub wysp\u0119 kuchenn\u0105w minimalistycznym stylu.","breadcrumb":{"@id":"https:\/\/smagawonderland.com\/produkt\/lampa-wiszaca-hikari-naturalny\/#breadcrumb"},"inLanguage":"de","potentialAction":[{"@type":"ReadAction","target":["https:\/\/smagawonderland.com\/produkt\/lampa-wiszaca-hikari-naturalny\/"]}]},{"@type":"ImageObject","inLanguage":"de","@id":"https:\/\/smagawonderland.com\/produkt\/lampa-wiszaca-hikari-naturalny\/#primaryimage","url":"https:\/\/smagawonderland.com\/wp-content\/uploads\/2026\/02\/biala-lampa-sufitowa-w-styly-japonskim-smaga-wonderland.jpg","contentUrl":"https:\/\/smagawonderland.com\/wp-content\/uploads\/2026\/02\/biala-lampa-sufitowa-w-styly-japonskim-smaga-wonderland.jpg","width":1600,"height":2000,"caption":"Lampa wisz\u0105ca w stylu Japandi wykonana z jasnej sklejki i kremowego papieru artystycznego"},{"@type":"BreadcrumbList","@id":"https:\/\/smagawonderland.com\/produkt\/lampa-wiszaca-hikari-naturalny\/#breadcrumb","itemListElement":[{"@type":"ListItem","position":1,"name":"Strona g\u0142\u00f3wna","item":"https:\/\/smagawonderland.com\/"},{"@type":"ListItem","position":2,"name":"Sklep","item":"https:\/\/smagawonderland.com\/sklep\/"},{"@type":"ListItem","position":3,"name":"Lampa wisz\u0105ca Hikari &#8211; naturalny be\u017c."}]},{"@type":"WebSite","@id":"https:\/\/smagawonderland.com\/#website","url":"https:\/\/smagawonderland.com\/","name":"Von der Natur inspiriertes Licht","description":"","publisher":{"@id":"https:\/\/smagawonderland.com\/#organization"},"potentialAction":[{"@type":"SearchAction","target":{"@type":"EntryPoint","urlTemplate":"https:\/\/smagawonderland.com\/?s={search_term_string}"},"query-input":{"@type":"PropertyValueSpecification","valueRequired":true,"valueName":"search_term_string"}}],"inLanguage":"de"},{"@type":"Organization","@id":"https:\/\/smagawonderland.com\/#organization","name":"Von der Natur inspiriertes Licht","url":"https:\/\/smagawonderland.com\/","logo":{"@type":"ImageObject","inLanguage":"de","@id":"https:\/\/smagawonderland.com\/#\/schema\/logo\/image\/","url":"https:\/\/smagawonderland.com\/wp-content\/uploads\/2026\/02\/smaga-white-logo.png","contentUrl":"https:\/\/smagawonderland.com\/wp-content\/uploads\/2026\/02\/smaga-white-logo.png","width":1169,"height":324,"caption":"\u015awiat\u0142o inspirowane natur\u0105"},"image":{"@id":"https:\/\/smagawonderland.com\/#\/schema\/logo\/image\/"}}]}},"jetpack_sharing_enabled":true,"_links":{"self":[{"href":"https:\/\/smagawonderland.com\/de\/wp-json\/wp\/v2\/product\/1525","targetHints":{"allow":["GET"]}}],"collection":[{"href":"https:\/\/smagawonderland.com\/de\/wp-json\/wp\/v2\/product"}],"about":[{"href":"https:\/\/smagawonderland.com\/de\/wp-json\/wp\/v2\/types\/product"}],"replies":[{"embeddable":true,"href":"https:\/\/smagawonderland.com\/de\/wp-json\/wp\/v2\/comments?post=1525"}],"wp:featuredmedia":[{"embeddable":true,"href":"https:\/\/smagawonderland.com\/de\/wp-json\/wp\/v2\/media\/2057"}],"wp:attachment":[{"href":"https:\/\/smagawonderland.com\/de\/wp-json\/wp\/v2\/media?parent=1525"}],"wp:term":[{"taxonomy":"product_brand","embeddable":true,"href":"https:\/\/smagawonderland.com\/de\/wp-json\/wp\/v2\/product_brand?post=1525"},{"taxonomy":"product_cat","embeddable":true,"href":"https:\/\/smagawonderland.com\/de\/wp-json\/wp\/v2\/product_cat?post=1525"},{"taxonomy":"product_tag","embeddable":true,"href":"https:\/\/smagawonderland.com\/de\/wp-json\/wp\/v2\/product_tag?post=1525"}],"curies":[{"name":"wp","href":"https:\/\/api.w.org\/{rel}","templated":true}]}}